{"id":1912,"date":"2022-10-05T20:00:24","date_gmt":"2022-10-05T20:00:24","guid":{"rendered":"http:\/\/ets.kbfi.ee\/?page_id=1912"},"modified":"2025-06-16T08:58:00","modified_gmt":"2025-06-16T08:58:00","slug":"astun-liikmeks","status":"publish","type":"page","link":"http:\/\/ets.kbfi.ee\/en\/astun-liikmeks\/","title":{"rendered":"Become a Member"},"content":{"rendered":"<div data-elementor-type=\"wp-page\" data-elementor-id=\"1912\" class=\"elementor elementor-1912\">\n\t\t\t\t\t\t<div class=\"elementor-inner\">\n\t\t\t\t<div class=\"elementor-section-wrap\">\n\t\t\t\t\t\t\t\t\t<section class=\"elementor-section elementor-top-section elementor-element elementor-element-34fdc10e elementor-section-full_width elementor-section-content-top elementor-section-height-default elementor-section-height-default\" data-id=\"34fdc10e\" data-element_type=\"section\" data-settings=\"{&quot;background_background&quot;:&quot;classic&quot;}\">\n\t\t\t\t\t\t<div class=\"elementor-container elementor-column-gap-no\">\n\t\t\t\t\t\t\t<div class=\"elementor-row\">\n\t\t\t\t\t<div class=\"elementor-column elementor-col-50 elementor-top-column elementor-element elementor-element-3fced698 elementor-hidden-tablet elementor-hidden-phone\" data-id=\"3fced698\" data-element_type=\"column\">\n\t\t\t<div class=\"elementor-column-wrap elementor-element-populated\">\n\t\t\t\t\t\t\t<div class=\"elementor-widget-wrap\">\n\t\t\t\t\t\t<div class=\"elementor-element elementor-element-449b21fd elementor-hidden-tablet elementor-hidden-phone elementor-widget elementor-widget-wp-widget-nav_menu\" data-id=\"449b21fd\" data-element_type=\"widget\" data-widget_type=\"wp-widget-nav_menu.default\">\n\t\t\t\t<div class=\"elementor-widget-container\">\n\t\t\t<div class=\"menu-menuu-container\"><ul id=\"menu-menuu\" class=\"menu\"><li id=\"menu-item-1158\" class=\"menu-item menu-item-type-custom menu-item-object-custom menu-item-1158\"><a href=\"http:\/\/ets.kbfi.ee\">News<\/a><\/li>\n<li id=\"menu-item-1936\" class=\"menu-item menu-item-type-post_type menu-item-object-page menu-item-1936\"><a href=\"http:\/\/ets.kbfi.ee\/en\/tegevus\/\">Activity<\/a><\/li>\n<li id=\"menu-item-388\" class=\"menu-item menu-item-type-post_type menu-item-object-page menu-item-388\"><a href=\"http:\/\/ets.kbfi.ee\/en\/ajalugu\/\">History<\/a><\/li>\n<li id=\"menu-item-395\" class=\"menu-item menu-item-type-post_type menu-item-object-page menu-item-395\"><a href=\"http:\/\/ets.kbfi.ee\/en\/pohikiri\/\">Statute<\/a><\/li>\n<li id=\"menu-item-391\" class=\"menu-item menu-item-type-post_type menu-item-object-page menu-item-391\"><a href=\"http:\/\/ets.kbfi.ee\/en\/liikmed\/\">Members<\/a><\/li>\n<li id=\"menu-item-389\" class=\"menu-item menu-item-type-post_type menu-item-object-page menu-item-389\"><a href=\"http:\/\/ets.kbfi.ee\/en\/juhatus\/\">Board<\/a><\/li>\n<li id=\"menu-item-1923\" class=\"menu-item menu-item-type-post_type menu-item-object-page menu-item-1923\"><a href=\"http:\/\/ets.kbfi.ee\/en\/astun-liikmeks\/\">Become a Member<\/a><\/li>\n<li id=\"menu-item-394\" class=\"menu-item menu-item-type-post_type menu-item-object-page menu-item-394\"><a href=\"http:\/\/ets.kbfi.ee\/en\/marksonad\/\">Keywords<\/a><\/li>\n<li id=\"menu-item-2199\" class=\"menu-item menu-item-type-post_type menu-item-object-page menu-item-2199\"><a href=\"http:\/\/ets.kbfi.ee\/en\/infokirjad\/\">Newsletters<\/a><\/li>\n<li id=\"menu-item-2358\" class=\"menu-item menu-item-type-post_type menu-item-object-page menu-item-2358\"><a href=\"http:\/\/ets.kbfi.ee\/en\/eesti-teaduste-akadeemia-liige\/\">Member of Estonian Academy of Sciences<\/a><\/li>\n<li id=\"menu-item-1039\" class=\"menu-item menu-item-type-custom menu-item-object-custom menu-item-1039\"><a href=\"#colophon\">Contact<\/a><\/li>\n<li id=\"menu-item-2717\" class=\"menu-item menu-item-type-post_type menu-item-object-page menu-item-2717\"><a href=\"http:\/\/ets.kbfi.ee\/en\/oppematerjal-keskkonnatoksikoloogia-alused\/\">\u00d5ppematerjal Keskkonnatoksikoloogia alused<\/a><\/li>\n<\/ul><\/div>\t\t<\/div>\n\t\t\t\t<\/div>\n\t\t\t\t<div class=\"elementor-element elementor-element-2222e854 elementor-widget-divider--view-line elementor-widget elementor-widget-divider\" data-id=\"2222e854\" data-element_type=\"widget\" data-widget_type=\"divider.default\">\n\t\t\t\t<div class=\"elementor-widget-container\">\n\t\t\t\t\t<div class=\"elementor-divider\">\n\t\t\t<span class=\"elementor-divider-separator\">\n\t\t\t\t\t\t<\/span>\n\t\t<\/div>\n\t\t\t\t<\/div>\n\t\t\t\t<\/div>\n\t\t\t\t<div class=\"elementor-element elementor-element-49f844a1 elementor-widget elementor-widget-text-editor\" data-id=\"49f844a1\" data-element_type=\"widget\" data-widget_type=\"text-editor.default\">\n\t\t\t\t<div class=\"elementor-widget-container\">\n\t\t\t<style>.elementor-element-49f844a1{display:none !important}<\/style>\t\t<\/div>\n\t\t\t\t<\/div>\n\t\t\t\t<div class=\"elementor-element elementor-element-4e1a2e09 elementor-widget elementor-widget-text-editor\" data-id=\"4e1a2e09\" data-element_type=\"widget\" data-widget_type=\"text-editor.default\">\n\t\t\t\t<div class=\"elementor-widget-container\">\n\t\t\t<style>.elementor-element-4e1a2e09{display:none !important}<\/style>\t\t<\/div>\n\t\t\t\t<\/div>\n\t\t\t\t<div class=\"elementor-element elementor-element-4a9aa3e4 elementor-widget elementor-widget-text-editor\" data-id=\"4a9aa3e4\" data-element_type=\"widget\" data-widget_type=\"text-editor.default\">\n\t\t\t\t<div class=\"elementor-widget-container\">\n\t\t\t<style>.elementor-element-4a9aa3e4{display:none !important}<\/style>\t\t<\/div>\n\t\t\t\t<\/div>\n\t\t\t\t\t\t<\/div>\n\t\t\t\t\t<\/div>\n\t\t<\/div>\n\t\t\t\t<div class=\"elementor-column elementor-col-50 elementor-top-column elementor-element elementor-element-344825c4\" data-id=\"344825c4\" data-element_type=\"column\">\n\t\t\t<div class=\"elementor-column-wrap elementor-element-populated\">\n\t\t\t\t\t\t\t<div class=\"elementor-widget-wrap\">\n\t\t\t\t\t\t<section class=\"elementor-section elementor-inner-section elementor-element elementor-element-3b5cc321 elementor-section-full_width elementor-section-content-top elementor-section-height-default elementor-section-height-default\" data-id=\"3b5cc321\" data-element_type=\"section\">\n\t\t\t\t\t\t<div class=\"elementor-container elementor-column-gap-wide\">\n\t\t\t\t\t\t\t<div class=\"elementor-row\">\n\t\t\t\t\t<div class=\"elementor-column elementor-col-100 elementor-inner-column elementor-element elementor-element-5162ecec\" data-id=\"5162ecec\" data-element_type=\"column\">\n\t\t\t<div class=\"elementor-column-wrap elementor-element-populated\">\n\t\t\t\t\t\t\t<div class=\"elementor-widget-wrap\">\n\t\t\t\t\t\t<div class=\"elementor-element elementor-element-11eb62b4 elementor-widget elementor-widget-heading\" data-id=\"11eb62b4\" data-element_type=\"widget\" data-widget_type=\"heading.default\">\n\t\t\t\t<div class=\"elementor-widget-container\">\n\t\t\t<h3 class=\"elementor-heading-title elementor-size-default\">Become a Member<\/h3>\t\t<\/div>\n\t\t\t\t<\/div>\n\t\t\t\t<div class=\"elementor-element elementor-element-3c8460c4 elementor-widget__width-initial elementor-widget elementor-widget-text-editor\" data-id=\"3c8460c4\" data-element_type=\"widget\" data-widget_type=\"text-editor.default\">\n\t\t\t\t<div class=\"elementor-widget-container\">\n\t\t\t\t\t\t\t\t<div class=\"elementor-text-editor elementor-clearfix\">\n\t\t\t\t<p>As a member of Estonian Society of Toxicology, you will be part of the community of\ntoxicologists in Estonia. You will receive information on, for example, courses,\nseminars, symposiums and job advertisements. Members can participate in <a href=\"https:\/\/www.eurotox.com\/annual-congress-awards\/\" target=\"_blank\" rel=\"noopener\">EUROTOX<\/a> conferences for a reduced price and a small fee is asked for participation\nin EST meetings and seminars. Members are also welcome to actively participate in\nSociety\u00b4s activities and suggest the topics for Society\u00b4s annual meetings.<\/p><p>The Estonian Society of Toxicology welcomes everyone who has an interest in toxicology or who is active in this field themselves and who would like to actively participate in the Society's activities.<\/p><p>The entrance fee of the Estonian Society of Toxicology is 15 EUR (8 EUR for students and pensioners) and 15 EUR for the annual fee (8 EUR for students and pensioners).<\/p><p>For admission, please fill out the <a href=\"https:\/\/ets.kbfi.ee\/avald_liikmeks_ast_ets\/\"><span style=\"text-decoration: underline;\">form<\/span><\/a> and send it to the address <a href=\"mailto:ets@kbfi.ee\"><span style=\"text-decoration: underline;\">ets@kbfi.ee<\/span><\/a>\u00a0or send to the postal address Akadeemia tee 23, 12618 Tallinn, marking the recipient as Estonian Society of Toxicology. The entrance fee and annual fee can be transferred to the account of the Estonian Society of Toxicology in Swedbank (IBAN) EE422200221010663766.<\/p>\t\t\t\t\t<\/div>\n\t\t\t\t\t\t<\/div>\n\t\t\t\t<\/div>\n\t\t\t\t\t\t<\/div>\n\t\t\t\t\t<\/div>\n\t\t<\/div>\n\t\t\t\t\t\t\t\t<\/div>\n\t\t\t\t\t<\/div>\n\t\t<\/section>\n\t\t\t\t\t\t<\/div>\n\t\t\t\t\t<\/div>\n\t\t<\/div>\n\t\t\t\t\t\t\t\t<\/div>\n\t\t\t\t\t<\/div>\n\t\t<\/section>\n\t\t\t\t\t\t\t\t\t<\/div>\n\t\t\t<\/div>\n\t\t\t\t\t<\/div>","protected":false},"excerpt":{"rendered":"<p>Mis on toksikoloogia? Toksilistest ainetest ajakirjanduses \u00d5ppematerjal Keskkonna-toksikoloogia alused Astun liikmeks Eesti Toksikoloogia Seltsi liikmena saad olla osa toksikoloogide kogukonnast Eestis. Liikmetega jagame valdkondlikku informatsiooni kursuste, seminaride ja t\u00f6\u00f6v\u00f5imaluste kohta. Selts pakub liikmetele madalama tasuga osalemist EUROTOX konverentsidel ning v\u00e4ikese tasu eest osalemist seltsi \u00fcritustel. Liikmetel on v\u00f5imalus aktiivselt seltsi tegevuses kaasa l\u00fc\u00fca! Eesti Toksikoloogia &hellip;<\/p>\n<p class=\"read-more\"> <a class=\"\" href=\"http:\/\/ets.kbfi.ee\/en\/astun-liikmeks\/\"> <span class=\"screen-reader-text\">Become a Member<\/span> Read More &raquo;<\/a><\/p>","protected":false},"author":3,"featured_media":0,"parent":0,"menu_order":0,"comment_status":"closed","ping_status":"closed","template":"","meta":[],"_links":{"self":[{"href":"http:\/\/ets.kbfi.ee\/en\/wp-json\/wp\/v2\/pages\/1912"}],"collection":[{"href":"http:\/\/ets.kbfi.ee\/en\/wp-json\/wp\/v2\/pages"}],"about":[{"href":"http:\/\/ets.kbfi.ee\/en\/wp-json\/wp\/v2\/types\/page"}],"author":[{"embeddable":true,"href":"http:\/\/ets.kbfi.ee\/en\/wp-json\/wp\/v2\/users\/3"}],"replies":[{"embeddable":true,"href":"http:\/\/ets.kbfi.ee\/en\/wp-json\/wp\/v2\/comments?post=1912"}],"version-history":[{"count":5,"href":"http:\/\/ets.kbfi.ee\/en\/wp-json\/wp\/v2\/pages\/1912\/revisions"}],"predecessor-version":[{"id":2689,"href":"http:\/\/ets.kbfi.ee\/en\/wp-json\/wp\/v2\/pages\/1912\/revisions\/2689"}],"wp:attachment":[{"href":"http:\/\/ets.kbfi.ee\/en\/wp-json\/wp\/v2\/media?parent=1912"}],"curies":[{"name":"wp","href":"https:\/\/api.w.org\/{rel}","templated":true}]}}