{"id":369,"date":"2020-01-27T08:24:51","date_gmt":"2020-01-27T08:24:51","guid":{"rendered":"http:\/\/ets.konnaelu.ee\/?page_id=369"},"modified":"2026-03-23T08:33:55","modified_gmt":"2026-03-23T08:33:55","slug":"liikmed","status":"publish","type":"page","link":"http:\/\/ets.kbfi.ee\/en\/liikmed\/","title":{"rendered":"Members"},"content":{"rendered":"<div data-elementor-type=\"wp-page\" data-elementor-id=\"369\" class=\"elementor elementor-369\">\n\t\t\t\t\t\t<div class=\"elementor-inner\">\n\t\t\t\t<div class=\"elementor-section-wrap\">\n\t\t\t\t\t\t\t\t\t<section class=\"elementor-section elementor-top-section elementor-element elementor-element-655937e8 elementor-section-full_width elementor-section-content-top elementor-section-height-default elementor-section-height-default\" data-id=\"655937e8\" data-element_type=\"section\" data-settings=\"{&quot;background_background&quot;:&quot;classic&quot;}\">\n\t\t\t\t\t\t<div class=\"elementor-container elementor-column-gap-no\">\n\t\t\t\t\t\t\t<div class=\"elementor-row\">\n\t\t\t\t\t<div class=\"elementor-column elementor-col-50 elementor-top-column elementor-element elementor-element-fb7d6f4 elementor-hidden-tablet elementor-hidden-phone\" data-id=\"fb7d6f4\" data-element_type=\"column\">\n\t\t\t<div class=\"elementor-column-wrap elementor-element-populated\">\n\t\t\t\t\t\t\t<div class=\"elementor-widget-wrap\">\n\t\t\t\t\t\t<div class=\"elementor-element elementor-element-ca4f4a1 elementor-hidden-tablet elementor-hidden-phone elementor-widget elementor-widget-wp-widget-nav_menu\" data-id=\"ca4f4a1\" data-element_type=\"widget\" data-widget_type=\"wp-widget-nav_menu.default\">\n\t\t\t\t<div class=\"elementor-widget-container\">\n\t\t\t<div class=\"menu-menuu-container\"><ul id=\"menu-menuu\" class=\"menu\"><li id=\"menu-item-1158\" class=\"menu-item menu-item-type-custom menu-item-object-custom menu-item-1158\"><a href=\"http:\/\/ets.kbfi.ee\">News<\/a><\/li>\n<li id=\"menu-item-1936\" class=\"menu-item menu-item-type-post_type menu-item-object-page menu-item-1936\"><a href=\"http:\/\/ets.kbfi.ee\/en\/tegevus\/\">Activity<\/a><\/li>\n<li id=\"menu-item-388\" class=\"menu-item menu-item-type-post_type menu-item-object-page menu-item-388\"><a href=\"http:\/\/ets.kbfi.ee\/en\/ajalugu\/\">History<\/a><\/li>\n<li id=\"menu-item-395\" class=\"menu-item menu-item-type-post_type menu-item-object-page menu-item-395\"><a href=\"http:\/\/ets.kbfi.ee\/en\/pohikiri\/\">Statute<\/a><\/li>\n<li id=\"menu-item-391\" class=\"menu-item menu-item-type-post_type menu-item-object-page menu-item-391\"><a href=\"http:\/\/ets.kbfi.ee\/en\/liikmed\/\">Members<\/a><\/li>\n<li id=\"menu-item-389\" class=\"menu-item menu-item-type-post_type menu-item-object-page menu-item-389\"><a href=\"http:\/\/ets.kbfi.ee\/en\/juhatus\/\">Board<\/a><\/li>\n<li id=\"menu-item-1923\" class=\"menu-item menu-item-type-post_type menu-item-object-page menu-item-1923\"><a href=\"http:\/\/ets.kbfi.ee\/en\/astun-liikmeks\/\">Become a Member<\/a><\/li>\n<li id=\"menu-item-394\" class=\"menu-item menu-item-type-post_type menu-item-object-page menu-item-394\"><a href=\"http:\/\/ets.kbfi.ee\/en\/marksonad\/\">Keywords<\/a><\/li>\n<li id=\"menu-item-2199\" class=\"menu-item menu-item-type-post_type menu-item-object-page menu-item-2199\"><a href=\"http:\/\/ets.kbfi.ee\/en\/infokirjad\/\">Newsletters<\/a><\/li>\n<li id=\"menu-item-2358\" class=\"menu-item menu-item-type-post_type menu-item-object-page menu-item-2358\"><a href=\"http:\/\/ets.kbfi.ee\/en\/eesti-teaduste-akadeemia-liige\/\">Member of Estonian Academy of Sciences<\/a><\/li>\n<li id=\"menu-item-1039\" class=\"menu-item menu-item-type-custom menu-item-object-custom menu-item-1039\"><a href=\"#colophon\">Contact<\/a><\/li>\n<li id=\"menu-item-2717\" class=\"menu-item menu-item-type-post_type menu-item-object-page menu-item-2717\"><a href=\"http:\/\/ets.kbfi.ee\/en\/oppematerjal-keskkonnatoksikoloogia-alused\/\">\u00d5ppematerjal Keskkonnatoksikoloogia alused<\/a><\/li>\n<\/ul><\/div>\t\t<\/div>\n\t\t\t\t<\/div>\n\t\t\t\t<div class=\"elementor-element elementor-element-7525dbc elementor-widget-divider--view-line elementor-widget elementor-widget-divider\" data-id=\"7525dbc\" data-element_type=\"widget\" data-widget_type=\"divider.default\">\n\t\t\t\t<div class=\"elementor-widget-container\">\n\t\t\t\t\t<div class=\"elementor-divider\">\n\t\t\t<span class=\"elementor-divider-separator\">\n\t\t\t\t\t\t<\/span>\n\t\t<\/div>\n\t\t\t\t<\/div>\n\t\t\t\t<\/div>\n\t\t\t\t<div class=\"elementor-element elementor-element-784a4e7 elementor-widget elementor-widget-text-editor\" data-id=\"784a4e7\" data-element_type=\"widget\" data-widget_type=\"text-editor.default\">\n\t\t\t\t<div class=\"elementor-widget-container\">\n\t\t\t<style>.elementor-element-784a4e7{display:none !important}<\/style>\t\t<\/div>\n\t\t\t\t<\/div>\n\t\t\t\t<div class=\"elementor-element elementor-element-ec6dbf2 elementor-widget elementor-widget-text-editor\" data-id=\"ec6dbf2\" data-element_type=\"widget\" data-widget_type=\"text-editor.default\">\n\t\t\t\t<div class=\"elementor-widget-container\">\n\t\t\t<style>.elementor-element-ec6dbf2{display:none !important}<\/style>\t\t<\/div>\n\t\t\t\t<\/div>\n\t\t\t\t<div class=\"elementor-element elementor-element-c45410e elementor-widget elementor-widget-text-editor\" data-id=\"c45410e\" data-element_type=\"widget\" data-widget_type=\"text-editor.default\">\n\t\t\t\t<div class=\"elementor-widget-container\">\n\t\t\t<style>.elementor-element-c45410e{display:none !important}<\/style>\t\t<\/div>\n\t\t\t\t<\/div>\n\t\t\t\t\t\t<\/div>\n\t\t\t\t\t<\/div>\n\t\t<\/div>\n\t\t\t\t<div class=\"elementor-column elementor-col-50 elementor-top-column elementor-element elementor-element-277d639e\" data-id=\"277d639e\" data-element_type=\"column\">\n\t\t\t<div class=\"elementor-column-wrap elementor-element-populated\">\n\t\t\t\t\t\t\t<div class=\"elementor-widget-wrap\">\n\t\t\t\t\t\t<div class=\"elementor-element elementor-element-fffe9df elementor-widget elementor-widget-heading\" data-id=\"fffe9df\" data-element_type=\"widget\" data-widget_type=\"heading.default\">\n\t\t\t\t<div class=\"elementor-widget-container\">\n\t\t\t<h3 class=\"elementor-heading-title elementor-size-default\">Members<\/h3>\t\t<\/div>\n\t\t\t\t<\/div>\n\t\t\t\t<div class=\"elementor-element elementor-element-2c8d160 elementor-widget elementor-widget-text-editor\" data-id=\"2c8d160\" data-element_type=\"widget\" data-widget_type=\"text-editor.default\">\n\t\t\t\t<div class=\"elementor-widget-container\">\n\t\t\t\t\t\t\t\t<div class=\"elementor-text-editor elementor-clearfix\">\n\t\t\t\t<p>As a member of Estonian Society of Toxicology, you will be part of the community of\ntoxicologists in Estonia. You will receive information on, for example, courses,\nseminars, symposiums and job advertisements. Members can participate in <a href=\"https:\/\/www.eurotox.com\/annual-congress-awards\/\">EUROTOX<\/a>\u00a0conferences for a reduced price and a small fee is asked for participation\nin EST meetings and seminars. Members are also welcome to actively participate in\nSociety\u00b4s activities and suggest the topics for Society\u00b4s annual meetings.<\/p>\t\t\t\t\t<\/div>\n\t\t\t\t\t\t<\/div>\n\t\t\t\t<\/div>\n\t\t\t\t<section class=\"elementor-section elementor-inner-section elementor-element elementor-element-1ef80977 elementor-section-full_width elementor-section-height-default elementor-section-height-default\" data-id=\"1ef80977\" data-element_type=\"section\">\n\t\t\t\t\t\t<div class=\"elementor-container elementor-column-gap-wide\">\n\t\t\t\t\t\t\t<div class=\"elementor-row\">\n\t\t\t\t\t<div class=\"elementor-column elementor-col-50 elementor-inner-column elementor-element elementor-element-ba8bc9c\" data-id=\"ba8bc9c\" data-element_type=\"column\">\n\t\t\t<div class=\"elementor-column-wrap elementor-element-populated\">\n\t\t\t\t\t\t\t<div class=\"elementor-widget-wrap\">\n\t\t\t\t\t\t<div class=\"elementor-element elementor-element-795f71c elementor-widget elementor-widget-image\" data-id=\"795f71c\" data-element_type=\"widget\" data-widget_type=\"image.default\">\n\t\t\t\t<div class=\"elementor-widget-container\">\n\t\t\t\t\t\t\t\t<div class=\"elementor-image\">\n\t\t\t\t\t\t\t\t\t\t\t\t<img width=\"1024\" height=\"680\" src=\"http:\/\/ets.kbfi.ee\/wp-content\/uploads\/2020\/02\/ETS-liikmed-2012-1024x680.jpg\" class=\"attachment-large size-large\" alt=\"\" loading=\"lazy\" srcset=\"http:\/\/ets.kbfi.ee\/wp-content\/uploads\/2020\/02\/ETS-liikmed-2012-1024x680.jpg 1024w, http:\/\/ets.kbfi.ee\/wp-content\/uploads\/2020\/02\/ETS-liikmed-2012-300x199.jpg 300w, http:\/\/ets.kbfi.ee\/wp-content\/uploads\/2020\/02\/ETS-liikmed-2012-768x510.jpg 768w, http:\/\/ets.kbfi.ee\/wp-content\/uploads\/2020\/02\/ETS-liikmed-2012-1536x1020.jpg 1536w, http:\/\/ets.kbfi.ee\/wp-content\/uploads\/2020\/02\/ETS-liikmed-2012.jpg 1575w\" sizes=\"(max-width: 1024px) 100vw, 1024px\" \/>\t\t\t\t\t\t\t\t\t\t\t\t\t\t<\/div>\n\t\t\t\t\t\t<\/div>\n\t\t\t\t<\/div>\n\t\t\t\t\t\t<\/div>\n\t\t\t\t\t<\/div>\n\t\t<\/div>\n\t\t\t\t<div class=\"elementor-column elementor-col-50 elementor-inner-column elementor-element elementor-element-22568e72\" data-id=\"22568e72\" data-element_type=\"column\">\n\t\t\t<div class=\"elementor-column-wrap elementor-element-populated\">\n\t\t\t\t\t\t\t<div class=\"elementor-widget-wrap\">\n\t\t\t\t\t\t<div class=\"elementor-element elementor-element-2ead3732 elementor-widget elementor-widget-text-editor\" data-id=\"2ead3732\" data-element_type=\"widget\" data-widget_type=\"text-editor.default\">\n\t\t\t\t<div class=\"elementor-widget-container\">\n\t\t\t\t\t\t\t\t<div class=\"elementor-text-editor elementor-clearfix\">\n\t\t\t\t<p>Members of Estonian Society of Toxicology at the 2012 meeting in Saku.<\/p><p>Back row from the left: J\u00fcri Siigur, Mari Pikk, Tiina Titma, Kaja Orup\u00f5ld, Meelika Koitj\u00e4rv, Rain Reiman,Tuuli K\u00e4\u00e4mbre, Mariliis Sihtm\u00e4e, Heiki Vija, Irina Blinova, Arvo Tuvikene<\/p><p>Middle row from the left: Imbi Kurvet, Laine Parts, Kai K\u00fcnnis, Olesja Bondarenko, Karin Hellat, Kaja Kasemets, Katre Juganson, Jelena Veressinina, Liina Kanarbik, Hubert Kahn, Meelika Koitj\u00e4rv<\/p><p>First row from the left: Anne Kahru, Monika Mortimer, Villem Aruoja, Reet Pruul, Angela Ivask, Lee P\u00f5llumaa, Aleksandr K\u00e4kinen, Mailis Laht<\/p>\t\t\t\t\t<\/div>\n\t\t\t\t\t\t<\/div>\n\t\t\t\t<\/div>\n\t\t\t\t\t\t<\/div>\n\t\t\t\t\t<\/div>\n\t\t<\/div>\n\t\t\t\t\t\t\t\t<\/div>\n\t\t\t\t\t<\/div>\n\t\t<\/section>\n\t\t\t\t<section class=\"elementor-section elementor-inner-section elementor-element elementor-element-f1457c0 elementor-section-full_width elementor-section-content-top elementor-section-height-default elementor-section-height-default\" data-id=\"f1457c0\" data-element_type=\"section\">\n\t\t\t\t\t\t<div class=\"elementor-container elementor-column-gap-wide\">\n\t\t\t\t\t\t\t<div class=\"elementor-row\">\n\t\t\t\t\t<div class=\"elementor-column elementor-col-50 elementor-inner-column elementor-element elementor-element-29155ca\" data-id=\"29155ca\" data-element_type=\"column\">\n\t\t\t<div class=\"elementor-column-wrap elementor-element-populated\">\n\t\t\t\t\t\t\t<div class=\"elementor-widget-wrap\">\n\t\t\t\t\t\t<div class=\"elementor-element elementor-element-679d202 elementor-widget elementor-widget-heading\" data-id=\"679d202\" data-element_type=\"widget\" data-widget_type=\"heading.default\">\n\t\t\t\t<div class=\"elementor-widget-container\">\n\t\t\t<h3 class=\"elementor-heading-title elementor-size-default\">Information for Members<\/h3>\t\t<\/div>\n\t\t\t\t<\/div>\n\t\t\t\t<div class=\"elementor-element elementor-element-29029fa elementor-widget__width-initial elementor-widget elementor-widget-text-editor\" data-id=\"29029fa\" data-element_type=\"widget\" data-widget_type=\"text-editor.default\">\n\t\t\t\t<div class=\"elementor-widget-container\">\n\t\t\t\t\t\t\t\t<div class=\"elementor-text-editor elementor-clearfix\">\n\t\t\t\t<p><strong>\u2013<\/strong> According to the decision of the ETS general meeting held on June 2, 2017, from January 1, 2018, the ETS annual membership fee will be 15 EUR, and 8 EUR for full-time students and non-working pensioners.<\/p><ul type=\"disc\"><li>As of January 1, 2018, the fee for becoming a member is also 15 EUR, and for full-time students and non-working pensioners 8 EUR.<\/li><\/ul><p>- Since the primary communication channel of the Society is email, we kindly ask you\nto notify the Society of any changes to your email contact (please contact either. <u><a href=\"mailto:angela.ivask@ut.ee\" target=\"_blank\" rel=\"noopener\">angela.ivask@ut.ee<\/a><\/u>\u00a0or\u00a0<u><a href=\"mailto:kaja.orupold@emu.ee\" target=\"_blank\" rel=\"noopener\">kaj<wbr \/>a.orupold@emu.ee<\/a><\/u>).<\/p><p>- When joining the Society, you have shared your personal information with the\nboard, which we keep confidential. Member information is important for effective\ncommunication, monitoring membership fees, and planning events thematically. If\nyou have any concerns regarding the storage of your information, please contact\u00a0<u><a href=\"mailto:angela.ivask@ut.ee\" target=\"_blank\" rel=\"noopener\">angela.ivask@ut.<wbr \/>ee<\/a><\/u>.\u00a0<\/p><p>Payment receiver: Eesti Toksikoloogia Selts<br \/>Bank: Swedbank<br \/>IBAN: EE42 2200 2210 1066 3766<br \/>Explanation: becoming an ETS member or ETS membership fee (year)<\/p>\t\t\t\t\t<\/div>\n\t\t\t\t\t\t<\/div>\n\t\t\t\t<\/div>\n\t\t\t\t\t\t<\/div>\n\t\t\t\t\t<\/div>\n\t\t<\/div>\n\t\t\t\t<div class=\"elementor-column elementor-col-50 elementor-inner-column elementor-element elementor-element-0013657\" data-id=\"0013657\" data-element_type=\"column\">\n\t\t\t<div class=\"elementor-column-wrap\">\n\t\t\t\t\t\t\t<div class=\"elementor-widget-wrap\">\n\t\t\t\t\t\t\t\t<\/div>\n\t\t\t\t\t<\/div>\n\t\t<\/div>\n\t\t\t\t\t\t\t\t<\/div>\n\t\t\t\t\t<\/div>\n\t\t<\/section>\n\t\t\t\t<section class=\"elementor-section elementor-inner-section elementor-element elementor-element-2fc1691 elementor-section-full_width elementor-section-content-top elementor-section-height-default elementor-section-height-default\" data-id=\"2fc1691\" data-element_type=\"section\">\n\t\t\t\t\t\t<div class=\"elementor-container elementor-column-gap-wide\">\n\t\t\t\t\t\t\t<div class=\"elementor-row\">\n\t\t\t\t\t<div class=\"elementor-column elementor-col-100 elementor-inner-column elementor-element elementor-element-cfb2616\" data-id=\"cfb2616\" data-element_type=\"column\">\n\t\t\t<div class=\"elementor-column-wrap elementor-element-populated\">\n\t\t\t\t\t\t\t<div class=\"elementor-widget-wrap\">\n\t\t\t\t\t\t<div class=\"elementor-element elementor-element-ce347c3 elementor-widget elementor-widget-menu-anchor\" data-id=\"ce347c3\" data-element_type=\"widget\" data-widget_type=\"menu-anchor.default\">\n\t\t\t\t<div class=\"elementor-widget-container\">\n\t\t\t\t\t<div id=\"join\" class=\"elementor-menu-anchor\"><\/div>\n\t\t\t\t<\/div>\n\t\t\t\t<\/div>\n\t\t\t\t\t\t<\/div>\n\t\t\t\t\t<\/div>\n\t\t<\/div>\n\t\t\t\t\t\t\t\t<\/div>\n\t\t\t\t\t<\/div>\n\t\t<\/section>\n\t\t\t\t\t\t<\/div>\n\t\t\t\t\t<\/div>\n\t\t<\/div>\n\t\t\t\t\t\t\t\t<\/div>\n\t\t\t\t\t<\/div>\n\t\t<\/section>\n\t\t\t\t\t\t\t\t\t<\/div>\n\t\t\t<\/div>\n\t\t\t\t\t<\/div>","protected":false},"excerpt":{"rendered":"<p>Mis on toksikoloogia? Toksilistest ainetest ajakirjanduses \u00d5ppematerjal Keskkonna-toksikoloogia alused Liikmed Eesti Toksikoloogia Seltsi liikmena saad olla osa toksikoloogide kogukonnast Eestis. Liikmetega jagame valdkondlikku informatsiooni kursuste, seminaride ja t\u00f6\u00f6v\u00f5imaluste kohta. Selts pakub liikmetele madalama tasuga osalemist EUROTOX\u00a0konverentsidel ning v\u00e4ikese tasu eest osalemist seltsi \u00fcritustel. Liikmetel on v\u00f5imalus aktiivselt seltsi tegevuses kaasa l\u00fc\u00fca! Eesti Toksikoloogia Seltsi liikmed &hellip;<\/p>\n<p class=\"read-more\"> <a class=\"\" href=\"http:\/\/ets.kbfi.ee\/en\/liikmed\/\"> <span class=\"screen-reader-text\">Members<\/span> Read More &raquo;<\/a><\/p>","protected":false},"author":1,"featured_media":0,"parent":0,"menu_order":0,"comment_status":"closed","ping_status":"closed","template":"","meta":[],"_links":{"self":[{"href":"http:\/\/ets.kbfi.ee\/en\/wp-json\/wp\/v2\/pages\/369"}],"collection":[{"href":"http:\/\/ets.kbfi.ee\/en\/wp-json\/wp\/v2\/pages"}],"about":[{"href":"http:\/\/ets.kbfi.ee\/en\/wp-json\/wp\/v2\/types\/page"}],"author":[{"embeddable":true,"href":"http:\/\/ets.kbfi.ee\/en\/wp-json\/wp\/v2\/users\/1"}],"replies":[{"embeddable":true,"href":"http:\/\/ets.kbfi.ee\/en\/wp-json\/wp\/v2\/comments?post=369"}],"version-history":[{"count":5,"href":"http:\/\/ets.kbfi.ee\/en\/wp-json\/wp\/v2\/pages\/369\/revisions"}],"predecessor-version":[{"id":2795,"href":"http:\/\/ets.kbfi.ee\/en\/wp-json\/wp\/v2\/pages\/369\/revisions\/2795"}],"wp:attachment":[{"href":"http:\/\/ets.kbfi.ee\/en\/wp-json\/wp\/v2\/media?parent=369"}],"curies":[{"name":"wp","href":"https:\/\/api.w.org\/{rel}","templated":true}]}}