{"id":379,"date":"2020-01-27T08:56:00","date_gmt":"2020-01-27T08:56:00","guid":{"rendered":"http:\/\/ets.konnaelu.ee\/?page_id=379"},"modified":"2024-05-13T12:58:56","modified_gmt":"2024-05-13T12:58:56","slug":"marksonad","status":"publish","type":"page","link":"http:\/\/ets.kbfi.ee\/en\/marksonad\/","title":{"rendered":"Keywords"},"content":{"rendered":"<div data-elementor-type=\"wp-page\" data-elementor-id=\"379\" class=\"elementor elementor-379\">\n\t\t\t\t\t\t<div class=\"elementor-inner\">\n\t\t\t\t<div class=\"elementor-section-wrap\">\n\t\t\t\t\t\t\t\t\t<section class=\"elementor-section elementor-top-section elementor-element elementor-element-e455e92 elementor-section-full_width elementor-section-content-top elementor-section-height-default elementor-section-height-default\" data-id=\"e455e92\" data-element_type=\"section\" data-settings=\"{&quot;background_background&quot;:&quot;classic&quot;}\">\n\t\t\t\t\t\t<div class=\"elementor-container elementor-column-gap-no\">\n\t\t\t\t\t\t\t<div class=\"elementor-row\">\n\t\t\t\t\t<div class=\"elementor-column elementor-col-50 elementor-top-column elementor-element elementor-element-8b07259 elementor-hidden-tablet elementor-hidden-phone\" data-id=\"8b07259\" data-element_type=\"column\">\n\t\t\t<div class=\"elementor-column-wrap elementor-element-populated\">\n\t\t\t\t\t\t\t<div class=\"elementor-widget-wrap\">\n\t\t\t\t\t\t<div class=\"elementor-element elementor-element-9b07774 elementor-hidden-tablet elementor-hidden-phone elementor-widget elementor-widget-wp-widget-nav_menu\" data-id=\"9b07774\" data-element_type=\"widget\" data-widget_type=\"wp-widget-nav_menu.default\">\n\t\t\t\t<div class=\"elementor-widget-container\">\n\t\t\t<div class=\"menu-menuu-container\"><ul id=\"menu-menuu\" class=\"menu\"><li id=\"menu-item-1158\" class=\"menu-item menu-item-type-custom menu-item-object-custom menu-item-1158\"><a href=\"http:\/\/ets.kbfi.ee\">News<\/a><\/li>\n<li id=\"menu-item-1936\" class=\"menu-item menu-item-type-post_type menu-item-object-page menu-item-1936\"><a href=\"http:\/\/ets.kbfi.ee\/en\/tegevus\/\">Activity<\/a><\/li>\n<li id=\"menu-item-388\" class=\"menu-item menu-item-type-post_type menu-item-object-page menu-item-388\"><a href=\"http:\/\/ets.kbfi.ee\/en\/ajalugu\/\">History<\/a><\/li>\n<li id=\"menu-item-395\" class=\"menu-item menu-item-type-post_type menu-item-object-page menu-item-395\"><a href=\"http:\/\/ets.kbfi.ee\/en\/pohikiri\/\">Statute<\/a><\/li>\n<li id=\"menu-item-391\" class=\"menu-item menu-item-type-post_type menu-item-object-page menu-item-391\"><a href=\"http:\/\/ets.kbfi.ee\/en\/liikmed\/\">Members<\/a><\/li>\n<li id=\"menu-item-389\" class=\"menu-item menu-item-type-post_type menu-item-object-page menu-item-389\"><a href=\"http:\/\/ets.kbfi.ee\/en\/juhatus\/\">Board<\/a><\/li>\n<li id=\"menu-item-1923\" class=\"menu-item menu-item-type-post_type menu-item-object-page menu-item-1923\"><a href=\"http:\/\/ets.kbfi.ee\/en\/astun-liikmeks\/\">Become a Member<\/a><\/li>\n<li id=\"menu-item-394\" class=\"menu-item menu-item-type-post_type menu-item-object-page menu-item-394\"><a href=\"http:\/\/ets.kbfi.ee\/en\/marksonad\/\">Keywords<\/a><\/li>\n<li id=\"menu-item-2199\" class=\"menu-item menu-item-type-post_type menu-item-object-page menu-item-2199\"><a href=\"http:\/\/ets.kbfi.ee\/en\/infokirjad\/\">Newsletters<\/a><\/li>\n<li id=\"menu-item-2358\" class=\"menu-item menu-item-type-post_type menu-item-object-page menu-item-2358\"><a href=\"http:\/\/ets.kbfi.ee\/en\/eesti-teaduste-akadeemia-liige\/\">Member of Estonian Academy of Sciences<\/a><\/li>\n<li id=\"menu-item-1039\" class=\"menu-item menu-item-type-custom menu-item-object-custom menu-item-1039\"><a href=\"#colophon\">Contact<\/a><\/li>\n<li id=\"menu-item-2717\" class=\"menu-item menu-item-type-post_type menu-item-object-page menu-item-2717\"><a href=\"http:\/\/ets.kbfi.ee\/en\/oppematerjal-keskkonnatoksikoloogia-alused\/\">\u00d5ppematerjal Keskkonnatoksikoloogia alused<\/a><\/li>\n<\/ul><\/div>\t\t<\/div>\n\t\t\t\t<\/div>\n\t\t\t\t<div class=\"elementor-element elementor-element-d4ed97d elementor-widget-divider--view-line elementor-widget elementor-widget-divider\" data-id=\"d4ed97d\" data-element_type=\"widget\" data-widget_type=\"divider.default\">\n\t\t\t\t<div class=\"elementor-widget-container\">\n\t\t\t\t\t<div class=\"elementor-divider\">\n\t\t\t<span class=\"elementor-divider-separator\">\n\t\t\t\t\t\t<\/span>\n\t\t<\/div>\n\t\t\t\t<\/div>\n\t\t\t\t<\/div>\n\t\t\t\t<div class=\"elementor-element elementor-element-600c83e elementor-widget elementor-widget-text-editor\" data-id=\"600c83e\" data-element_type=\"widget\" data-widget_type=\"text-editor.default\">\n\t\t\t\t<div class=\"elementor-widget-container\">\n\t\t\t\t\t\t\t\t<div class=\"elementor-text-editor elementor-clearfix\">\n\t\t\t\t<p><a href=\"http:\/\/ets.kbfi.ee\/mis-on-toksikoloogia\/\">What is Toxicology?<\/a><\/p>\t\t\t\t\t<\/div>\n\t\t\t\t\t\t<\/div>\n\t\t\t\t<\/div>\n\t\t\t\t<div class=\"elementor-element elementor-element-5fdb0bf elementor-widget elementor-widget-text-editor\" data-id=\"5fdb0bf\" data-element_type=\"widget\" data-widget_type=\"text-editor.default\">\n\t\t\t\t<div class=\"elementor-widget-container\">\n\t\t\t\t\t\t\t\t<div class=\"elementor-text-editor elementor-clearfix\">\n\t\t\t\t<p><a href=\"http:\/\/ets.kbfi.ee\/Toksilistest-ainetest-ajakirjanduses\/\">Toxic Substances in the Press<\/a><\/p>\t\t\t\t\t<\/div>\n\t\t\t\t\t\t<\/div>\n\t\t\t\t<\/div>\n\t\t\t\t<div class=\"elementor-element elementor-element-5aed80c elementor-widget elementor-widget-text-editor\" data-id=\"5aed80c\" data-element_type=\"widget\" data-widget_type=\"text-editor.default\">\n\t\t\t\t<div class=\"elementor-widget-container\">\n\t\t\t\t\t\t\t\t<div class=\"elementor-text-editor elementor-clearfix\">\n\t\t\t\t<p><a href=\"http:\/\/ipruul.planet.ee\/toksikoloogia\/doku.php\">Study Materials for Basics of Environmental Toxicology<\/a><\/p>\t\t\t\t\t<\/div>\n\t\t\t\t\t\t<\/div>\n\t\t\t\t<\/div>\n\t\t\t\t\t\t<\/div>\n\t\t\t\t\t<\/div>\n\t\t<\/div>\n\t\t\t\t<div class=\"elementor-column elementor-col-50 elementor-top-column elementor-element elementor-element-75d46cfe\" data-id=\"75d46cfe\" data-element_type=\"column\">\n\t\t\t<div class=\"elementor-column-wrap elementor-element-populated\">\n\t\t\t\t\t\t\t<div class=\"elementor-widget-wrap\">\n\t\t\t\t\t\t<div class=\"elementor-element elementor-element-1bab5d2d elementor-widget elementor-widget-heading\" data-id=\"1bab5d2d\" data-element_type=\"widget\" data-widget_type=\"heading.default\">\n\t\t\t\t<div class=\"elementor-widget-container\">\n\t\t\t<h3 class=\"elementor-heading-title elementor-size-default\">Toksikoloogia alased m\u00e4rks\u00f5nad<\/h3>\t\t<\/div>\n\t\t\t\t<\/div>\n\t\t\t\t<section class=\"elementor-section elementor-inner-section elementor-element elementor-element-70d59b30 elementor-section-full_width elementor-section-height-default elementor-section-height-default\" data-id=\"70d59b30\" data-element_type=\"section\">\n\t\t\t\t\t\t<div class=\"elementor-container elementor-column-gap-default\">\n\t\t\t\t\t\t\t<div class=\"elementor-row\">\n\t\t\t\t\t<div class=\"elementor-column elementor-col-100 elementor-inner-column elementor-element elementor-element-96574ec\" data-id=\"96574ec\" data-element_type=\"column\">\n\t\t\t<div class=\"elementor-column-wrap elementor-element-populated\">\n\t\t\t\t\t\t\t<div class=\"elementor-widget-wrap\">\n\t\t\t\t\t\t<div class=\"elementor-element elementor-element-18ea0cb0 elementor-widget__width-initial elementor-widget elementor-widget-text-editor\" data-id=\"18ea0cb0\" data-element_type=\"widget\" data-widget_type=\"text-editor.default\">\n\t\t\t\t<div class=\"elementor-widget-container\">\n\t\t\t\t\t\t\t\t<div class=\"elementor-text-editor elementor-clearfix\">\n\t\t\t\t<p><strong>Asutused:<br \/><\/strong>TERVISEAMET<br \/>TERVISEAMETI KEMIKAALIOHUTUSE OSAKOND<br \/>P\u00c4\u00c4STEAMET<br \/>KESKKONNAMINISTEERIUM<br \/>KESKKONNAAGENTUUR<br \/>SOTSIAALMINISTEERIUM<br \/>TAIMETOODANGU INSPEKTSIOON<\/p><p><strong>\u00d5igusaktid:<\/strong><br \/>KEMIKAALISEADUS<br \/>REACH m\u00e4\u00e4rus<br \/>Kemikaalide klassifitseerimise,\u00a0<span style=\"background-color: #edecec;\">m\u00e4rgistamise<\/span><a style=\"font-size: 20px; font-style: normal; font-weight: 400; background-color: #edecec;\" href=\"http:\/\/www.terviseamet.ee\/kemikaaliohutus\/klassifitseerimine-margistamine-ja-pakendamine\/clp-maarus.html\" target=\"_blank\" rel=\"noopener\">\u00a0<\/a><span style=\"background-color: #edecec;\">ja pakendamise m\u00e4\u00e4rus<\/span><a style=\"font-size: 20px; background-color: #edecec;\" href=\"http:\/\/www.terviseamet.ee\/kemikaaliohutus\/klassifitseerimine-margistamine-ja-pakendamine\/clp-maarus.html\" target=\"_blank\" rel=\"noopener\">\u00a0<\/a><\/p><p><strong>Toksikoloogia-alased seltsid maailmas <\/strong><br \/><strong>(siit saab ka infot toksikoloogia-alaste konverentside kohta):<br \/><\/strong>EUROTOX<br \/>IUTOX<br \/>SETAC<br \/>SOT<br \/>SECOTOX<br \/>RECETOX<br \/>Skandinaavia Rakutoksikoloogia Selts<br \/>Soome Toksikoloogia Selts<br \/>RECETO &#8211; taani keskkonnakeemia, mikrobioloogia ja toksikoloogia doktorikool<\/p><p><strong>Kasulikud organisatsioonis maailmas:<\/strong><br \/>OECD<br \/>WORLD HEALTH ORGANISATION<br \/>EPA (Environmental Protection Agency)<br \/>European Agency for Safety &amp; Health at Work<br \/>European Chemicals Agency<br \/>INSTITUTE FOR WORK AND HEALTH<br \/>NATIONAL SAFETY COUNCIL (US)<br \/>NATIONAL TECHNICAL INFORMATION SERVICE<br \/>INTERNATIONAL RADIATION PROTECTION ASSOCIATION<br \/>INTERNATIONAL ACCIDENT PREVENTION ASSOCIATION<br \/>INSTITUTE OF OCCUPATIONAL SAFETY AND HEALTH<br \/>INTERNATIONAL AGENCY FOR RESEARCH ON CANCER<br \/>CIS National and Collaborating Centres<br \/>OSHA(Occupational Safety &amp; Health Administration, US)<br \/>FINNISH INSTITUTE OF OCCUPATIONAL HEALTH<br \/>CANADIAN CENTRE FOR OCCUPATIONAL HEALTH AND SAFETY<\/p><p><strong>Info kemikaalide toksilisuse kohta<br \/><\/strong>HAZARDOUS CHEMICALS DATABASE<br \/>Where to find MATERIAL DATA SHEETS on the Internet<br \/>NATIONAL TOXICOLOGY PROGRAM<br \/>CHEMICAL FACT SHEETS<br \/>GENERAL INFORMATION ABOUT MATERIAL SAFETY DATA SHEETS<br \/>Chemical Safety Information from Intergovernmental Organizations<\/p><p>TOXNET<br \/>TOXICOLOGY DATABASES<br \/>Occupational \/Environmental Health Resources<br \/>INTERNATIONAL LABOUR ORGANIZATION<br \/>GLOBAL PROGRAM ON SAFETY, HEALTH AND THE ENVIRONMENT<br \/>General information of OCCUPATIONAL ASTHMA<\/p>\t\t\t\t\t<\/div>\n\t\t\t\t\t\t<\/div>\n\t\t\t\t<\/div>\n\t\t\t\t\t\t<\/div>\n\t\t\t\t\t<\/div>\n\t\t<\/div>\n\t\t\t\t\t\t\t\t<\/div>\n\t\t\t\t\t<\/div>\n\t\t<\/section>\n\t\t\t\t\t\t<\/div>\n\t\t\t\t\t<\/div>\n\t\t<\/div>\n\t\t\t\t\t\t\t\t<\/div>\n\t\t\t\t\t<\/div>\n\t\t<\/section>\n\t\t\t\t\t\t\t\t\t<\/div>\n\t\t\t<\/div>\n\t\t\t\t\t<\/div>","protected":false},"excerpt":{"rendered":"<p>Mis on toksikoloogia? Toksilistest ainetest ajakirjanduses \u00d5ppematerjal Keskkonna-toksikoloogia alused Toksikoloogia alased m\u00e4rks\u00f5nad Asutused: TERVISEAMET TERVISEAMETI KEMIKAALIOHUTUSE OSAKOND P\u00c4\u00c4STEAMET KESKKONNAMINISTEERIUM KESKKONNAAGENTUUR SOTSIAALMINISTEERIUM TAIMETOODANGU INSPEKTSIOON \u00d5igusaktid: KEMIKAALISEADUS REACH m\u00e4\u00e4rus Kemikaalide klassifitseerimise,&nbsp;m\u00e4rgistamise&nbsp;ja pakendamise m\u00e4\u00e4rus&nbsp; Toksikoloogia-alased seltsid maailmas (siit saab ka infot toksikoloogia-alaste konverentside kohta): EUROTOX IUTOX SETAC SOT SECOTOX RECETOX Skandinaavia Rakutoksikoloogia Selts Soome Toksikoloogia Selts RECETO &#8211; &hellip;<\/p>\n<p class=\"read-more\"> <a class=\"\" href=\"http:\/\/ets.kbfi.ee\/en\/marksonad\/\"> <span class=\"screen-reader-text\">Keywords<\/span> Read More &raquo;<\/a><\/p>","protected":false},"author":1,"featured_media":0,"parent":0,"menu_order":0,"comment_status":"closed","ping_status":"closed","template":"","meta":[],"_links":{"self":[{"href":"http:\/\/ets.kbfi.ee\/en\/wp-json\/wp\/v2\/pages\/379"}],"collection":[{"href":"http:\/\/ets.kbfi.ee\/en\/wp-json\/wp\/v2\/pages"}],"about":[{"href":"http:\/\/ets.kbfi.ee\/en\/wp-json\/wp\/v2\/types\/page"}],"author":[{"embeddable":true,"href":"http:\/\/ets.kbfi.ee\/en\/wp-json\/wp\/v2\/users\/1"}],"replies":[{"embeddable":true,"href":"http:\/\/ets.kbfi.ee\/en\/wp-json\/wp\/v2\/comments?post=379"}],"version-history":[{"count":5,"href":"http:\/\/ets.kbfi.ee\/en\/wp-json\/wp\/v2\/pages\/379\/revisions"}],"predecessor-version":[{"id":2386,"href":"http:\/\/ets.kbfi.ee\/en\/wp-json\/wp\/v2\/pages\/379\/revisions\/2386"}],"wp:attachment":[{"href":"http:\/\/ets.kbfi.ee\/en\/wp-json\/wp\/v2\/media?parent=379"}],"curies":[{"name":"wp","href":"https:\/\/api.w.org\/{rel}","templated":true}]}}