{"id":359,"date":"2020-01-13T14:57:00","date_gmt":"2020-01-13T14:57:00","guid":{"rendered":"http:\/\/ets.konnaelu.ee\/?page_id=359"},"modified":"2021-01-29T11:21:24","modified_gmt":"2021-01-29T11:21:24","slug":"uudised","status":"publish","type":"page","link":"http:\/\/ets.kbfi.ee\/et\/uudised\/","title":{"rendered":"Uudised"},"content":{"rendered":"\t\t<div data-elementor-type=\"wp-page\" data-elementor-id=\"359\" class=\"elementor elementor-359\">\n\t\t\t\t\t\t<div class=\"elementor-inner\">\n\t\t\t\t<div class=\"elementor-section-wrap\">\n\t\t\t\t\t\t\t\t\t<section class=\"elementor-section elementor-top-section elementor-element elementor-element-58e51da elementor-section-full_width elementor-section-content-top elementor-section-height-default elementor-section-height-default\" data-id=\"58e51da\" data-element_type=\"section\" data-settings=\"{&quot;background_background&quot;:&quot;classic&quot;}\">\n\t\t\t\t\t\t<div class=\"elementor-container elementor-column-gap-no\">\n\t\t\t\t\t\t\t<div class=\"elementor-row\">\n\t\t\t\t\t<div class=\"elementor-column elementor-col-50 elementor-top-column elementor-element elementor-element-281ce46 elementor-hidden-tablet elementor-hidden-phone\" data-id=\"281ce46\" data-element_type=\"column\">\n\t\t\t<div class=\"elementor-column-wrap elementor-element-populated\">\n\t\t\t\t\t\t\t<div class=\"elementor-widget-wrap\">\n\t\t\t\t\t\t<div class=\"elementor-element elementor-element-94bdec5 elementor-hidden-tablet elementor-hidden-phone elementor-widget elementor-widget-wp-widget-nav_menu\" data-id=\"94bdec5\" data-element_type=\"widget\" data-widget_type=\"wp-widget-nav_menu.default\">\n\t\t\t\t<div class=\"elementor-widget-container\">\n\t\t\t<div class=\"menu-menuu-container\"><ul id=\"menu-menuu\" class=\"menu\"><li id=\"menu-item-1158\" class=\"menu-item menu-item-type-custom menu-item-object-custom menu-item-1158\"><a href=\"http:\/\/ets.kbfi.ee\">Uudised<\/a><\/li>\n<li id=\"menu-item-1936\" class=\"menu-item menu-item-type-post_type menu-item-object-page menu-item-1936\"><a href=\"http:\/\/ets.kbfi.ee\/et\/tegevus\/\">Tegevus<\/a><\/li>\n<li id=\"menu-item-388\" class=\"menu-item menu-item-type-post_type menu-item-object-page menu-item-388\"><a href=\"http:\/\/ets.kbfi.ee\/et\/ajalugu\/\">Ajalugu<\/a><\/li>\n<li id=\"menu-item-395\" class=\"menu-item menu-item-type-post_type menu-item-object-page menu-item-395\"><a href=\"http:\/\/ets.kbfi.ee\/et\/pohikiri\/\">P\u00f5hikiri<\/a><\/li>\n<li id=\"menu-item-391\" class=\"menu-item menu-item-type-post_type menu-item-object-page menu-item-391\"><a href=\"http:\/\/ets.kbfi.ee\/et\/liikmed\/\">Liikmed<\/a><\/li>\n<li id=\"menu-item-389\" class=\"menu-item menu-item-type-post_type menu-item-object-page menu-item-389\"><a href=\"http:\/\/ets.kbfi.ee\/et\/juhatus\/\">Juhatus<\/a><\/li>\n<li id=\"menu-item-1923\" class=\"menu-item menu-item-type-post_type menu-item-object-page menu-item-1923\"><a href=\"http:\/\/ets.kbfi.ee\/et\/astun-liikmeks\/\">Astun liikmeks<\/a><\/li>\n<li id=\"menu-item-394\" class=\"menu-item menu-item-type-post_type menu-item-object-page menu-item-394\"><a href=\"http:\/\/ets.kbfi.ee\/et\/marksonad\/\">M\u00e4rks\u00f5nad<\/a><\/li>\n<li id=\"menu-item-2199\" class=\"menu-item menu-item-type-post_type menu-item-object-page menu-item-2199\"><a href=\"http:\/\/ets.kbfi.ee\/et\/infokirjad\/\">Infokirjad<\/a><\/li>\n<li id=\"menu-item-2358\" class=\"menu-item menu-item-type-post_type menu-item-object-page menu-item-2358\"><a href=\"http:\/\/ets.kbfi.ee\/et\/eesti-teaduste-akadeemia-liige\/\">Eesti Teaduste Akadeemia liige<\/a><\/li>\n<li id=\"menu-item-1039\" class=\"menu-item menu-item-type-custom menu-item-object-custom menu-item-1039\"><a href=\"#colophon\">Kontakt<\/a><\/li>\n<li id=\"menu-item-2717\" class=\"menu-item menu-item-type-post_type menu-item-object-page menu-item-2717\"><a href=\"http:\/\/ets.kbfi.ee\/et\/oppematerjal-keskkonnatoksikoloogia-alused\/\">\u00d5ppematerjal Keskkonnatoksikoloogia alused<\/a><\/li>\n<\/ul><\/div>\t\t<\/div>\n\t\t\t\t<\/div>\n\t\t\t\t<div class=\"elementor-element elementor-element-9b15227 elementor-widget-divider--view-line elementor-widget elementor-widget-divider\" data-id=\"9b15227\" data-element_type=\"widget\" data-widget_type=\"divider.default\">\n\t\t\t\t<div class=\"elementor-widget-container\">\n\t\t\t\t\t<div class=\"elementor-divider\">\n\t\t\t<span class=\"elementor-divider-separator\">\n\t\t\t\t\t\t<\/span>\n\t\t<\/div>\n\t\t\t\t<\/div>\n\t\t\t\t<\/div>\n\t\t\t\t<div class=\"elementor-element elementor-element-33130f1 elementor-widget elementor-widget-text-editor\" data-id=\"33130f1\" data-element_type=\"widget\" data-widget_type=\"text-editor.default\">\n\t\t\t\t<div class=\"elementor-widget-container\">\n\t\t\t\t\t\t\t\t<div class=\"elementor-text-editor elementor-clearfix\">\n\t\t\t\t<p><a href=\"http:\/\/ets.kbfi.ee\/mis-on-toksikoloogia\/\">Mis on toksikoloogia?<\/a><\/p>\t\t\t\t\t<\/div>\n\t\t\t\t\t\t<\/div>\n\t\t\t\t<\/div>\n\t\t\t\t<div class=\"elementor-element elementor-element-4011049 elementor-widget elementor-widget-text-editor\" data-id=\"4011049\" data-element_type=\"widget\" data-widget_type=\"text-editor.default\">\n\t\t\t\t<div class=\"elementor-widget-container\">\n\t\t\t\t\t\t\t\t<div class=\"elementor-text-editor elementor-clearfix\">\n\t\t\t\t<p><a href=\"http:\/\/ets.kbfi.ee\/Toksilistest-ainetest-ajakirjanduses\/\">Toksilistest ainetest ajakirjanduses<\/a><\/p>\t\t\t\t\t<\/div>\n\t\t\t\t\t\t<\/div>\n\t\t\t\t<\/div>\n\t\t\t\t<div class=\"elementor-element elementor-element-0070a43 elementor-widget elementor-widget-text-editor\" data-id=\"0070a43\" data-element_type=\"widget\" data-widget_type=\"text-editor.default\">\n\t\t\t\t<div class=\"elementor-widget-container\">\n\t\t\t\t\t\t\t\t<div class=\"elementor-text-editor elementor-clearfix\">\n\t\t\t\t<p><a href=\"http:\/\/ets.kbfi.ee\/toksikoloogia-alasest-haridusest-eestis\/\">Toksikoloogia-alasest haridusest Eestis<\/a><\/p>\t\t\t\t\t<\/div>\n\t\t\t\t\t\t<\/div>\n\t\t\t\t<\/div>\n\t\t\t\t<div class=\"elementor-element elementor-element-720456e elementor-widget elementor-widget-text-editor\" data-id=\"720456e\" data-element_type=\"widget\" data-widget_type=\"text-editor.default\">\n\t\t\t\t<div class=\"elementor-widget-container\">\n\t\t\t\t\t\t\t\t<div class=\"elementor-text-editor elementor-clearfix\">\n\t\t\t\t<p><a href=\"http:\/\/ipruul.planet.ee\/toksikoloogia\/doku.php\">\u00d5ppematerjal Keskkonna-toksikoloogia alused<\/a><\/p>\t\t\t\t\t<\/div>\n\t\t\t\t\t\t<\/div>\n\t\t\t\t<\/div>\n\t\t\t\t\t\t<\/div>\n\t\t\t\t\t<\/div>\n\t\t<\/div>\n\t\t\t\t<div class=\"elementor-column elementor-col-50 elementor-top-column elementor-element elementor-element-7f1d7be3\" data-id=\"7f1d7be3\" data-element_type=\"column\">\n\t\t\t<div class=\"elementor-column-wrap elementor-element-populated\">\n\t\t\t\t\t\t\t<div class=\"elementor-widget-wrap\">\n\t\t\t\t\t\t<div class=\"elementor-element elementor-element-616e3994 elementor-widget elementor-widget-heading\" data-id=\"616e3994\" data-element_type=\"widget\" data-widget_type=\"heading.default\">\n\t\t\t\t<div class=\"elementor-widget-container\">\n\t\t\t<h3 class=\"elementor-heading-title elementor-size-default\">Uudised<\/h3>\t\t<\/div>\n\t\t\t\t<\/div>\n\t\t\t\t<div class=\"elementor-element elementor-element-3d79e96d elementor-grid-eael-col-3 elementor-grid-tablet-eael-col-2 elementor-grid-mobile-eael-col-1 elementor-widget elementor-widget-eael-post-grid\" data-id=\"3d79e96d\" data-element_type=\"widget\" data-settings=\"{&quot;eael_post_grid_columns&quot;:&quot;eael-col-3&quot;,&quot;eael_post_grid_columns_tablet&quot;:&quot;eael-col-2&quot;,&quot;eael_post_grid_columns_mobile&quot;:&quot;eael-col-1&quot;}\" data-widget_type=\"eael-post-grid.default\">\n\t\t\t\t<div class=\"elementor-widget-container\">\n\t\t\t<div id=\"eael-post-grid-3d79e96d\" class=\"eael-post-grid-container\">\n            <div class=\"eael-post-grid eael-post-appender eael-post-appender-3d79e96d eael-post-grid-style-default\" data-layout-mode=\"masonry\"><article class=\"eael-grid-post eael-post-grid-column\" data-id=\"2796\">\n        <div class=\"eael-grid-post-holder\">\n            <div class=\"eael-grid-post-holder-inner\"><div class=\"eael-entry-media\"><div class=\"eael-entry-overlay fade-in\"><i class=\"\" aria-hidden=\"true\"><\/i><a href=\"http:\/\/ets.kbfi.ee\/et\/ets-aastaseminar-toimub-27-mail-veebiseminarina\/\"><\/a><\/div><div class=\"eael-entry-thumbnail \">\n                <img width=\"768\" height=\"522\" src=\"http:\/\/ets.kbfi.ee\/wp-content\/uploads\/2026\/03\/ETS_logo2-768x522-1.png\" class=\"attachment-medium_large size-medium_large\" alt=\"\" loading=\"lazy\" srcset=\"http:\/\/ets.kbfi.ee\/wp-content\/uploads\/2026\/03\/ETS_logo2-768x522-1.png 768w, http:\/\/ets.kbfi.ee\/wp-content\/uploads\/2026\/03\/ETS_logo2-768x522-1-300x204.png 300w, http:\/\/ets.kbfi.ee\/wp-content\/uploads\/2026\/03\/ETS_logo2-768x522-1-18x12.png 18w\" sizes=\"(max-width: 768px) 100vw, 768px\" \/>\n            <\/div>\n        <\/div><div class=\"eael-entry-wrapper\"><header class=\"eael-entry-header\"><h2 class=\"eael-entry-title\"><a\n                        class=\"eael-grid-post-link\"\n                        href=\"http:\/\/ets.kbfi.ee\/et\/ets-aastaseminar-toimub-27-mail-veebiseminarina\/\"\n                        title=\"ETS aastaseminar toimub 27. mail veebiseminarina\">ETS aastaseminar toimub 27. mail veebiseminarina<\/a><\/h2><\/header><div class=\"eael-entry-content\">\n                        <div class=\"eael-grid-post-excerpt\"><p>mai 14, 2026<\/p><a\n                            href=\"http:\/\/ets.kbfi.ee\/et\/ets-aastaseminar-toimub-27-mail-veebiseminarina\/\"\n                            class=\"eael-post-elements-readmore-btn\">Loe edasi<\/a><\/div>\n                    <\/div><\/div><\/div>\n        <\/div>\n    <\/article><article class=\"eael-grid-post eael-post-grid-column\" data-id=\"2719\">\n        <div class=\"eael-grid-post-holder\">\n            <div class=\"eael-grid-post-holder-inner\"><div class=\"eael-entry-media\"><div class=\"eael-entry-overlay fade-in\"><i class=\"\" aria-hidden=\"true\"><\/i><a href=\"http:\/\/ets.kbfi.ee\/et\/eesti-ja-soome-toksikoloogid-kohtuvad-4-5-mail-helsingis-uhisseminaril\/\"><\/a><\/div><div class=\"eael-entry-thumbnail \">\n                <img width=\"768\" height=\"271\" src=\"http:\/\/ets.kbfi.ee\/wp-content\/uploads\/2026\/03\/Kuvatommis-2026-03-01-215523-768x271.png\" class=\"attachment-medium_large size-medium_large\" alt=\"\" loading=\"lazy\" srcset=\"http:\/\/ets.kbfi.ee\/wp-content\/uploads\/2026\/03\/Kuvatommis-2026-03-01-215523-768x271.png 768w, http:\/\/ets.kbfi.ee\/wp-content\/uploads\/2026\/03\/Kuvatommis-2026-03-01-215523-300x106.png 300w, http:\/\/ets.kbfi.ee\/wp-content\/uploads\/2026\/03\/Kuvatommis-2026-03-01-215523-1024x362.png 1024w, http:\/\/ets.kbfi.ee\/wp-content\/uploads\/2026\/03\/Kuvatommis-2026-03-01-215523-18x6.png 18w, http:\/\/ets.kbfi.ee\/wp-content\/uploads\/2026\/03\/Kuvatommis-2026-03-01-215523.png 1095w\" sizes=\"(max-width: 768px) 100vw, 768px\" \/>\n            <\/div>\n        <\/div><div class=\"eael-entry-wrapper\"><header class=\"eael-entry-header\"><h2 class=\"eael-entry-title\"><a\n                        class=\"eael-grid-post-link\"\n                        href=\"http:\/\/ets.kbfi.ee\/et\/eesti-ja-soome-toksikoloogid-kohtuvad-4-5-mail-helsingis-uhisseminaril\/\"\n                        title=\"Eesti ja Soome toksikoloogide \u00fchisseminar 4.\u20135. mail Helsingis\">Eesti ja Soome toksikoloogide \u00fchisseminar 4.\u20135. mail Helsingis<\/a><\/h2><\/header><div class=\"eael-entry-content\">\n                        <div class=\"eael-grid-post-excerpt\"><p>Eesti Toksikoloogia Selts korraldab koos Soome Toksikoloogide \u00dchendusega 4.\u20135. mail...<\/p><a\n                            href=\"http:\/\/ets.kbfi.ee\/et\/eesti-ja-soome-toksikoloogid-kohtuvad-4-5-mail-helsingis-uhisseminaril\/\"\n                            class=\"eael-post-elements-readmore-btn\">Loe edasi<\/a><\/div>\n                    <\/div><\/div><\/div>\n        <\/div>\n    <\/article><article class=\"eael-grid-post eael-post-grid-column\" data-id=\"2690\">\n        <div class=\"eael-grid-post-holder\">\n            <div class=\"eael-grid-post-holder-inner\"><div class=\"eael-entry-media\"><div class=\"eael-entry-overlay fade-in\"><i class=\"\" aria-hidden=\"true\"><\/i><a href=\"http:\/\/ets.kbfi.ee\/et\/eesti-toksikoloogia-infokiri-nr-6\/\"><\/a><\/div><div class=\"eael-entry-thumbnail \">\n                <img width=\"768\" height=\"650\" src=\"http:\/\/ets.kbfi.ee\/wp-content\/uploads\/2025\/06\/ETS_grupipilt_Veski-kulalistemaja_2025-768x650.jpg\" class=\"attachment-medium_large size-medium_large\" alt=\"\" loading=\"lazy\" srcset=\"http:\/\/ets.kbfi.ee\/wp-content\/uploads\/2025\/06\/ETS_grupipilt_Veski-kulalistemaja_2025-768x650.jpg 768w, http:\/\/ets.kbfi.ee\/wp-content\/uploads\/2025\/06\/ETS_grupipilt_Veski-kulalistemaja_2025-300x254.jpg 300w, http:\/\/ets.kbfi.ee\/wp-content\/uploads\/2025\/06\/ETS_grupipilt_Veski-kulalistemaja_2025-1024x866.jpg 1024w, http:\/\/ets.kbfi.ee\/wp-content\/uploads\/2025\/06\/ETS_grupipilt_Veski-kulalistemaja_2025-1536x1300.jpg 1536w, http:\/\/ets.kbfi.ee\/wp-content\/uploads\/2025\/06\/ETS_grupipilt_Veski-kulalistemaja_2025-2048x1733.jpg 2048w, http:\/\/ets.kbfi.ee\/wp-content\/uploads\/2025\/06\/ETS_grupipilt_Veski-kulalistemaja_2025-14x12.jpg 14w\" sizes=\"(max-width: 768px) 100vw, 768px\" \/>\n            <\/div>\n        <\/div><div class=\"eael-entry-wrapper\"><header class=\"eael-entry-header\"><h2 class=\"eael-entry-title\"><a\n                        class=\"eael-grid-post-link\"\n                        href=\"http:\/\/ets.kbfi.ee\/et\/eesti-toksikoloogia-infokiri-nr-6\/\"\n                        title=\"Eesti Toksikoloogia infokiri nr. 6\">Eesti Toksikoloogia infokiri nr. 6<\/a><\/h2><\/header><div class=\"eael-entry-content\">\n                        <div class=\"eael-grid-post-excerpt\"><p>juuni 18, 2025<\/p><a\n                            href=\"http:\/\/ets.kbfi.ee\/et\/eesti-toksikoloogia-infokiri-nr-6\/\"\n                            class=\"eael-post-elements-readmore-btn\">Loe edasi<\/a><\/div>\n                    <\/div><\/div><\/div>\n        <\/div>\n    <\/article><\/div>\n            <div class=\"clearfix\"><\/div>\n        <\/div>            <div class=\"eael-load-more-button-wrap\">\n                <button class=\"eael-load-more-button\" id=\"eael-load-more-btn-3d79e96d\" data-widget-id=\"3d79e96d\" data-widget=\"3d79e96d\" data-page-id=\"359\" data-nonce=\"7d0a3540c8\" data-template=\"{&quot;dir&quot;:&quot;lite&quot;,&quot;file_name&quot;:&quot;default.php&quot;,&quot;name&quot;:&quot;Post-Grid&quot;}\" data-class=\"Essential_Addons_Elementor\\Elements\\Post_Grid\" data-layout=\"masonry\" data-page=\"1\" data-args=\"orderby=date&amp;order=desc&amp;ignore_sticky_posts=1&amp;post_status=publish&amp;posts_per_page=3&amp;offset=0&amp;post_type=post\" data-max-page=\"18\">\n                    <div class=\"eael-btn-loader button__loader\"><\/div>\n                    <span>Lae veel<\/span>\n                <\/button>\n            <\/div>\n        \t\t<\/div>\n\t\t\t\t<\/div>\n\t\t\t\t\t\t<\/div>\n\t\t\t\t\t<\/div>\n\t\t<\/div>\n\t\t\t\t\t\t\t\t<\/div>\n\t\t\t\t\t<\/div>\n\t\t<\/section>\n\t\t\t\t\t\t\t\t\t<\/div>\n\t\t\t<\/div>\n\t\t\t\t\t<\/div>\n\t\t","protected":false},"excerpt":{"rendered":"<div data-elementor-type=\"wp-post\" data-elementor-id=\"2690\" class=\"elementor elementor-2690\">\n\t\t\t\t\t\t<div class=\"elementor-inner\">\n\t\t\t\t<div class=\"elementor-section-wrap\">\n\t\t\t\t\t\t\t\t\t<section class=\"elementor-section elementor-top-section elementor-element elementor-element-c926770 elementor-section-boxed elementor-section-height-default elementor-section-height-default\" data-id=\"c926770\" data-element_type=\"section\">\n\t\t\t\t\t\t<div class=\"elementor-container elementor-column-gap-default\">\n\t\t\t\t\t\t\t<div class=\"elementor-row\">\n\t\t\t\t\t<div class=\"elementor-column elementor-col-100 elementor-top-column elementor-element elementor-element-9be4b04\" data-id=\"9be4b04\" data-element_type=\"column\">\n\t\t\t<div class=\"elementor-column-wrap elementor-element-populated\">\n\t\t\t\t\t\t\t<div class=\"elementor-widget-wrap\">\n\t\t\t\t\t\t<div class=\"elementor-element elementor-element-c49f552 elementor-widget elementor-widget-text-editor\" data-id=\"c49f552\" data-element_type=\"widget\" data-widget_type=\"text-editor.default\">\n\t\t\t\t<div class=\"elementor-widget-container\">\n\t\t\t\t\t\t\t\t<div class=\"elementor-text-editor elementor-clearfix\">\n\t\t\t\t<p><strong>Lugupeetud Eesti Toksikoloogia Seltsi liige!<\/strong><\/p><p>K\u00e4esolev on j\u00e4rjekorras kuues Eesti Toksikoloogia Seltsi infokiri, mille eesm\u00e4rk on anda liikmetele \u00fclevaade seltsi tegevusest ning kajastada uudiseid. Infokiri on loetav siit:\u00a0<a href=\"http:\/\/ets.kbfi.ee\/wp-content\/uploads\/2025\/06\/ETS-infokiri-6_2025.pdf\" target=\"_blank\" rel=\"noopener\">ETS infokiri 6_2025<\/a><\/p><p>K\u00e4esolevast infokirjast v\u00f5ite muuhulgas lugeda intervjuusid seltsi uute liikmete <\/p><\/div><\/div><\/div><\/div><\/div><\/div><\/div><\/div><\/section><\/div><\/div><\/div>&hellip;","protected":false},"author":1,"featured_media":0,"parent":0,"menu_order":0,"comment_status":"closed","ping_status":"closed","template":"","meta":[],"_links":{"self":[{"href":"http:\/\/ets.kbfi.ee\/et\/wp-json\/wp\/v2\/pages\/359"}],"collection":[{"href":"http:\/\/ets.kbfi.ee\/et\/wp-json\/wp\/v2\/pages"}],"about":[{"href":"http:\/\/ets.kbfi.ee\/et\/wp-json\/wp\/v2\/types\/page"}],"author":[{"embeddable":true,"href":"http:\/\/ets.kbfi.ee\/et\/wp-json\/wp\/v2\/users\/1"}],"replies":[{"embeddable":true,"href":"http:\/\/ets.kbfi.ee\/et\/wp-json\/wp\/v2\/comments?post=359"}],"version-history":[{"count":5,"href":"http:\/\/ets.kbfi.ee\/et\/wp-json\/wp\/v2\/pages\/359\/revisions"}],"predecessor-version":[{"id":1991,"href":"http:\/\/ets.kbfi.ee\/et\/wp-json\/wp\/v2\/pages\/359\/revisions\/1991"}],"wp:attachment":[{"href":"http:\/\/ets.kbfi.ee\/et\/wp-json\/wp\/v2\/media?parent=359"}],"curies":[{"name":"wp","href":"https:\/\/api.w.org\/{rel}","templated":true}]}}