{"id":381,"date":"2020-01-27T08:49:12","date_gmt":"2020-01-27T08:49:12","guid":{"rendered":"http:\/\/ets.konnaelu.ee\/?page_id=381"},"modified":"2025-01-20T12:47:22","modified_gmt":"2025-01-20T12:47:22","slug":"ajalugu","status":"publish","type":"page","link":"http:\/\/ets.kbfi.ee\/et\/ajalugu\/","title":{"rendered":"Ajalugu"},"content":{"rendered":"\t\t<div data-elementor-type=\"wp-page\" data-elementor-id=\"381\" class=\"elementor elementor-381\">\n\t\t\t\t\t\t<div class=\"elementor-inner\">\n\t\t\t\t<div class=\"elementor-section-wrap\">\n\t\t\t\t\t\t\t\t\t<section class=\"elementor-section elementor-top-section elementor-element elementor-element-48b006d3 elementor-section-full_width elementor-section-content-top elementor-section-height-default elementor-section-height-default\" data-id=\"48b006d3\" data-element_type=\"section\" data-settings=\"{&quot;background_background&quot;:&quot;classic&quot;}\">\n\t\t\t\t\t\t<div class=\"elementor-container elementor-column-gap-no\">\n\t\t\t\t\t\t\t<div class=\"elementor-row\">\n\t\t\t\t\t<div class=\"elementor-column elementor-col-50 elementor-top-column elementor-element elementor-element-209a49b elementor-hidden-tablet elementor-hidden-phone\" data-id=\"209a49b\" data-element_type=\"column\">\n\t\t\t<div class=\"elementor-column-wrap elementor-element-populated\">\n\t\t\t\t\t\t\t<div class=\"elementor-widget-wrap\">\n\t\t\t\t\t\t<div class=\"elementor-element elementor-element-23502d0 elementor-hidden-tablet elementor-hidden-phone elementor-widget elementor-widget-wp-widget-nav_menu\" data-id=\"23502d0\" data-element_type=\"widget\" data-widget_type=\"wp-widget-nav_menu.default\">\n\t\t\t\t<div class=\"elementor-widget-container\">\n\t\t\t<div class=\"menu-menuu-container\"><ul id=\"menu-menuu\" class=\"menu\"><li id=\"menu-item-1158\" class=\"menu-item menu-item-type-custom menu-item-object-custom menu-item-1158\"><a href=\"http:\/\/ets.kbfi.ee\">Uudised<\/a><\/li>\n<li id=\"menu-item-1936\" class=\"menu-item menu-item-type-post_type menu-item-object-page menu-item-1936\"><a href=\"http:\/\/ets.kbfi.ee\/et\/tegevus\/\">Tegevus<\/a><\/li>\n<li id=\"menu-item-388\" class=\"menu-item menu-item-type-post_type menu-item-object-page menu-item-388\"><a href=\"http:\/\/ets.kbfi.ee\/et\/ajalugu\/\">Ajalugu<\/a><\/li>\n<li id=\"menu-item-395\" class=\"menu-item menu-item-type-post_type menu-item-object-page menu-item-395\"><a href=\"http:\/\/ets.kbfi.ee\/et\/pohikiri\/\">P\u00f5hikiri<\/a><\/li>\n<li id=\"menu-item-391\" class=\"menu-item menu-item-type-post_type menu-item-object-page menu-item-391\"><a href=\"http:\/\/ets.kbfi.ee\/et\/liikmed\/\">Liikmed<\/a><\/li>\n<li id=\"menu-item-389\" class=\"menu-item menu-item-type-post_type menu-item-object-page menu-item-389\"><a href=\"http:\/\/ets.kbfi.ee\/et\/juhatus\/\">Juhatus<\/a><\/li>\n<li id=\"menu-item-1923\" class=\"menu-item menu-item-type-post_type menu-item-object-page menu-item-1923\"><a href=\"http:\/\/ets.kbfi.ee\/et\/astun-liikmeks\/\">Astun liikmeks<\/a><\/li>\n<li id=\"menu-item-394\" class=\"menu-item menu-item-type-post_type menu-item-object-page menu-item-394\"><a href=\"http:\/\/ets.kbfi.ee\/et\/marksonad\/\">M\u00e4rks\u00f5nad<\/a><\/li>\n<li id=\"menu-item-2199\" class=\"menu-item menu-item-type-post_type menu-item-object-page menu-item-2199\"><a href=\"http:\/\/ets.kbfi.ee\/et\/infokirjad\/\">Infokirjad<\/a><\/li>\n<li id=\"menu-item-2358\" class=\"menu-item menu-item-type-post_type menu-item-object-page menu-item-2358\"><a href=\"http:\/\/ets.kbfi.ee\/et\/eesti-teaduste-akadeemia-liige\/\">Eesti Teaduste Akadeemia liige<\/a><\/li>\n<li id=\"menu-item-1039\" class=\"menu-item menu-item-type-custom menu-item-object-custom menu-item-1039\"><a href=\"#colophon\">Kontakt<\/a><\/li>\n<li id=\"menu-item-2717\" class=\"menu-item menu-item-type-post_type menu-item-object-page menu-item-2717\"><a href=\"http:\/\/ets.kbfi.ee\/et\/oppematerjal-keskkonnatoksikoloogia-alused\/\">\u00d5ppematerjal Keskkonnatoksikoloogia alused<\/a><\/li>\n<\/ul><\/div>\t\t<\/div>\n\t\t\t\t<\/div>\n\t\t\t\t<div class=\"elementor-element elementor-element-5e7d57b elementor-widget-divider--view-line elementor-widget elementor-widget-divider\" data-id=\"5e7d57b\" data-element_type=\"widget\" data-widget_type=\"divider.default\">\n\t\t\t\t<div class=\"elementor-widget-container\">\n\t\t\t\t\t<div class=\"elementor-divider\">\n\t\t\t<span class=\"elementor-divider-separator\">\n\t\t\t\t\t\t<\/span>\n\t\t<\/div>\n\t\t\t\t<\/div>\n\t\t\t\t<\/div>\n\t\t\t\t<div class=\"elementor-element elementor-element-78e90aa elementor-widget elementor-widget-text-editor\" data-id=\"78e90aa\" data-element_type=\"widget\" data-widget_type=\"text-editor.default\">\n\t\t\t\t<div class=\"elementor-widget-container\">\n\t\t\t\t\t\t\t\t<div class=\"elementor-text-editor elementor-clearfix\">\n\t\t\t\t<p><a href=\"http:\/\/ets.kbfi.ee\/mis-on-toksikoloogia\/\">Mis on toksikoloogia?<\/a><\/p>\t\t\t\t\t<\/div>\n\t\t\t\t\t\t<\/div>\n\t\t\t\t<\/div>\n\t\t\t\t<div class=\"elementor-element elementor-element-833411f elementor-widget elementor-widget-text-editor\" data-id=\"833411f\" data-element_type=\"widget\" data-widget_type=\"text-editor.default\">\n\t\t\t\t<div class=\"elementor-widget-container\">\n\t\t\t\t\t\t\t\t<div class=\"elementor-text-editor elementor-clearfix\">\n\t\t\t\t<p><a href=\"http:\/\/ets.kbfi.ee\/Toksilistest-ainetest-ajakirjanduses\/\">Toksilistest ainetest ajakirjanduses<\/a><\/p>\t\t\t\t\t<\/div>\n\t\t\t\t\t\t<\/div>\n\t\t\t\t<\/div>\n\t\t\t\t<div class=\"elementor-element elementor-element-61f68ba elementor-widget elementor-widget-text-editor\" data-id=\"61f68ba\" data-element_type=\"widget\" data-widget_type=\"text-editor.default\">\n\t\t\t\t<div class=\"elementor-widget-container\">\n\t\t\t\t\t\t\t\t<div class=\"elementor-text-editor elementor-clearfix\">\n\t\t\t\t<p><a href=\"http:\/\/ipruul.planet.ee\/toksikoloogia\/doku.php\">\u00d5ppematerjal Keskkonna-toksikoloogia alused<\/a><\/p>\t\t\t\t\t<\/div>\n\t\t\t\t\t\t<\/div>\n\t\t\t\t<\/div>\n\t\t\t\t\t\t<\/div>\n\t\t\t\t\t<\/div>\n\t\t<\/div>\n\t\t\t\t<div class=\"elementor-column elementor-col-50 elementor-top-column elementor-element elementor-element-3f3ca365\" data-id=\"3f3ca365\" data-element_type=\"column\">\n\t\t\t<div class=\"elementor-column-wrap elementor-element-populated\">\n\t\t\t\t\t\t\t<div class=\"elementor-widget-wrap\">\n\t\t\t\t\t\t<div class=\"elementor-element elementor-element-3ef954e6 elementor-widget elementor-widget-heading\" data-id=\"3ef954e6\" data-element_type=\"widget\" data-widget_type=\"heading.default\">\n\t\t\t\t<div class=\"elementor-widget-container\">\n\t\t\t<h3 class=\"elementor-heading-title elementor-size-default\">Ajalugu<\/h3>\t\t<\/div>\n\t\t\t\t<\/div>\n\t\t\t\t<div class=\"elementor-element elementor-element-798d83b elementor-widget elementor-widget-text-editor\" data-id=\"798d83b\" data-element_type=\"widget\" data-widget_type=\"text-editor.default\">\n\t\t\t\t<div class=\"elementor-widget-container\">\n\t\t\t\t\t\t\t\t<div class=\"elementor-text-editor elementor-clearfix\">\n\t\t\t\t<p style=\"text-align: left;\">Eesti Toksikoloogia Selts asutati 17. oktoobril 1997 eesm\u00e4rgiga \u00fchendada k\u00f5iki, kelle huvi seostub toksikoloogiaga v\u00f5i kelle igap\u00e4evane t\u00f6\u00f6 v\u00f5i teadustegevus puudutab toksikoloogiat.<\/p><p style=\"text-align: left;\"><img loading=\"lazy\" class=\"size-full wp-image-674 alignnone\" src=\"http:\/\/ets.konnaelu.ee\/wp-content\/uploads\/2020\/02\/ETS171097.jpg\" alt=\"\" width=\"800\" height=\"513\" data-wp-editing=\"1\" srcset=\"http:\/\/ets.kbfi.ee\/wp-content\/uploads\/2020\/02\/ETS171097.jpg 800w, http:\/\/ets.kbfi.ee\/wp-content\/uploads\/2020\/02\/ETS171097-300x192.jpg 300w, http:\/\/ets.kbfi.ee\/wp-content\/uploads\/2020\/02\/ETS171097-768x492.jpg 768w\" sizes=\"(max-width: 800px) 100vw, 800px\" \/><\/p><p style=\"text-align: left;\">ETS-i asutamise liikumapanevaks j\u00f5uks sai Soome-Eesti toksikoloogide kongressil 22.-24. mail 1997 Tartus alguse saanud s\u00f5bralik koost\u00f6\u00f6 ja infovahetus <a href=\"http:\/\/www.toksikologit.fi\/\">Soome Toksikoloogia Seltsiga<\/a>.<\/p><p style=\"text-align: left;\">ETS-i peaeesm\u00e4rgiks on toksikoloogia vallas tegutsevate inimeste \u00fchendamine, Seltsi liikmetele vajaliku informatsiooni (konverentsid, stipendiumid, toetused jne.) hankimine ja vahendamine, koost\u00f6\u00f6 arendamine teiste maade Toksikoloogia Seltsidega, teaduskonverentside, kursuste ja toksikoloogia-alase koolituse organiseerimine. Seisuga jaanuar 2025 kuulub ETS-i 74 liiget. 1998. a. suvel v\u00f5eti ETS vastu <a href=\"http:\/\/www.eurotox.com\/\">EUROTOX<\/a>-i (Federation of European Toxicologists and European Societies of Toxicology ) liikmeks ja novembris 2004 <a href=\"https:\/\/www.iutox.org\/\">IUTOX<\/a>-i (International Union of Toxicology) liikmeks.<\/p><p style=\"text-align: left;\">Toksikoloogia on teadus kemikaalide kahjulikust m\u00f5just elusorganismidele, sh. inimesele. Kahjulikke v\u00f5i kahjulikus kontsentratsioonis leiduvaid kemikaale v\u00f5ib leiduda nii meid \u00fcmbritsevas looduses, t\u00f6\u00f6keskkonnas, toidus jne. Seega on toksikoloogilised uuringud fundamentaalse t\u00e4htsusega Eesti j\u00e4tkusuutliku arengu strateegia v\u00e4ljat\u00f6\u00f6tamisel. Kuna toksikoloogia on v\u00e4ga interdistsiplinaarne teadus, \u00fchendades bioloogia-, keemia, meditsiini-, f\u00fcsioloogia- jne. alaseid teadmisi ja teadlasi, on informatsiooni vahetamine nende inimeste vahel \u00e4\u00e4rmiselt oluline, v\u00f5imaldades efektiivset koost\u00f6\u00f6d ja seega ka paremaid tulemusi. Eriti oluline on koopereerumine ja infovahetus Eestis, kus uurimisressursid on piiratud.<\/p><p style=\"text-align: left;\">Seltsi esimeseks suuremaks ettev\u00f5tmiseks oli Skandinaavia Rakutoksikoloogia Seltsi ja Eesti Toksikoloogia Seltsi \u00dchendkonverentsi (SSCT&amp;ETS\u201998) organiseerimine.<\/p><p style=\"text-align: left;\"><img loading=\"lazy\" class=\"size-large wp-image-696 alignnone\" src=\"http:\/\/ets.konnaelu.ee\/wp-content\/uploads\/2020\/02\/participants_1998-1024x774.jpg\" alt=\"\" width=\"1024\" height=\"774\" srcset=\"http:\/\/ets.kbfi.ee\/wp-content\/uploads\/2020\/02\/participants_1998-1024x774.jpg 1024w, http:\/\/ets.kbfi.ee\/wp-content\/uploads\/2020\/02\/participants_1998-300x227.jpg 300w, http:\/\/ets.kbfi.ee\/wp-content\/uploads\/2020\/02\/participants_1998-768x580.jpg 768w, http:\/\/ets.kbfi.ee\/wp-content\/uploads\/2020\/02\/participants_1998.jpg 1400w\" sizes=\"(max-width: 1024px) 100vw, 1024px\" \/><\/p><p style=\"text-align: left;\">Konverents toimus Tallinnas Keemilise ja Bioloogilise F\u00fc\u00fcsika Instituudis, 23.-36. oktoobrini 1998. Vaatamata sellele, et tegu oli kahe Seltsi konverentsiga oli konverenverentsi osv\u00f5tjaskond t\u00f5eliselt internatsionaalne: 86 osav\u00f5tjat kokku 17 riigist. Umbes pooled osalejaist olid Eestist. Lisaks eestlastele oli osav\u00f5tjaid ka Baltimaadest ja Ida-Euroopast. N\u00e4itusel osales 9 firmat. Konverentsi peateemadeks olid in vitro toksikoloogia, biokeemiline toksikoloogia, \u00f6kotoksikoloogia ja keskkonnariski hindamine.<\/p><p style=\"text-align: left;\">25. aprillil 2003 toimus Seltsi eestv\u00f5ttel ja IUTOX ning <a href=\"https:\/\/kbfi.ee\/\">Keemilise ja Bioloogilise F\u00fc\u00fcsika Instituuudi<\/a> toetusel seminar teemal HEAD LABORITAVAD (Good Laboratory Practice). Lektoriks oli Dr Andrew Waddell (Managing Director, TOWER MAINS LIMITED). Seminarist osav\u00f5tjad leiad pildilt.<\/p><p style=\"text-align: left;\"><img loading=\"lazy\" class=\"size-full wp-image-699 alignnone\" src=\"http:\/\/ets.konnaelu.ee\/wp-content\/uploads\/2020\/02\/GLP_group.jpg\" alt=\"\" width=\"970\" height=\"572\" srcset=\"http:\/\/ets.kbfi.ee\/wp-content\/uploads\/2020\/02\/GLP_group.jpg 970w, http:\/\/ets.kbfi.ee\/wp-content\/uploads\/2020\/02\/GLP_group-300x177.jpg 300w, http:\/\/ets.kbfi.ee\/wp-content\/uploads\/2020\/02\/GLP_group-768x453.jpg 768w\" sizes=\"(max-width: 970px) 100vw, 970px\" \/><\/p><p style=\"text-align: left;\">Meie Seltsi liikmed olid nii organisaatorite (projekti eesti-poolne koordinaator on meie Seltsi liige Dr. Karin Hellat) kui osalejatena tegevad Rootsi Uppsala \u00dclikooli poolt asutatud Btox programmis, mille eesm\u00e4rgiks oli parandada toksikoloogia-alast koolitust Eestis, L\u00e4tis ja Leedus. Programmi k\u00e4igus korraldati nii toksikoloogia-alaseid l\u00fchikursusi kui pakuti v\u00f5imalust l\u00e4bida toksikoloogia-alane magistriprogramm.<\/p><p style=\"text-align: left;\">20.-23. oktoobrini 2005 korraldas Eesti Toksikoloogia Selts taas kord koos Skandinaavia Rakutoksikoloogia Seltsiga \u00fchendkonverentsi (ETS&amp;SSCT\u00b405). Sedapuhku toimus konverents Toilas ning osav\u00f5tjaid oli taas 80 kokku 17 riigist. Konverentsi peateemadeks olid toksilisuse testimine in vitro ja 3R, alternatiivsed meetodid toksilisuse testimisel: QSAR, \u00f6kotoksikoloogilised testid ja 3R, rakutoksikoloogia ja toksilisuse mehhanismid, uute regulatoorsete toksilisuse testide v\u00e4ljat\u00f6\u00f6tamine, neurotoksikoloogia in vitro, uued in vitro bioanal\u00fc\u00fcsi meetodid, keskkonnasaastus ja \u00f6kotoksikoloogia, keskkonnasaastus ja riskid inimesele, toksikoloogia-alane haridus Eestis. Konverentsi raames toimus ka ETS ja <a href=\"https:\/\/www.britishcouncil.ee\/\">Briti N\u00f5ukogu<\/a> korraldatud Cafe Scientifique, kus prof. John Timbrell King\u00b4s College\u00b4st Londonist r\u00e4\u00e4kis teemal &#8220;The Poison Paradox. How and when chemicals are toxic&#8221;.<\/p><p style=\"text-align: left;\">2006. aastal korraldas selts IUTOX toetusel toimunud\u00a0 seminar teemal \u201cThe three R-s and the implictaion of REACH\u201d, kus Dr. Robert Combes (FRAME, Suurbritannia) tutvustas uut Euroopa kemikaalipoliitikat REACH ja 3R printsiipi, mis propageerib katseloomade kasutamise v\u00e4hendamist kemikaalide toksilisuse hindamisel. Seminarist osav\u00f5tjate grupipildi leiad alt.<\/p><p><img loading=\"lazy\" class=\"size-full wp-image-706 alignnone\" src=\"http:\/\/ets.konnaelu.ee\/wp-content\/uploads\/2020\/02\/Combes_seminar.jpg\" alt=\"\" width=\"640\" height=\"480\" srcset=\"http:\/\/ets.kbfi.ee\/wp-content\/uploads\/2020\/02\/Combes_seminar.jpg 640w, http:\/\/ets.kbfi.ee\/wp-content\/uploads\/2020\/02\/Combes_seminar-300x225.jpg 300w\" sizes=\"(max-width: 640px) 100vw, 640px\" \/><\/p><p>Seltsi uuemaid tegevust v\u00f5ib leida \u201eUudiste\u201c sektsiooni alt.<\/p>\t\t\t\t\t<\/div>\n\t\t\t\t\t\t<\/div>\n\t\t\t\t<\/div>\n\t\t\t\t\t\t<\/div>\n\t\t\t\t\t<\/div>\n\t\t<\/div>\n\t\t\t\t\t\t\t\t<\/div>\n\t\t\t\t\t<\/div>\n\t\t<\/section>\n\t\t\t\t\t\t\t\t\t<\/div>\n\t\t\t<\/div>\n\t\t\t\t\t<\/div>\n\t\t","protected":false},"excerpt":{"rendered":"<p>Mis on toksikoloogia? Toksilistest ainetest ajakirjanduses \u00d5ppematerjal Keskkonna-toksikoloogia alused Ajalugu Eesti Toksikoloogia Selts asutati 17. oktoobril 1997 eesm\u00e4rgiga \u00fchendada k\u00f5iki, kelle huvi seostub toksikoloogiaga v\u00f5i kelle igap\u00e4evane t\u00f6\u00f6 v\u00f5i teadustegevus puudutab toksikoloogiat. ETS-i asutamise liikumapanevaks j\u00f5uks sai Soome-Eesti toksikoloogide kongressil 22.-24. mail 1997 Tartus alguse saanud s\u00f5bralik koost\u00f6\u00f6 ja infovahetus Soome Toksikoloogia Seltsiga. ETS-i peaeesm\u00e4rgiks &hellip;<\/p>\n<p class=\"read-more\"> <a class=\"\" href=\"http:\/\/ets.kbfi.ee\/et\/ajalugu\/\"> <span class=\"screen-reader-text\">Ajalugu<\/span> Read More &raquo;<\/a><\/p>\n","protected":false},"author":1,"featured_media":0,"parent":0,"menu_order":0,"comment_status":"closed","ping_status":"closed","template":"","meta":[],"_links":{"self":[{"href":"http:\/\/ets.kbfi.ee\/et\/wp-json\/wp\/v2\/pages\/381"}],"collection":[{"href":"http:\/\/ets.kbfi.ee\/et\/wp-json\/wp\/v2\/pages"}],"about":[{"href":"http:\/\/ets.kbfi.ee\/et\/wp-json\/wp\/v2\/types\/page"}],"author":[{"embeddable":true,"href":"http:\/\/ets.kbfi.ee\/et\/wp-json\/wp\/v2\/users\/1"}],"replies":[{"embeddable":true,"href":"http:\/\/ets.kbfi.ee\/et\/wp-json\/wp\/v2\/comments?post=381"}],"version-history":[{"count":5,"href":"http:\/\/ets.kbfi.ee\/et\/wp-json\/wp\/v2\/pages\/381\/revisions"}],"predecessor-version":[{"id":2494,"href":"http:\/\/ets.kbfi.ee\/et\/wp-json\/wp\/v2\/pages\/381\/revisions\/2494"}],"wp:attachment":[{"href":"http:\/\/ets.kbfi.ee\/et\/wp-json\/wp\/v2\/media?parent=381"}],"curies":[{"name":"wp","href":"https:\/\/api.w.org\/{rel}","templated":true}]}}