{"id":710,"date":"2020-02-02T11:45:21","date_gmt":"2020-02-02T11:45:21","guid":{"rendered":"http:\/\/ets.konnaelu.ee\/?page_id=710"},"modified":"2022-10-05T17:36:19","modified_gmt":"2022-10-05T17:36:19","slug":"toksilistest-ainetest-ajakirjanduses","status":"publish","type":"page","link":"http:\/\/ets.kbfi.ee\/et\/toksilistest-ainetest-ajakirjanduses\/","title":{"rendered":"Toksilistest ainetest ajakirjanduses"},"content":{"rendered":"\t\t<div data-elementor-type=\"wp-page\" data-elementor-id=\"710\" class=\"elementor elementor-710\">\n\t\t\t\t\t\t<div class=\"elementor-inner\">\n\t\t\t\t<div class=\"elementor-section-wrap\">\n\t\t\t\t\t\t\t\t\t<section class=\"elementor-section elementor-top-section elementor-element elementor-element-5d2cd9fc elementor-section-full_width elementor-section-content-top elementor-section-height-default elementor-section-height-default\" data-id=\"5d2cd9fc\" data-element_type=\"section\" data-settings=\"{&quot;background_background&quot;:&quot;classic&quot;}\">\n\t\t\t\t\t\t<div class=\"elementor-container elementor-column-gap-no\">\n\t\t\t\t\t\t\t<div class=\"elementor-row\">\n\t\t\t\t\t<div class=\"elementor-column elementor-col-50 elementor-top-column elementor-element elementor-element-2a226fb elementor-hidden-tablet elementor-hidden-phone\" data-id=\"2a226fb\" data-element_type=\"column\">\n\t\t\t<div class=\"elementor-column-wrap elementor-element-populated\">\n\t\t\t\t\t\t\t<div class=\"elementor-widget-wrap\">\n\t\t\t\t\t\t<div class=\"elementor-element elementor-element-ac3e7fe elementor-hidden-tablet elementor-hidden-phone elementor-widget elementor-widget-wp-widget-nav_menu\" data-id=\"ac3e7fe\" data-element_type=\"widget\" data-widget_type=\"wp-widget-nav_menu.default\">\n\t\t\t\t<div class=\"elementor-widget-container\">\n\t\t\t<div class=\"menu-menuu-container\"><ul id=\"menu-menuu\" class=\"menu\"><li id=\"menu-item-1158\" class=\"menu-item menu-item-type-custom menu-item-object-custom menu-item-1158\"><a href=\"http:\/\/ets.kbfi.ee\">Uudised<\/a><\/li>\n<li id=\"menu-item-1936\" class=\"menu-item menu-item-type-post_type menu-item-object-page menu-item-1936\"><a href=\"http:\/\/ets.kbfi.ee\/et\/tegevus\/\">Tegevus<\/a><\/li>\n<li id=\"menu-item-388\" class=\"menu-item menu-item-type-post_type menu-item-object-page menu-item-388\"><a href=\"http:\/\/ets.kbfi.ee\/et\/ajalugu\/\">Ajalugu<\/a><\/li>\n<li id=\"menu-item-395\" class=\"menu-item menu-item-type-post_type menu-item-object-page menu-item-395\"><a href=\"http:\/\/ets.kbfi.ee\/et\/pohikiri\/\">P\u00f5hikiri<\/a><\/li>\n<li id=\"menu-item-391\" class=\"menu-item menu-item-type-post_type menu-item-object-page menu-item-391\"><a href=\"http:\/\/ets.kbfi.ee\/et\/liikmed\/\">Liikmed<\/a><\/li>\n<li id=\"menu-item-389\" class=\"menu-item menu-item-type-post_type menu-item-object-page menu-item-389\"><a href=\"http:\/\/ets.kbfi.ee\/et\/juhatus\/\">Juhatus<\/a><\/li>\n<li id=\"menu-item-1923\" class=\"menu-item menu-item-type-post_type menu-item-object-page menu-item-1923\"><a href=\"http:\/\/ets.kbfi.ee\/et\/astun-liikmeks\/\">Astun liikmeks<\/a><\/li>\n<li id=\"menu-item-394\" class=\"menu-item menu-item-type-post_type menu-item-object-page menu-item-394\"><a href=\"http:\/\/ets.kbfi.ee\/et\/marksonad\/\">M\u00e4rks\u00f5nad<\/a><\/li>\n<li id=\"menu-item-2199\" class=\"menu-item menu-item-type-post_type menu-item-object-page menu-item-2199\"><a href=\"http:\/\/ets.kbfi.ee\/et\/infokirjad\/\">Infokirjad<\/a><\/li>\n<li id=\"menu-item-2358\" class=\"menu-item menu-item-type-post_type menu-item-object-page menu-item-2358\"><a href=\"http:\/\/ets.kbfi.ee\/et\/eesti-teaduste-akadeemia-liige\/\">Eesti Teaduste Akadeemia liige<\/a><\/li>\n<li id=\"menu-item-1039\" class=\"menu-item menu-item-type-custom menu-item-object-custom menu-item-1039\"><a href=\"#colophon\">Kontakt<\/a><\/li>\n<li id=\"menu-item-2717\" class=\"menu-item menu-item-type-post_type menu-item-object-page menu-item-2717\"><a href=\"http:\/\/ets.kbfi.ee\/et\/oppematerjal-keskkonnatoksikoloogia-alused\/\">\u00d5ppematerjal Keskkonnatoksikoloogia alused<\/a><\/li>\n<\/ul><\/div>\t\t<\/div>\n\t\t\t\t<\/div>\n\t\t\t\t<div class=\"elementor-element elementor-element-1c61c2d elementor-widget-divider--view-line elementor-widget elementor-widget-divider\" data-id=\"1c61c2d\" data-element_type=\"widget\" data-widget_type=\"divider.default\">\n\t\t\t\t<div class=\"elementor-widget-container\">\n\t\t\t\t\t<div class=\"elementor-divider\">\n\t\t\t<span class=\"elementor-divider-separator\">\n\t\t\t\t\t\t<\/span>\n\t\t<\/div>\n\t\t\t\t<\/div>\n\t\t\t\t<\/div>\n\t\t\t\t<div class=\"elementor-element elementor-element-4206800 elementor-widget elementor-widget-text-editor\" data-id=\"4206800\" data-element_type=\"widget\" data-widget_type=\"text-editor.default\">\n\t\t\t\t<div class=\"elementor-widget-container\">\n\t\t\t\t\t\t\t\t<div class=\"elementor-text-editor elementor-clearfix\">\n\t\t\t\t<p><a href=\"http:\/\/ets.kbfi.ee\/mis-on-toksikoloogia\/\">Mis on toksikoloogia?<\/a><\/p>\t\t\t\t\t<\/div>\n\t\t\t\t\t\t<\/div>\n\t\t\t\t<\/div>\n\t\t\t\t<div class=\"elementor-element elementor-element-341b754 elementor-widget elementor-widget-text-editor\" data-id=\"341b754\" data-element_type=\"widget\" data-widget_type=\"text-editor.default\">\n\t\t\t\t<div class=\"elementor-widget-container\">\n\t\t\t\t\t\t\t\t<div class=\"elementor-text-editor elementor-clearfix\">\n\t\t\t\t<p><a href=\"http:\/\/ets.kbfi.ee\/Toksilistest-ainetest-ajakirjanduses\/\">Toksilistest ainetest ajakirjanduses<\/a><\/p>\t\t\t\t\t<\/div>\n\t\t\t\t\t\t<\/div>\n\t\t\t\t<\/div>\n\t\t\t\t<div class=\"elementor-element elementor-element-1d678e1 elementor-widget elementor-widget-text-editor\" data-id=\"1d678e1\" data-element_type=\"widget\" data-widget_type=\"text-editor.default\">\n\t\t\t\t<div class=\"elementor-widget-container\">\n\t\t\t\t\t\t\t\t<div class=\"elementor-text-editor elementor-clearfix\">\n\t\t\t\t<p><a href=\"http:\/\/ipruul.planet.ee\/toksikoloogia\/doku.php\">\u00d5ppematerjal Keskkonna-toksikoloogia alused<\/a><\/p>\t\t\t\t\t<\/div>\n\t\t\t\t\t\t<\/div>\n\t\t\t\t<\/div>\n\t\t\t\t\t\t<\/div>\n\t\t\t\t\t<\/div>\n\t\t<\/div>\n\t\t\t\t<div class=\"elementor-column elementor-col-50 elementor-top-column elementor-element elementor-element-4d556fe0\" data-id=\"4d556fe0\" data-element_type=\"column\">\n\t\t\t<div class=\"elementor-column-wrap elementor-element-populated\">\n\t\t\t\t\t\t\t<div class=\"elementor-widget-wrap\">\n\t\t\t\t\t\t<div class=\"elementor-element elementor-element-39db6cce elementor-widget elementor-widget-heading\" data-id=\"39db6cce\" data-element_type=\"widget\" data-widget_type=\"heading.default\">\n\t\t\t\t<div class=\"elementor-widget-container\">\n\t\t\t<h3 class=\"elementor-heading-title elementor-size-default\"><a href=\"http:\/\/ets.konnaelu.ee\/Toksilistest-ainetest-ajakirjanduses\/\" style=\"font-style: normal; white-space: normal;\">Toksilistest ainetest ajakirjanduses<\/a><\/h3>\t\t<\/div>\n\t\t\t\t<\/div>\n\t\t\t\t<section class=\"elementor-section elementor-inner-section elementor-element elementor-element-6643a8d3 elementor-section-full_width elementor-section-height-default elementor-section-height-default\" data-id=\"6643a8d3\" data-element_type=\"section\">\n\t\t\t\t\t\t<div class=\"elementor-container elementor-column-gap-default\">\n\t\t\t\t\t\t\t<div class=\"elementor-row\">\n\t\t\t\t\t<div class=\"elementor-column elementor-col-100 elementor-inner-column elementor-element elementor-element-7daba3b0\" data-id=\"7daba3b0\" data-element_type=\"column\">\n\t\t\t<div class=\"elementor-column-wrap elementor-element-populated\">\n\t\t\t\t\t\t\t<div class=\"elementor-widget-wrap\">\n\t\t\t\t\t\t<div class=\"elementor-element elementor-element-7a862d57 elementor-widget elementor-widget-text-editor\" data-id=\"7a862d57\" data-element_type=\"widget\" data-widget_type=\"text-editor.default\">\n\t\t\t\t<div class=\"elementor-widget-container\">\n\t\t\t\t\t\t\t\t<div class=\"elementor-text-editor elementor-clearfix\">\n\t\t\t\t<p><small><a href=\"http:\/\/www.epl.ee\/news\/melu\/metallilised-nanoosakesed-ei-ole-elusolenditele-ohutud.d?id=51182308\">Metallilised nanoosakesed ei ole elusolenditele ohutud<\/a> 12.10.2009 (Eesti P\u00e4evaleht)<\/small><br \/><small><a href=\"http:\/\/kbfi.ee\/ets\/Ohtlikud%20nanoosakesed.pdf\">Pr\u00fcgi p\u00f5letamisel lenduvad nanoosakesed seavad tervise ohtu!<\/a> 15.05.2007 (Eesti P\u00e4evaleht)<\/small><br \/><small><a href=\"http:\/\/kbfi.ee\/ets\/Eestlased%20ei%20tunne%20murgiseid%20tooteid.pdf\">Eestlased ei tunne m\u00fcrgiseid ja plahvatusohtlikke kemikaale<\/a> 18.04.2007 (Postimees)<\/small><br \/><small><a href=\"http:\/\/kbfi.ee\/ets\/kauplused%20muusid%20ohtlikke%20lelusid.pdf\">Kauplused m\u00fc\u00fcsid ohtlikke lelusid<\/a> 08.02.2007 (\u00c4rip\u00e4ev)<br \/><\/small><small><a href=\"http:\/\/kbfi.ee\/ets\/millest%20koosneb%20bensiin.pdf\">Millest koosneb bensiin ehk kas k\u00fctus on tervisele ohtlik?<\/a> 01.12.2006 (\u00c4rip\u00e4ev)<br \/><\/small><small><a href=\"http:\/\/kbfi.ee\/ets\/murgised%20vaenlased%20ostukorvis.pdf\">M\u00fcrgised vaenlased meie ostukorvis<\/a> 26.09.2006 (Eesti P\u00e4evaleht)<br \/><\/small><small><a href=\"http:\/\/kbfi.ee\/ets\/Ebatervislik%20margariin.pdf\">Kas margariin on t\u00f5epoolest tervisele ohtlik?<\/a> 15.09.2006 (SL \u00d5htuleht)<\/small><br \/><small><a href=\"http:\/\/kbfi.ee\/ets\/Paratsetamooli%20ei%20tohi%20tarvitada%20pikka%20aega%20jarjest.pdf\">Paratsetamooli ei tohi tarvitada kaua aega j\u00e4rjest<\/a> 20.12.2005 (SL \u00d5htuleht)<br \/><\/small><small><a href=\"http:\/\/kbfi.ee\/ets\/ohtlik%20pulber%20Naissaare%20rannal.pdf\">Naissaare rannalt leiti m\u00fcrgist ainet <\/a>22.08.2005 (\u00c4rip\u00e4ev)<br \/><\/small><small><a href=\"http:\/\/kbfi.ee\/ets\/kilede%20poletamine.pdf\">Mitte k\u00f5ikide kilede p\u00f5letamine ei ole ohtlik <\/a>15.10.2004 (Postimees)<br \/><\/small><small><a href=\"http:\/\/kbfi.ee\/ets\/Iru%20kemikaalilao%20poleng.pdf\">Kemikaalilao p\u00f5leng Irus<\/a> 9.06.2004 (Postimees)<br \/><\/small><small><a href=\"http:\/\/kbfi.ee\/ets\/surmava%20vetika%20kodu%20on%20avamerel.pdf\">Surmava vetika kodu on avamerel<\/a> 29.07.2002 (Postimees)<br \/><\/small><small><a href=\"http:\/\/kbfi.ee\/ets\/Metanoolimurgitus.pdf\">Metanoolim\u00fcrgitusest P\u00e4rnus<\/a> 11.09.2001 (SL \u00d5htuleht)<br \/><\/small><small><a href=\"http:\/\/kbfi.ee\/ets\/Myrgistuste%20teabekeskus.pdf\">M\u00fcrgistuste teabekeskus on vajalik!<\/a> 11.09.2001 (Postimees)<\/small><br \/><small><a href=\"http:\/\/kbfi.ee\/ets\/laste%20tervisehaired%20Peipsi%20veest.pdf\">Laste terviseh\u00e4ired Peipsi veest<\/a> 01.08.2001 (Postimees)<\/small><\/p>\t\t\t\t\t<\/div>\n\t\t\t\t\t\t<\/div>\n\t\t\t\t<\/div>\n\t\t\t\t\t\t<\/div>\n\t\t\t\t\t<\/div>\n\t\t<\/div>\n\t\t\t\t\t\t\t\t<\/div>\n\t\t\t\t\t<\/div>\n\t\t<\/section>\n\t\t\t\t\t\t<\/div>\n\t\t\t\t\t<\/div>\n\t\t<\/div>\n\t\t\t\t\t\t\t\t<\/div>\n\t\t\t\t\t<\/div>\n\t\t<\/section>\n\t\t\t\t\t\t\t\t\t<\/div>\n\t\t\t<\/div>\n\t\t\t\t\t<\/div>\n\t\t","protected":false},"excerpt":{"rendered":"<p>Mis on toksikoloogia? Toksilistest ainetest ajakirjanduses \u00d5ppematerjal Keskkonna-toksikoloogia alused Toksilistest ainetest ajakirjanduses Metallilised nanoosakesed ei ole elusolenditele ohutud 12.10.2009 (Eesti P\u00e4evaleht)Pr\u00fcgi p\u00f5letamisel lenduvad nanoosakesed seavad tervise ohtu! 15.05.2007 (Eesti P\u00e4evaleht)Eestlased ei tunne m\u00fcrgiseid ja plahvatusohtlikke kemikaale 18.04.2007 (Postimees)Kauplused m\u00fc\u00fcsid ohtlikke lelusid 08.02.2007 (\u00c4rip\u00e4ev)Millest koosneb bensiin ehk kas k\u00fctus on tervisele ohtlik? 01.12.2006 (\u00c4rip\u00e4ev)M\u00fcrgised vaenlased meie &hellip;<\/p>\n<p class=\"read-more\"> <a class=\"\" href=\"http:\/\/ets.kbfi.ee\/et\/toksilistest-ainetest-ajakirjanduses\/\"> <span class=\"screen-reader-text\">Toksilistest ainetest ajakirjanduses<\/span> Read More &raquo;<\/a><\/p>\n","protected":false},"author":1,"featured_media":0,"parent":0,"menu_order":0,"comment_status":"closed","ping_status":"closed","template":"","meta":[],"_links":{"self":[{"href":"http:\/\/ets.kbfi.ee\/et\/wp-json\/wp\/v2\/pages\/710"}],"collection":[{"href":"http:\/\/ets.kbfi.ee\/et\/wp-json\/wp\/v2\/pages"}],"about":[{"href":"http:\/\/ets.kbfi.ee\/et\/wp-json\/wp\/v2\/types\/page"}],"author":[{"embeddable":true,"href":"http:\/\/ets.kbfi.ee\/et\/wp-json\/wp\/v2\/users\/1"}],"replies":[{"embeddable":true,"href":"http:\/\/ets.kbfi.ee\/et\/wp-json\/wp\/v2\/comments?post=710"}],"version-history":[{"count":5,"href":"http:\/\/ets.kbfi.ee\/et\/wp-json\/wp\/v2\/pages\/710\/revisions"}],"predecessor-version":[{"id":1796,"href":"http:\/\/ets.kbfi.ee\/et\/wp-json\/wp\/v2\/pages\/710\/revisions\/1796"}],"wp:attachment":[{"href":"http:\/\/ets.kbfi.ee\/et\/wp-json\/wp\/v2\/media?parent=710"}],"curies":[{"name":"wp","href":"https:\/\/api.w.org\/{rel}","templated":true}]}}