{"id":1931,"date":"2022-10-05T20:10:44","date_gmt":"2022-10-05T20:10:44","guid":{"rendered":"http:\/\/ets.kbfi.ee\/?page_id=1931"},"modified":"2025-01-20T13:29:33","modified_gmt":"2025-01-20T13:29:33","slug":"tegevus","status":"publish","type":"page","link":"https:\/\/ets.kbfi.ee\/en\/tegevus\/","title":{"rendered":"Activity"},"content":{"rendered":"<div data-elementor-type=\"wp-page\" data-elementor-id=\"1931\" class=\"elementor elementor-1931\">\n\t\t\t\t\t\t<div class=\"elementor-inner\">\n\t\t\t\t<div class=\"elementor-section-wrap\">\n\t\t\t\t\t\t\t\t\t<section class=\"elementor-section elementor-top-section elementor-element elementor-element-4525d1c9 elementor-section-full_width elementor-section-content-top elementor-section-height-default elementor-section-height-default\" data-id=\"4525d1c9\" data-element_type=\"section\" data-settings=\"{&quot;background_background&quot;:&quot;classic&quot;}\">\n\t\t\t\t\t\t<div class=\"elementor-container elementor-column-gap-no\">\n\t\t\t\t\t\t\t<div class=\"elementor-row\">\n\t\t\t\t\t<div class=\"elementor-column elementor-col-50 elementor-top-column elementor-element elementor-element-7791d979 elementor-hidden-tablet elementor-hidden-phone\" data-id=\"7791d979\" data-element_type=\"column\">\n\t\t\t<div class=\"elementor-column-wrap elementor-element-populated\">\n\t\t\t\t\t\t\t<div class=\"elementor-widget-wrap\">\n\t\t\t\t\t\t<div class=\"elementor-element elementor-element-7e20dd7e elementor-hidden-tablet elementor-hidden-phone elementor-widget elementor-widget-wp-widget-nav_menu\" data-id=\"7e20dd7e\" data-element_type=\"widget\" data-widget_type=\"wp-widget-nav_menu.default\">\n\t\t\t\t<div class=\"elementor-widget-container\">\n\t\t\t<div class=\"menu-menuu-container\"><ul id=\"menu-menuu\" class=\"menu\"><li id=\"menu-item-1158\" class=\"menu-item menu-item-type-custom menu-item-object-custom menu-item-1158\"><a href=\"http:\/\/ets.kbfi.ee\">News<\/a><\/li>\n<li id=\"menu-item-1936\" class=\"menu-item menu-item-type-post_type menu-item-object-page menu-item-1936\"><a href=\"https:\/\/ets.kbfi.ee\/en\/tegevus\/\">Activity<\/a><\/li>\n<li id=\"menu-item-388\" class=\"menu-item menu-item-type-post_type menu-item-object-page menu-item-388\"><a href=\"https:\/\/ets.kbfi.ee\/en\/ajalugu\/\">History<\/a><\/li>\n<li id=\"menu-item-395\" class=\"menu-item menu-item-type-post_type menu-item-object-page menu-item-395\"><a href=\"https:\/\/ets.kbfi.ee\/en\/pohikiri\/\">Statute<\/a><\/li>\n<li id=\"menu-item-391\" class=\"menu-item menu-item-type-post_type menu-item-object-page menu-item-391\"><a href=\"https:\/\/ets.kbfi.ee\/en\/liikmed\/\">Members<\/a><\/li>\n<li id=\"menu-item-389\" class=\"menu-item menu-item-type-post_type menu-item-object-page menu-item-389\"><a href=\"https:\/\/ets.kbfi.ee\/en\/juhatus\/\">Board<\/a><\/li>\n<li id=\"menu-item-1923\" class=\"menu-item menu-item-type-post_type menu-item-object-page menu-item-1923\"><a href=\"https:\/\/ets.kbfi.ee\/en\/astun-liikmeks\/\">Become a Member<\/a><\/li>\n<li id=\"menu-item-394\" class=\"menu-item menu-item-type-post_type menu-item-object-page menu-item-394\"><a href=\"https:\/\/ets.kbfi.ee\/en\/marksonad\/\">Keywords<\/a><\/li>\n<li id=\"menu-item-2199\" class=\"menu-item menu-item-type-post_type menu-item-object-page menu-item-2199\"><a href=\"https:\/\/ets.kbfi.ee\/en\/infokirjad\/\">Newsletters<\/a><\/li>\n<li id=\"menu-item-2358\" class=\"menu-item menu-item-type-post_type menu-item-object-page menu-item-2358\"><a href=\"https:\/\/ets.kbfi.ee\/en\/eesti-teaduste-akadeemia-liige\/\">Member of Estonian Academy of Sciences<\/a><\/li>\n<li id=\"menu-item-1039\" class=\"menu-item menu-item-type-custom menu-item-object-custom menu-item-1039\"><a href=\"#colophon\">Contact<\/a><\/li>\n<li id=\"menu-item-2717\" class=\"menu-item menu-item-type-post_type menu-item-object-page menu-item-2717\"><a href=\"https:\/\/ets.kbfi.ee\/en\/oppematerjal-keskkonnatoksikoloogia-alused\/\">\u00d5ppematerjal Keskkonnatoksikoloogia alused<\/a><\/li>\n<\/ul><\/div>\t\t<\/div>\n\t\t\t\t<\/div>\n\t\t\t\t<div class=\"elementor-element elementor-element-1892c5fc elementor-widget-divider--view-line elementor-widget elementor-widget-divider\" data-id=\"1892c5fc\" data-element_type=\"widget\" data-widget_type=\"divider.default\">\n\t\t\t\t<div class=\"elementor-widget-container\">\n\t\t\t\t\t<div class=\"elementor-divider\">\n\t\t\t<span class=\"elementor-divider-separator\">\n\t\t\t\t\t\t<\/span>\n\t\t<\/div>\n\t\t\t\t<\/div>\n\t\t\t\t<\/div>\n\t\t\t\t<div class=\"elementor-element elementor-element-49a84aa3 elementor-widget elementor-widget-text-editor\" data-id=\"49a84aa3\" data-element_type=\"widget\" data-widget_type=\"text-editor.default\">\n\t\t\t\t<div class=\"elementor-widget-container\">\n\t\t\t\t\t\t\t\t<div class=\"elementor-text-editor elementor-clearfix\">\n\t\t\t\t<p><a href=\"http:\/\/ets.kbfi.ee\/mis-on-toksikoloogia\/\">What is Toxicology?<\/a><\/p>\t\t\t\t\t<\/div>\n\t\t\t\t\t\t<\/div>\n\t\t\t\t<\/div>\n\t\t\t\t<div class=\"elementor-element elementor-element-78c393c elementor-widget elementor-widget-text-editor\" data-id=\"78c393c\" data-element_type=\"widget\" data-widget_type=\"text-editor.default\">\n\t\t\t\t<div class=\"elementor-widget-container\">\n\t\t\t\t\t\t\t\t<div class=\"elementor-text-editor elementor-clearfix\">\n\t\t\t\t<p><a href=\"http:\/\/ets.kbfi.ee\/Toksilistest-ainetest-ajakirjanduses\/\">Toxic Substances in the Press<\/a><\/p>\t\t\t\t\t<\/div>\n\t\t\t\t\t\t<\/div>\n\t\t\t\t<\/div>\n\t\t\t\t<div class=\"elementor-element elementor-element-58752a49 elementor-widget elementor-widget-text-editor\" data-id=\"58752a49\" data-element_type=\"widget\" data-widget_type=\"text-editor.default\">\n\t\t\t\t<div class=\"elementor-widget-container\">\n\t\t\t\t\t\t\t\t<div class=\"elementor-text-editor elementor-clearfix\">\n\t\t\t\t<p><a href=\"http:\/\/ipruul.planet.ee\/toksikoloogia\/doku.php\">Study Materials for Basics of Environmental Toxicology<\/a><\/p>\t\t\t\t\t<\/div>\n\t\t\t\t\t\t<\/div>\n\t\t\t\t<\/div>\n\t\t\t\t\t\t<\/div>\n\t\t\t\t\t<\/div>\n\t\t<\/div>\n\t\t\t\t<div class=\"elementor-column elementor-col-50 elementor-top-column elementor-element elementor-element-45b10ac7\" data-id=\"45b10ac7\" data-element_type=\"column\">\n\t\t\t<div class=\"elementor-column-wrap elementor-element-populated\">\n\t\t\t\t\t\t\t<div class=\"elementor-widget-wrap\">\n\t\t\t\t\t\t<div class=\"elementor-element elementor-element-61fcbeb2 elementor-widget elementor-widget-heading\" data-id=\"61fcbeb2\" data-element_type=\"widget\" data-widget_type=\"heading.default\">\n\t\t\t\t<div class=\"elementor-widget-container\">\n\t\t\t<h3 class=\"elementor-heading-title elementor-size-default\">Activity<\/h3>\t\t<\/div>\n\t\t\t\t<\/div>\n\t\t\t\t<div class=\"elementor-element elementor-element-5920e2e0 elementor-widget elementor-widget-text-editor\" data-id=\"5920e2e0\" data-element_type=\"widget\" data-widget_type=\"text-editor.default\">\n\t\t\t\t<div class=\"elementor-widget-container\">\n\t\t\t\t\t\t\t\t<div class=\"elementor-text-editor elementor-clearfix\">\n\t\t\t\t<p style=\"text-align: left;\">The goal of Estonian Society of Toxicology is to spread toxicological knowledge and information, participate in thematical discussions and to serve as a platform for networking between our members. Therefore, the society arranges seminars and conferences and an annual meeting.<\/p><p style=\"text-align: left;\">In May 2022, the conference \"<a href=\"http:\/\/ets.kbfi.ee\/future-directions-in-toxicology\/\" target=\"_blank\" rel=\"noopener\">Future Directions in Toxicology<\/a>\" was held (program visible<span style=\"font-size: 20px; font-style: normal; color: #707070; font-family: 'Roboto Condensed', sans-serif; font-weight: 500;\">\u00a0<\/span><a href=\"https:\/\/docs.google.com\/spreadsheets\/d\/1pUV5MqK9Hqqd590WlUpungXRPgJhyrenhHTobgXny68\/edit#gid=1355042769\" target=\"_blank\" rel=\"noopener\">here<\/a>).<\/p><p style=\"text-align: left;\"><span style=\"font-size: 20px;\">In 2021, the webinar \"<\/span><a href=\"http:\/\/ets.kbfi.ee\/pharmaceuticals\/\" target=\"_blank\" rel=\"noopener\">Pharmaceuticals in the environment: How to control medicinal residues and assess the potential risk<\/a><span style=\"font-size: 20px;\">?\" was organized (program and presentations visible\u00a0<\/span><a href=\"http:\/\/ets.kbfi.ee\/wp-content\/uploads\/2021\/01\/Pharmaceuticals-in-the-environment.pdf\" target=\"_blank\" rel=\"noopener\">here<\/a><span style=\"font-size: 20px;\">).<\/span><\/p>\t\t\t\t\t<\/div>\n\t\t\t\t\t\t<\/div>\n\t\t\t\t<\/div>\n\t\t\t\t<div class=\"elementor-element elementor-element-48bdd55 elementor-widget elementor-widget-heading\" data-id=\"48bdd55\" data-element_type=\"widget\" data-widget_type=\"heading.default\">\n\t\t\t\t<div class=\"elementor-widget-container\">\n\t\t\t<h3 class=\"elementor-heading-title elementor-size-default\">Annual meetings<\/h3>\t\t<\/div>\n\t\t\t\t<\/div>\n\t\t\t\t<div class=\"elementor-element elementor-element-29cfec6 elementor-widget__width-initial elementor-widget elementor-widget-text-editor\" data-id=\"29cfec6\" data-element_type=\"widget\" data-widget_type=\"text-editor.default\">\n\t\t\t\t<div class=\"elementor-widget-container\">\n\t\t\t\t\t\t\t\t<div class=\"elementor-text-editor elementor-clearfix\">\n\t\t\t\t<p><a href=\"http:\/\/ets.kbfi.ee\/ets-2006-koosolek\/\" target=\"_blank\" rel=\"noopener\">2006<\/a><\/p><p><a href=\"http:\/\/ets.kbfi.ee\/ets-2007-aastakoosolek-toimus-kbfi-s\/\" target=\"_blank\" rel=\"noopener\">2007<\/a><\/p><p><a href=\"http:\/\/ets.kbfi.ee\/toimus-ets-2008-aastakoosolek\/\" target=\"_blank\" rel=\"noopener\">2008<\/a><\/p><p><a href=\"http:\/\/ets.kbfi.ee\/toimus-ets-2009-aastakoosolek\/\" target=\"_blank\" rel=\"noopener\">2009<\/a><\/p><p><a href=\"http:\/\/ets.kbfi.ee\/etsi-2010-a-koosolek-toimus-konverentsina-vortsjarvel\/\" target=\"_blank\" rel=\"noopener\">2010<\/a><\/p><p><a href=\"http:\/\/ets.kbfi.ee\/etsi-2011-a-koosolek-toimus-keemilise-ja-bioloogilise-fuusika-instituudis\/\" target=\"_blank\" rel=\"noopener\">2011<\/a><\/p><p><a href=\"http:\/\/ets.kbfi.ee\/etsi-2012-a-koosolek\/\" target=\"_blank\" rel=\"noopener\">2012<\/a><\/p><p><a href=\"http:\/\/ets.kbfi.ee\/eesti-toksikoloogia-seltsi-2013-a-koosolek\/\" target=\"_blank\" rel=\"noopener\">2013<\/a><\/p><p><a href=\"http:\/\/ets.kbfi.ee\/etsi-aastakoosolek-toimus-tallinna-ulikoolis\/\" target=\"_blank\" rel=\"noopener\">2014<\/a><\/p><p><a href=\"http:\/\/ets.kbfi.ee\/eesti-toksikoloogia-seltsi-2015-a-aastakoosolek-toimus-24-aprillil-eesti-kohtuekspertiisi-instituudis-koosoleku-protokolli-ja-grupifotot-saab-naha-siin\/\" target=\"_blank\" rel=\"noopener\">2015<\/a><\/p><p><a href=\"http:\/\/ets.kbfi.ee\/etsi-2016-a-koosolek-toimus-eesti-taimekasvatuse-instituudis\/\" target=\"_blank\" rel=\"noopener\">2016<\/a><\/p><p><a href=\"http:\/\/ets.kbfi.ee\/etsi-2017-a-koosolek-ja-20-juubel\/\" target=\"_blank\" rel=\"noopener\">2017<\/a><\/p><p><a href=\"http:\/\/ets.kbfi.ee\/koosolek-2018\/\" target=\"_blank\" rel=\"noopener\">2018<\/a><\/p><p><a href=\"http:\/\/ets.kbfi.ee\/seltsi-2019-aasta-koosolek-toimus-koos-konverentsiga-kemikaalid-keskkonnas-ja-inimese-biomonitooring-7-8-juunil-nelijarvel\/\" target=\"_blank\" rel=\"noopener\">2019<\/a><\/p><p><a href=\"http:\/\/ets.kbfi.ee\/2020-veebruaris-toimus-ets-koosolek\/\" target=\"_blank\" rel=\"noopener\">2020<\/a><\/p><p><a href=\"http:\/\/ets.kbfi.ee\/2021-aasta-ets-koosolek\/\" target=\"_blank\" rel=\"noopener\">2021<\/a><\/p><p><a href=\"http:\/\/ets.kbfi.ee\/ets-uldkoosolek-30-mail-kell-1500\/\" target=\"_blank\" rel=\"noopener\">2022<\/a><\/p><p><a href=\"https:\/\/ets.kbfi.ee\/et\/eesti-toksikoloogia-seltsi-2023-a-aastakoosolek-ja-seminar-4-mail-2023-a-registreeri-20-aprilliks\/\" target=\"_blank\" rel=\"noopener\">2023<\/a><\/p><p><a href=\"https:\/\/ets.kbfi.ee\/et\/eesti-toksikoloogia-seltsi-aastakoosolek-16-17-mail\/\" target=\"_blank\" rel=\"noopener\">2024<\/a><\/p>\t\t\t\t\t<\/div>\n\t\t\t\t\t\t<\/div>\n\t\t\t\t<\/div>\n\t\t\t\t\t\t<\/div>\n\t\t\t\t\t<\/div>\n\t\t<\/div>\n\t\t\t\t\t\t\t\t<\/div>\n\t\t\t\t\t<\/div>\n\t\t<\/section>\n\t\t\t\t\t\t\t\t\t<\/div>\n\t\t\t<\/div>\n\t\t\t\t\t<\/div>","protected":false},"excerpt":{"rendered":"<p>Mis on toksikoloogia? Toksilistest ainetest ajakirjanduses \u00d5ppematerjal Keskkonna-toksikoloogia alused Tegevus Eesti Toksikoloogia Seltsi eesm\u00e4rk on toksikoloogia-alase informatsiooni levitamine \u00fchiskonnas laiemalt, koolituste ja teavitustegevuste l\u00e4biviimine ning v\u00f5rgustumisv\u00f5imaluse pakkumine seltsi liikmetele. Oma eesm\u00e4rkide saavutamiseks korraldab selts v\u00e4hemalt \u00fche seminari v\u00f5i konverentsi aastas ning kord aastas saab selts kokku aastakoosolekul. 2022. aasta mais toimus konverents &#8220;Future Directions in &hellip;<\/p>\n<p class=\"read-more\"> <a class=\"\" href=\"https:\/\/ets.kbfi.ee\/en\/tegevus\/\"> <span class=\"screen-reader-text\">Activity<\/span> Read More &raquo;<\/a><\/p>","protected":false},"author":3,"featured_media":0,"parent":0,"menu_order":0,"comment_status":"closed","ping_status":"closed","template":"","meta":[],"_links":{"self":[{"href":"https:\/\/ets.kbfi.ee\/en\/wp-json\/wp\/v2\/pages\/1931"}],"collection":[{"href":"https:\/\/ets.kbfi.ee\/en\/wp-json\/wp\/v2\/pages"}],"about":[{"href":"https:\/\/ets.kbfi.ee\/en\/wp-json\/wp\/v2\/types\/page"}],"author":[{"embeddable":true,"href":"https:\/\/ets.kbfi.ee\/en\/wp-json\/wp\/v2\/users\/3"}],"replies":[{"embeddable":true,"href":"https:\/\/ets.kbfi.ee\/en\/wp-json\/wp\/v2\/comments?post=1931"}],"version-history":[{"count":5,"href":"https:\/\/ets.kbfi.ee\/en\/wp-json\/wp\/v2\/pages\/1931\/revisions"}],"predecessor-version":[{"id":2528,"href":"https:\/\/ets.kbfi.ee\/en\/wp-json\/wp\/v2\/pages\/1931\/revisions\/2528"}],"wp:attachment":[{"href":"https:\/\/ets.kbfi.ee\/en\/wp-json\/wp\/v2\/media?parent=1931"}],"curies":[{"name":"wp","href":"https:\/\/api.w.org\/{rel}","templated":true}]}}