{"id":2584,"date":"2025-04-10T11:05:29","date_gmt":"2025-04-10T11:05:29","guid":{"rendered":"https:\/\/ets.kbfi.ee\/?page_id=2584"},"modified":"2025-04-10T11:27:22","modified_gmt":"2025-04-10T11:27:22","slug":"euroopa-registreeritud-toksikoloog-ert","status":"publish","type":"page","link":"https:\/\/ets.kbfi.ee\/en\/euroopa-registreeritud-toksikoloog-ert\/","title":{"rendered":"European Register of Toxicologists (ERT)"},"content":{"rendered":"<div data-elementor-type=\"wp-page\" data-elementor-id=\"2584\" class=\"elementor elementor-2584\">\n\t\t\t\t\t\t<div class=\"elementor-inner\">\n\t\t\t\t<div class=\"elementor-section-wrap\">\n\t\t\t\t\t\t\t\t\t<section class=\"elementor-section elementor-top-section elementor-element elementor-element-1291d0b elementor-section-boxed elementor-section-height-default elementor-section-height-default\" data-id=\"1291d0b\" data-element_type=\"section\">\n\t\t\t\t\t\t<div class=\"elementor-container elementor-column-gap-default\">\n\t\t\t\t\t\t\t<div class=\"elementor-row\">\n\t\t\t\t\t<div class=\"elementor-column elementor-col-100 elementor-top-column elementor-element elementor-element-0b8646b\" data-id=\"0b8646b\" data-element_type=\"column\">\n\t\t\t<div class=\"elementor-column-wrap elementor-element-populated\">\n\t\t\t\t\t\t\t<div class=\"elementor-widget-wrap\">\n\t\t\t\t\t\t<div class=\"elementor-element elementor-element-fe2ac0e elementor-widget elementor-widget-text-editor\" data-id=\"fe2ac0e\" data-element_type=\"widget\" data-widget_type=\"text-editor.default\">\n\t\t\t\t<div class=\"elementor-widget-container\">\n\t\t\t\t\t\t\t\t<div class=\"elementor-text-editor elementor-clearfix\">\n\t\t\t\t<h1>European Register of Toxicologists (ERT)<\/h1>\t\t\t\t\t<\/div>\n\t\t\t\t\t\t<\/div>\n\t\t\t\t<\/div>\n\t\t\t\t\t\t<\/div>\n\t\t\t\t\t<\/div>\n\t\t<\/div>\n\t\t\t\t\t\t\t\t<\/div>\n\t\t\t\t\t<\/div>\n\t\t<\/section>\n\t\t\t\t<section class=\"elementor-section elementor-top-section elementor-element elementor-element-e6ee8cd elementor-section-boxed elementor-section-height-default elementor-section-height-default\" data-id=\"e6ee8cd\" data-element_type=\"section\">\n\t\t\t\t\t\t<div class=\"elementor-container elementor-column-gap-default\">\n\t\t\t\t\t\t\t<div class=\"elementor-row\">\n\t\t\t\t\t<div class=\"elementor-column elementor-col-100 elementor-top-column elementor-element elementor-element-5283569\" data-id=\"5283569\" data-element_type=\"column\">\n\t\t\t<div class=\"elementor-column-wrap elementor-element-populated\">\n\t\t\t\t\t\t\t<div class=\"elementor-widget-wrap\">\n\t\t\t\t\t\t<div class=\"elementor-element elementor-element-6c936c8 elementor-widget elementor-widget-text-editor\" data-id=\"6c936c8\" data-element_type=\"widget\" data-widget_type=\"text-editor.default\">\n\t\t\t\t<div class=\"elementor-widget-container\">\n\t\t\t\t\t\t\t\t<div class=\"elementor-text-editor elementor-clearfix\">\n\t\t\t\t<p>The European Register of Toxicologists (<a href=\"https:\/\/www.eurotox.com\/what-is-ert\/\" target=\"_blank\" rel=\"noopener\">https:\/\/www.eurotox.com\/what-is-ert\/<\/a>) was founded in 1994 and is part of the European Association of Toxicological Societies EUROTOX.\nThe register includes toxicologists who have proven their competence in the field of toxicology and meet the requirements (<a href=\"https:\/\/www.eurotox.com\/ert-requirements\/\" target=\"_blank\" rel=\"noopener\">https:\/\/www.eurotox.com\/ert-requirements\/<\/a>). Toxicologists included in the European register are called European Registered Toxicologist (ERT).<\/p><p>The professional competence of ERTs is recognized throughout Europe and worldwide, and therefore registration offers advantages when finding a professional job.<br \/>Information about ERT registration is available on the website <a href=\"https:\/\/www.eurotox.com\/become-an-ert\/\" target=\"_blank\" rel=\"noopener\">https:\/\/www.eurotox.com\/become-an-ert\/<\/a>. Unfortunately, ERT registration does not take place in Estonia, but if you are interested, you can contact the Finnish ERT register or EUROTOX directly. If you are interested, you can also consult the ETS board at: <a href=\"mailto:ets@kbfi.ee\">ets@kbfi.ee<\/a>.<\/p>\t\t\t\t\t<\/div>\n\t\t\t\t\t\t<\/div>\n\t\t\t\t<\/div>\n\t\t\t\t\t\t<\/div>\n\t\t\t\t\t<\/div>\n\t\t<\/div>\n\t\t\t\t\t\t\t\t<\/div>\n\t\t\t\t\t<\/div>\n\t\t<\/section>\n\t\t\t\t\t\t\t\t\t<\/div>\n\t\t\t<\/div>\n\t\t\t\t\t<\/div>","protected":false},"excerpt":{"rendered":"<p>Euroopa registreeritud toksikoloog (ERT) Euroopa toksikoloogide register (https:\/\/www.eurotox.com\/what-is-ert\/) asutati 1994.a. ning kuulub Euroopa Toksikoloogia Seltside \u00dchendie EUROTOX juurde. Registrisse kuuluvad toksikoloogid, kes on t\u00f5estanud oma p\u00e4devust toksikoloogia valdkonnas ja vastavad esitatud n\u00f5uetele (https:\/\/www.eurotox.com\/ert-requirements\/). Euroopa registrisse kuuluvad toksikoloogid kannavad nime Euroopa registreeritud toksikoloog (ERT). ERT-de erialast p\u00e4devust tunnustatakse \u00fcleeuroopaliselt ja \u00fclemaailmselt ning seet\u00f5ttu pakub registreering eelistusi &hellip;<\/p>\n<p class=\"read-more\"> <a class=\"\" href=\"https:\/\/ets.kbfi.ee\/en\/euroopa-registreeritud-toksikoloog-ert\/\"> <span class=\"screen-reader-text\">European Register of Toxicologists (ERT)<\/span> Read More &raquo;<\/a><\/p>","protected":false},"author":3,"featured_media":0,"parent":0,"menu_order":0,"comment_status":"closed","ping_status":"closed","template":"","meta":[],"_links":{"self":[{"href":"https:\/\/ets.kbfi.ee\/en\/wp-json\/wp\/v2\/pages\/2584"}],"collection":[{"href":"https:\/\/ets.kbfi.ee\/en\/wp-json\/wp\/v2\/pages"}],"about":[{"href":"https:\/\/ets.kbfi.ee\/en\/wp-json\/wp\/v2\/types\/page"}],"author":[{"embeddable":true,"href":"https:\/\/ets.kbfi.ee\/en\/wp-json\/wp\/v2\/users\/3"}],"replies":[{"embeddable":true,"href":"https:\/\/ets.kbfi.ee\/en\/wp-json\/wp\/v2\/comments?post=2584"}],"version-history":[{"count":5,"href":"https:\/\/ets.kbfi.ee\/en\/wp-json\/wp\/v2\/pages\/2584\/revisions"}],"predecessor-version":[{"id":2600,"href":"https:\/\/ets.kbfi.ee\/en\/wp-json\/wp\/v2\/pages\/2584\/revisions\/2600"}],"wp:attachment":[{"href":"https:\/\/ets.kbfi.ee\/en\/wp-json\/wp\/v2\/media?parent=2584"}],"curies":[{"name":"wp","href":"https:\/\/api.w.org\/{rel}","templated":true}]}}