{"id":376,"date":"2020-01-27T08:55:20","date_gmt":"2020-01-27T08:55:20","guid":{"rendered":"http:\/\/ets.konnaelu.ee\/?page_id=376"},"modified":"2022-10-05T17:33:16","modified_gmt":"2022-10-05T17:33:16","slug":"pohikiri","status":"publish","type":"page","link":"https:\/\/ets.kbfi.ee\/en\/pohikiri\/","title":{"rendered":"Statute"},"content":{"rendered":"<div data-elementor-type=\"wp-page\" data-elementor-id=\"376\" class=\"elementor elementor-376\">\n\t\t\t\t\t\t<div class=\"elementor-inner\">\n\t\t\t\t<div class=\"elementor-section-wrap\">\n\t\t\t\t\t\t\t\t\t<section class=\"elementor-section elementor-top-section elementor-element elementor-element-61b3daf1 elementor-section-full_width elementor-section-content-top elementor-section-height-default elementor-section-height-default\" data-id=\"61b3daf1\" data-element_type=\"section\" data-settings=\"{&quot;background_background&quot;:&quot;classic&quot;}\">\n\t\t\t\t\t\t<div class=\"elementor-container elementor-column-gap-no\">\n\t\t\t\t\t\t\t<div class=\"elementor-row\">\n\t\t\t\t\t<div class=\"elementor-column elementor-col-50 elementor-top-column elementor-element elementor-element-efb2808 elementor-hidden-tablet elementor-hidden-phone\" data-id=\"efb2808\" data-element_type=\"column\">\n\t\t\t<div class=\"elementor-column-wrap elementor-element-populated\">\n\t\t\t\t\t\t\t<div class=\"elementor-widget-wrap\">\n\t\t\t\t\t\t<div class=\"elementor-element elementor-element-a1a0450 elementor-hidden-tablet elementor-hidden-phone elementor-widget elementor-widget-wp-widget-nav_menu\" data-id=\"a1a0450\" data-element_type=\"widget\" data-widget_type=\"wp-widget-nav_menu.default\">\n\t\t\t\t<div class=\"elementor-widget-container\">\n\t\t\t<div class=\"menu-menuu-container\"><ul id=\"menu-menuu\" class=\"menu\"><li id=\"menu-item-1158\" class=\"menu-item menu-item-type-custom menu-item-object-custom menu-item-1158\"><a href=\"http:\/\/ets.kbfi.ee\">News<\/a><\/li>\n<li id=\"menu-item-1936\" class=\"menu-item menu-item-type-post_type menu-item-object-page menu-item-1936\"><a href=\"https:\/\/ets.kbfi.ee\/en\/tegevus\/\">Activity<\/a><\/li>\n<li id=\"menu-item-388\" class=\"menu-item menu-item-type-post_type menu-item-object-page menu-item-388\"><a href=\"https:\/\/ets.kbfi.ee\/en\/ajalugu\/\">History<\/a><\/li>\n<li id=\"menu-item-395\" class=\"menu-item menu-item-type-post_type menu-item-object-page menu-item-395\"><a href=\"https:\/\/ets.kbfi.ee\/en\/pohikiri\/\">Statute<\/a><\/li>\n<li id=\"menu-item-391\" class=\"menu-item menu-item-type-post_type menu-item-object-page menu-item-391\"><a href=\"https:\/\/ets.kbfi.ee\/en\/liikmed\/\">Members<\/a><\/li>\n<li id=\"menu-item-389\" class=\"menu-item menu-item-type-post_type menu-item-object-page menu-item-389\"><a href=\"https:\/\/ets.kbfi.ee\/en\/juhatus\/\">Board<\/a><\/li>\n<li id=\"menu-item-1923\" class=\"menu-item menu-item-type-post_type menu-item-object-page menu-item-1923\"><a href=\"https:\/\/ets.kbfi.ee\/en\/astun-liikmeks\/\">Become a Member<\/a><\/li>\n<li id=\"menu-item-394\" class=\"menu-item menu-item-type-post_type menu-item-object-page menu-item-394\"><a href=\"https:\/\/ets.kbfi.ee\/en\/marksonad\/\">Keywords<\/a><\/li>\n<li id=\"menu-item-2199\" class=\"menu-item menu-item-type-post_type menu-item-object-page menu-item-2199\"><a href=\"https:\/\/ets.kbfi.ee\/en\/infokirjad\/\">Newsletters<\/a><\/li>\n<li id=\"menu-item-2358\" class=\"menu-item menu-item-type-post_type menu-item-object-page menu-item-2358\"><a href=\"https:\/\/ets.kbfi.ee\/en\/eesti-teaduste-akadeemia-liige\/\">Member of Estonian Academy of Sciences<\/a><\/li>\n<li id=\"menu-item-1039\" class=\"menu-item menu-item-type-custom menu-item-object-custom menu-item-1039\"><a href=\"#colophon\">Contact<\/a><\/li>\n<li id=\"menu-item-2717\" class=\"menu-item menu-item-type-post_type menu-item-object-page menu-item-2717\"><a href=\"https:\/\/ets.kbfi.ee\/en\/oppematerjal-keskkonnatoksikoloogia-alused\/\">\u00d5ppematerjal Keskkonnatoksikoloogia alused<\/a><\/li>\n<\/ul><\/div>\t\t<\/div>\n\t\t\t\t<\/div>\n\t\t\t\t<div class=\"elementor-element elementor-element-ad06ad6 elementor-widget-divider--view-line elementor-widget elementor-widget-divider\" data-id=\"ad06ad6\" data-element_type=\"widget\" data-widget_type=\"divider.default\">\n\t\t\t\t<div class=\"elementor-widget-container\">\n\t\t\t\t\t<div class=\"elementor-divider\">\n\t\t\t<span class=\"elementor-divider-separator\">\n\t\t\t\t\t\t<\/span>\n\t\t<\/div>\n\t\t\t\t<\/div>\n\t\t\t\t<\/div>\n\t\t\t\t<div class=\"elementor-element elementor-element-b0a8f1a elementor-widget elementor-widget-text-editor\" data-id=\"b0a8f1a\" data-element_type=\"widget\" data-widget_type=\"text-editor.default\">\n\t\t\t\t<div class=\"elementor-widget-container\">\n\t\t\t\t\t\t\t\t<div class=\"elementor-text-editor elementor-clearfix\">\n\t\t\t\t<p><a href=\"http:\/\/ets.kbfi.ee\/mis-on-toksikoloogia\/\">What is Toxicology?<\/a><\/p>\t\t\t\t\t<\/div>\n\t\t\t\t\t\t<\/div>\n\t\t\t\t<\/div>\n\t\t\t\t<div class=\"elementor-element elementor-element-4bc2fa9 elementor-widget elementor-widget-text-editor\" data-id=\"4bc2fa9\" data-element_type=\"widget\" data-widget_type=\"text-editor.default\">\n\t\t\t\t<div class=\"elementor-widget-container\">\n\t\t\t\t\t\t\t\t<div class=\"elementor-text-editor elementor-clearfix\">\n\t\t\t\t<p><a href=\"http:\/\/ets.kbfi.ee\/Toksilistest-ainetest-ajakirjanduses\/\">Toxic Substances in the Press<\/a><\/p>\t\t\t\t\t<\/div>\n\t\t\t\t\t\t<\/div>\n\t\t\t\t<\/div>\n\t\t\t\t<div class=\"elementor-element elementor-element-d5571c7 elementor-widget elementor-widget-text-editor\" data-id=\"d5571c7\" data-element_type=\"widget\" data-widget_type=\"text-editor.default\">\n\t\t\t\t<div class=\"elementor-widget-container\">\n\t\t\t\t\t\t\t\t<div class=\"elementor-text-editor elementor-clearfix\">\n\t\t\t\t<p><a href=\"http:\/\/ipruul.planet.ee\/toksikoloogia\/doku.php\">Study Materials for Basics of Environmental Toxicology<\/a><\/p>\t\t\t\t\t<\/div>\n\t\t\t\t\t\t<\/div>\n\t\t\t\t<\/div>\n\t\t\t\t\t\t<\/div>\n\t\t\t\t\t<\/div>\n\t\t<\/div>\n\t\t\t\t<div class=\"elementor-column elementor-col-50 elementor-top-column elementor-element elementor-element-a627d36\" data-id=\"a627d36\" data-element_type=\"column\">\n\t\t\t<div class=\"elementor-column-wrap elementor-element-populated\">\n\t\t\t\t\t\t\t<div class=\"elementor-widget-wrap\">\n\t\t\t\t\t\t<div class=\"elementor-element elementor-element-305ffd23 elementor-widget elementor-widget-heading\" data-id=\"305ffd23\" data-element_type=\"widget\" data-widget_type=\"heading.default\">\n\t\t\t\t<div class=\"elementor-widget-container\">\n\t\t\t<h3 class=\"elementor-heading-title elementor-size-default\">Statute<\/h3>\t\t<\/div>\n\t\t\t\t<\/div>\n\t\t\t\t<section class=\"elementor-section elementor-inner-section elementor-element elementor-element-7076af6a elementor-section-full_width elementor-section-height-default elementor-section-height-default\" data-id=\"7076af6a\" data-element_type=\"section\">\n\t\t\t\t\t\t<div class=\"elementor-container elementor-column-gap-default\">\n\t\t\t\t\t\t\t<div class=\"elementor-row\">\n\t\t\t\t\t<div class=\"elementor-column elementor-col-100 elementor-inner-column elementor-element elementor-element-655e3273\" data-id=\"655e3273\" data-element_type=\"column\">\n\t\t\t<div class=\"elementor-column-wrap elementor-element-populated\">\n\t\t\t\t\t\t\t<div class=\"elementor-widget-wrap\">\n\t\t\t\t\t\t<div class=\"elementor-element elementor-element-4c8d98be elementor-widget__width-initial elementor-widget elementor-widget-text-editor\" data-id=\"4c8d98be\" data-element_type=\"widget\" data-widget_type=\"text-editor.default\">\n\t\t\t\t<div class=\"elementor-widget-container\">\n\t\t\t\t\t\t\t\t<div class=\"elementor-text-editor elementor-clearfix\">\n\t\t\t\t<p><strong>1. \u00dclds\u00e4tted.<\/strong><br \/>1.1. Eesti Toksikoloogia Selts (edaspidi Selts) on Eestis toksikoloogia alaste uurimustega tegelevate ning sellest teadusharust huvituvate isikute vabatahtlik, iseseisev ja s\u00f5ltumatu mittetulunduslik \u00fchendus, mis tegutseb liikmete omavalitsuse alusel.<br \/>1.2. Selts on asutatud Tallinnas, 17. oktoobril 1997.a.<br \/>1.3. Selts on era-\u00f5iguslik juriidiline isik oma pangakonto(de) ja pitsatiga.<br \/>1.4. Seltsil on \u00fcldkoosoleku poolt kinnitatud atribuutika ja s\u00fcmboolika, mille kasutamise m\u00e4\u00e4rab Seltsi \u00fcldkoosolekul kinnitatud statuut<br \/>1.5. Selts juhindub oma tegevuses seadustest, \u00f5igusaktidest ja k\u00e4esolevast p\u00f5hikirjast<br \/>1.6. Seltsi asukohaks on Tallinn <br \/>1.7. Selts on asutatud t\u00e4htajatult<br \/>1.8. Seltsi majandusaasta algab 1. Jaanuaril ja l\u00f5peb 31. Detsembril<\/p><p><strong>2. Seltsi eesm\u00e4rk ja \u00fclesanded:<\/strong><br \/>2.1. igak\u00fclgselt arendada ja populariseerida toksikoloogia suunitlusega uurimistegevust, t\u00e4ienduskoolitust ja rahvaharidust;<br \/>2.2. korraldada toksikoloogia ja selle l\u00e4hidistsipliinide alaseid konverentse, s\u00fcmpoosione, diskussioone, n\u00f5upidamisi, seminare, \u00f5ppereise, n\u00e4itusi jms.; <br \/>2.3. soodustada oma aktiivsete liikmete (eriti kraadi\u00f5ppe-\u00fcli\u00f5pilaste ja noorspetsialistide) osalemist rahvusvahelistel teadus\u00fcritustel ja sta\u00feeerimist koost\u00f6\u00f6partnerite juures;<br \/>2.4. kaasa aidata Eesti majanduse, loodusvarade s\u00e4\u00e4stliku kasutamise ja keskkonnakaitsega seotud toksikoloogia alaste probleemide arutamises ja lahendamises;<br \/>2.5. luua kontakte ja korraldada koost\u00f6\u00f6d kolleegidega, kes t\u00f6\u00f6tavad toksikoloogia ning selle l\u00e4hidistsipliinide alal nii Eestis kui v\u00e4ljaspool Eestit;<br \/>2.6. kaitsta Seltsi liikmete kutsealaseid huvisid;<br \/>2.7. toksikoloogia alaste konsultatsioonide ja eksperthinnangute andmise organiseerimine nii juriidilistele kui f\u00fc\u00fcsilistele isikutele;<br \/>2.8. propageerida eetikaprintsiipide j\u00e4rgimist toksikoloogias ja sellega k\u00fclgnevates teadus- ning uurimissuundades<\/p><p><strong>3. Oma eesm\u00e4rkide saavutamiseks on Seltsil \u00f5igus:<\/strong><br \/>3.1. organiseerida ja v\u00f5tta vastu rahalist abi asutustelt, firmadelt ja fondidelt; osta, omada ja sooritada tehinguid kinnisvara ja v\u00e4\u00e4rtpaberitega; v\u00f5tta vastu kinke, annetusi, testamente; korraldada korjandusi ning ka tasulisi konverentse, seminare jms;<br \/>3.2. publitseerida konverentside, seminaride jms. materjale ja Seltsi informatsioonilehte; <br \/>3.3. anda v\u00e4lja uurimis-stipendiume toksikoloogia-alasteks uuringuteks, toetusi osalemiseks kursustel\/konverentsidel ja preemiaid toksikoloogia alal tehtud silmapaistvate t\u00f6\u00f6de eest (s.h. magistri- ja doktorit\u00f6\u00f6d), esitada liikmeid aunimetuste ja autasude saamiseks.<br \/>3.4. astuda vastavate rahvusvaheliste seltside v\u00f5i liitude liikmeks<\/p><p><strong>4. Seltsi liikmed, liikmeks vastuv\u00f5tmine, v\u00e4ljaastumine, v\u00e4ljaarvamine<\/strong><br \/>4.1. Seltsi v\u00f5ivad kuuluda tegev-, v\u00e4lis-, au- ja toetajaliikmed.<br \/>4.2. Tegevliikmeteks v\u00f5ivad olla k\u00f5ik toksikoloogiaga tegelevad ja toksikoloogia-huvilised isikud. Tegevliikmete vastuv\u00f5tu otsustab seltsi juhatus kahe tegevliikme soovitusel. Liikmeks vastuv\u00f5tmine j\u00f5ustub p\u00e4rast isiku poolt Seltsi sisseastumismaksu ja aastase liikmemaksu tasumist.<br \/>4.3.V\u00e4lisliikmeks v\u00f5ib olla alaliselt v\u00e4ljaspool Eestit elav isik, kes tegeleb toksikoloogiaga v\u00f5i tunneb huvi selle vastu. V\u00e4lisliikmeks vastuv\u00f5tu otsustab juhatus isikliku avalduse alusel. Liikmeks vastuv\u00f5tmine j\u00f5ustub p\u00e4rast isiku poolt Seltsi sisseastumismaksu ja aastase liikmemaksu tasumist.<br \/>4.4. Auliikmeks v\u00f5ib olla isik, kellel on eriti suuri teeneid seltsi ees v\u00f5i Eesti toksikoloogia arendamisel. Auliikmeid valib Seltsi \u00fcldkoosolek.<br \/>4.5. Toetajaliikmeks v\u00f5ivad olla avalduse alusel ettev\u00f5tted, asutused, organisatsioonid ja \u00fcksikisikud, kes soovivad aineliselt ja moraalselt toetada Seltsi tegevust.<br \/>4.6. Tegev- ja v\u00e4lisliikmete sisseastumismaksu ja liikmemaksu suuruse otsustab Seltsi \u00fcldkoosolek. Mittet\u00f6\u00f6tavate pension\u00e4ride ja \u00fcli\u00f5pilaste liikmemaks on pool tegevliikme liikmemaksust.<br \/>4.7. Seltsi liige arvatakse seltsist v\u00e4lja Seltsi juhatuse otsusega. V\u00e4ljaarvamise aluseks v\u00f5ib olla liikme kirjalik avaldus, Seltsi p\u00f5hikirja s\u00e4tete rikkumine v\u00f5i liikmemaksu tasumata j\u00e4tmine 2 aasta jooksul. Juhatus teatab liikmele v\u00e4hemalt 2 n\u00e4dalat kirjalikult (kas posti, faksi v\u00f5i elektronposti teel) ette selle koosoleku toimumisest, millisel arutatakse tema Seltsist v\u00e4ljaarvamist. Liikmel on \u00f5igus koosolekul osaleda ja vaidlustada juhatuse otsus j\u00e4rgmisel Seltsi \u00fcldkoosolekul.<\/p><p><strong>5. Seltsi liikmete \u00f5igused ja kohustused<\/strong> <br \/>5.1. Seltsi liikmetel on \u00f5igus osa v\u00f5tta k\u00f5igist l\u00e4biviidavatest \u00fcritustest, avaldada oma uurimist\u00f6\u00f6 tulemusi Seltsi v\u00e4ljaannetes, apelleerida \u00fcldkoosolekul juhatuse otsustele, teha Seltsi kaudu Vabariigi Valitsusele ettepanekuid erialap\u00e4devais k\u00fcsimustes ja astuda Seltsist v\u00e4lja.<br \/>5.2. Seltsi liikmetel on \u00f5igus kuuluda Seltsi juht- ja kontrollorganitesse, omada h\u00e4\u00e4le\u00f5igust Seltsi \u00fcldkogul. Igal liikmel on \u00fcldkogul otsustatavate k\u00fcsimuste h\u00e4\u00e4letamisel \u00fcks h\u00e4\u00e4l.<br \/>5.3. Seltsi liige on kohustatud kaasa aitama Seltsi eesm\u00e4rkide elluviimisele, t\u00e4itma Seltsi p\u00f5hikirja n\u00f5udeid, tasuma \u00f5igeaegselt liikmemaksu, t\u00e4itma Seltsi \u00fcldkoosoleku ja juhatuse otsuseid.<\/p><p><strong>6. \u00dcldkoosolek<\/strong><br \/>6.1. Seltsi k\u00f5rgem organ on liikmete \u00fcldkoosolek, mis kutsutakse kokku Seltsi juhatuse poolt mitte harvem kui \u00fcks kord aastas. \u00dcldkoosolekul v\u00f5ib osaleda ja h\u00e4\u00e4letada Seltsi liige v\u00f5i tema esindaja, kellele on antud lihtkirjalik volikiri. Esindajaks v\u00f5ib olla ainult teine Seltsi liige.<br \/>6.2. erakorraline \u00fcldkoosolek v\u00f5idakse kokku kutsuda juhatuse otsusel v\u00f5i 1\/10 Seltsi liikmete kirjalikul n\u00f5udmisel;<br \/>6.3. \u00fcldkoosolekul on igal liikmel iseenda\u00a0 v\u00f5i tema poolt volitatud esindaja kaudu 1 h\u00e4\u00e4l. H\u00e4\u00e4letamine on avalik, kui koosolek ei otsusta teisiti.<br \/>6.4. Seltsi \u00fcldkoosoleku toimumise aeg ja koht teatatakse liikmetele ette v\u00e4hemalt 2 n\u00e4dalat kas posti, faksi v\u00f5i elektronposti teel;<br \/>6.5. \u00fcldkoosolek on otsustusv\u00f5imeline kui selles osaleb v\u00f5i on esindatud \u00fcle \u00bd\u00a0 Seltsi liikmetest; <br \/>6.6. Kui \u00fcldkoosolek ei ole paragrahvis 6.5. s\u00e4testatu kohaselt p\u00e4dev otsuseid vastu v\u00f5tma, kutsub juhatus kolme n\u00e4dala jooksul kokku uue \u00fcldkoosoleku sama p\u00e4evakorraga. Uus \u00fcldkoosolek on p\u00e4dev vastu v\u00f5tma otsuseid, s\u00f5ltumata \u00fcldkoosolekus osalenud v\u00f5i esindatud liikmete arvust, kuid \u00fcksnes juhul, kui \u00fcldkoosolekus osaleb v\u00f5i on esindatud v\u00e4hemalt kaks liiget.<br \/>6.7. \u00dcldkoosoleku otsused v\u00f5etakse vastu kohalviibivate liikmete v\u00f5i nende esindajate lihth\u00e4\u00e4lteenamusega (v.a. punktis 6.8.1. ja 10.2. kirjeldatud juhtumid). Kui poolt- ja vastuh\u00e4\u00e4li on v\u00f5rdselt, on otsustavaks h\u00e4\u00e4leks Seltsi esimehe h\u00e4\u00e4l.<br \/>6.8. \u00fcldkoosoleku p\u00e4devuses on:<br \/>6.8.1. Seltsi p\u00f5hikirja muudatused. P\u00f5hikirja muudatuste sisseviimiseks on vaja \u00fcle 2\/3 \u00fcldkoosolekul osalenud v\u00f5i esindatud Seltsi liikmete poolth\u00e4\u00e4li, kusjuures Seltsi liikmeid peab olema eelnevalt teavitatud vastava \u00fcldkoosoleku p\u00e4evakorrast nagu n\u00e4idatud punktis 6.4. <br \/>6.8.2. Seltsi juhatuse m\u00e4\u00e4ramine ja vajadusel revisjonikomisjoni m\u00e4\u00e4ramine;<br \/>6.8.3. Seltsi tegevuse reorganiseerimine, \u00fchinemine, jagunemine v\u00f5i likvideerimine; <br \/>6.8.4. stipendiumide, autasude ja preemiate sisseseadmine ning nende m\u00e4\u00e4ramise korra kehtestamine;<br \/>6.8.5. Seltsi atribuutika ja s\u00fcmboolika ja selle kasutamise korda reguleeriva statuudi kinnitamine;<br \/>auliikmete valimine;<br \/>6.8.6. sisseastumismaksu ja liikmemaksu suuruse m\u00e4\u00e4ramine<br \/>6.8.7.Seltsile kuuluvate kinnisasjade ja registrisse kantavate vallasasjadega tehingute tegemine;<br \/>6.8.8. muud tegevused, mis tulenevalt seadusest v\u00f5i p\u00f5hikirjast ning pole antud teiste organite p\u00e4devusse.<br \/>6.8.9. Seltsi tegevus- ja finantsaruande kinnitamine<\/p><p><strong>7. Juhatus<\/strong><br \/>7.1. \u00dcldkoosolekute vahelisel ajal juhib Seltsi tegevust juhatus, milles on 3-6 liiget.<br \/>7.2. Juhatuse m\u00e4\u00e4rab Seltsi \u00fcldkoosolek 4 aastaks ja juhatus on vastutav \u00fcldkoosoleku ees.<br \/>7.3. Juhatus <br \/>7.3.1. nimetab enda hulgast ametisse Seltsi juhatuse esimehe\u00a0 ja sekret\u00e4ri-varahoidja. <br \/>7.3.2. koostab Seltsi tegevuskava,eelarved ja aruanded;<br \/>7.3.3. moodustab Seltsi tegevuseks vajalikke t\u00f6\u00f6r\u00fchmi ja komisjone, suunab nende tegevust;<br \/>7.3.4. v\u00f5tab vastu ja arvab v\u00e4lja liikmeid;<br \/>7.3.5. autasustab Seltsi liikmeid;<br \/>7.3.6. s\u00f5lmib Seltsi t\u00f6\u00f6ks vajalikke lepinguid;<br \/>7.3.7. esindab Seltsi riiklikes ja \u00fchiskondlikes organisatsioonides Eestis ja v\u00e4ljaspool Eestit;<br \/>7.3.8. peab kirjavahetust organisatsioonide ja \u00fcksikisikutega;<br \/>7.3.9. k\u00e4sutab Seltsi rahalisi ja materiaalseid vahendeid;<br \/>7.3.10. v\u00f5tab ametisse ja vabastab ametist seltsi palgalisi t\u00f6\u00f6tajaid;<br \/>7.3.11. valmistab ette \u00fcldkoosolekud;<br \/>7.3.12. soetab Seltsi tegevuseks vajalikke materiaalseid v\u00e4\u00e4rtusi;<br \/>7.3.13. juhatuse koosolek toimub vastavalt vajadusele, kuid v\u00e4hemalt \u00fcks kord poole aasta jooksul. Juhatuse koosolek on otsustusv\u00f5imeline, kui sellest v\u00f5tab osa \u00fcle poole juhatuse liikmetest. Koosolekut v\u00f5ib pidada ka elektronposti teel. Juhatuse otsused v\u00f5etakse vastu liht-h\u00e4\u00e4lteenamusega, igal juhatuse liikmel on 1 h\u00e4\u00e4l. Kui poolt-ja vastuh\u00e4\u00e4li on v\u00f5rdselt, on otsustavaks h\u00e4\u00e4leks Seltsi esimehe h\u00e4\u00e4l.<br \/>7.3.14. juhatus korraldab Seltsi raamatupidamist vastavalt raamatupidamisseadusele<br \/>7.3.15. juhatus on p\u00e4dev esindama Seltsi k\u00f5igis seadusest tulenevates \u00f5igustoimingutes<br \/>7.3.16. juhatuse liikme v\u00f5ib tagasi kutsuda kui tema kohustused Seltsi ees on olulisel m\u00e4\u00e4ral t\u00e4itmata v\u00f5i on ilmnenud tema v\u00f5imetus v\u00f5i soovimatus Seltsi juhtida.<br \/>7.3.17. Seltsi esindab Seltsi juhatuse esimees eraldi v\u00f5i k\u00f5ik \u00fclej\u00e4\u00e4nud juhatuse liikmed \u00fcheskoos.<\/p><p><strong>8. All\u00fcksused<\/strong><br \/>Seltsil v\u00f5ivad olla all\u00fcksused, mis ei ole juriidilised isikud. All\u00fcksuseid v\u00f5idakse moodustada ettev\u00f5tetes, asutustes ja organisatsioonides Seltsi liikmete algatusel nii Eesti Vabariigis kui ka v\u00e4lisriikides.<br \/>8.1. Seltsi all\u00fcksuste juhatus valitakse all\u00fcksustesse kuuluvate liikmete poolt;<br \/>8.2. all\u00fcksuste juhatus:<br \/>8.2.1. juhib all\u00fcksuste tegevust;<br \/>8.2.2. kogub liikmemaksu;<br \/>8.2.3. algatab k\u00fcsimusi Seltsi juhatuse ees;<br \/>8.2.4. koostab ja esitab all\u00fcksuste aruanded;<br \/>8.2.5. all\u00fcksuste juhatus on vastutav seltsi juhatuse ees<\/p><p><strong>9. Seltsi vahendid ja finantsmajandusliku tegevuse alused<\/strong><br \/>9.1. Seltsi majandusliku aluse moodustavad:<br \/>9.1.1. sisseastumis- ja liikmemaksud;<br \/>9.1.2. \u00fcrituste korraldamisest, konverentside teesi- ja artiklikogumike jmt. v\u00e4ljaannete m\u00fc\u00fcgist laekuvad tulud;<br \/>9.1.3. deposiithoiuste intressitulud, kinnisvara haldamisest ja m\u00fc\u00fcgist ning v\u00e4\u00e4rtpaberite m\u00fc\u00fcgist saadud tulud;<br \/>9.1.4. annetused ja vabatahtlikud maksed;<br \/>9.1.5. muud laekumised ning Seltsi tegevuse tagamiseks soetatud vara.<br \/>9.2. Oma p\u00f5hikirjalise tegevuse tagamiseks on Seltsil \u00f5igus s\u00f5lmida lepinguid teiste juriidiliste isikutega ning omada sihtasutusi. Oma tegevuse eesm\u00e4rkide saavutamiseks arendatava tegevusega ei taotle Selts majandusliku kasu saamist;<br \/>9.3. Selts vastutab oma kohustuste t\u00e4itmise eest kogu oma varaga;<br \/>9.4. Selts ei vastuta oma liikmete kohustuste t\u00e4itmise eest ja Seltsi liikmed ei vastuta Seltsi kohustuste t\u00e4itmise eest;<br \/>9.5. Seltsi rahaliste vahendite k\u00e4sutamise \u00f5igus on Seltsi juhatusel, kes vastutab nende sihip\u00e4rase kasutamise eest.<br \/>9.6. Peetakse raamatupidamise arvestust ja makstakse makse riigi- ka kohalikku eelarvesse seadusandluses etten\u00e4htud korras ning peetakse statistilist aruandlust.<\/p><p><strong>10. L\u00f5petamine. Likvideerimine. \u00dchinemine. Jagunemine<\/strong><br \/>10.1. Seltsi tegevuse l\u00f5petamise, \u00fchinemise v\u00f5i jagunemise otsustab Seltsi \u00fcldkoosolek.<br \/>10.2. Seltsi tegevuse l\u00f5petamiseks, \u00fchinemiseks v\u00f5i jagunemiseks on n\u00f5utav Seltsi \u00dcldkoosoleku otsus, mille poolt on h\u00e4\u00e4letanud \u00fcle 2\/3 osalenud v\u00f5i esindatud Seltsi liikmetest, kusjuures Seltsi liikmeid peab olema eelnevalt teavitatud vastava \u00fcldkoosoleku p\u00e4evakorrast nagu n\u00e4idatud punktis 6.4. <br \/>10.3. Seltsi likvideerijateks on \u00fcldkoosoleku poolt m\u00e4\u00e4ratud isikud<br \/>10.4. Seltsi likvideerimisel antakse allesj\u00e4\u00e4nud varad p\u00e4rast v\u00f5lausaldajate n\u00f5uete rahuldamist samalaadsete eesm\u00e4rkidega mittetulundus\u00fchingule v\u00f5i sihtasutusele v\u00f5i riigile v\u00f5i kohalikule omavalitsusele.<\/p><p>Mittetulundus\u00fchingu Eesti Toksikoloogia Selts p\u00f5hikirja k\u00e4esolev redaktsioon on kinnitatud <br \/>27. septembril 2002 Eesti Toksikoloogia Seltsi \u00dcldkoosolekul<\/p>\t\t\t\t\t<\/div>\n\t\t\t\t\t\t<\/div>\n\t\t\t\t<\/div>\n\t\t\t\t\t\t<\/div>\n\t\t\t\t\t<\/div>\n\t\t<\/div>\n\t\t\t\t\t\t\t\t<\/div>\n\t\t\t\t\t<\/div>\n\t\t<\/section>\n\t\t\t\t\t\t<\/div>\n\t\t\t\t\t<\/div>\n\t\t<\/div>\n\t\t\t\t\t\t\t\t<\/div>\n\t\t\t\t\t<\/div>\n\t\t<\/section>\n\t\t\t\t\t\t\t\t\t<\/div>\n\t\t\t<\/div>\n\t\t\t\t\t<\/div>","protected":false},"excerpt":{"rendered":"<p>Mis on toksikoloogia? Toksilistest ainetest ajakirjanduses \u00d5ppematerjal Keskkonna-toksikoloogia alused P\u00f5hikiri 1. \u00dclds\u00e4tted.1.1. Eesti Toksikoloogia Selts (edaspidi Selts) on Eestis toksikoloogia alaste uurimustega tegelevate ning sellest teadusharust huvituvate isikute vabatahtlik, iseseisev ja s\u00f5ltumatu mittetulunduslik \u00fchendus, mis tegutseb liikmete omavalitsuse alusel.1.2. Selts on asutatud Tallinnas, 17. oktoobril 1997.a.1.3. Selts on era-\u00f5iguslik juriidiline isik oma pangakonto(de) ja pitsatiga.1.4. &hellip;<\/p>\n<p class=\"read-more\"> <a class=\"\" href=\"https:\/\/ets.kbfi.ee\/en\/pohikiri\/\"> <span class=\"screen-reader-text\">Statute<\/span> Read More &raquo;<\/a><\/p>","protected":false},"author":1,"featured_media":0,"parent":0,"menu_order":0,"comment_status":"closed","ping_status":"closed","template":"","meta":[],"_links":{"self":[{"href":"https:\/\/ets.kbfi.ee\/en\/wp-json\/wp\/v2\/pages\/376"}],"collection":[{"href":"https:\/\/ets.kbfi.ee\/en\/wp-json\/wp\/v2\/pages"}],"about":[{"href":"https:\/\/ets.kbfi.ee\/en\/wp-json\/wp\/v2\/types\/page"}],"author":[{"embeddable":true,"href":"https:\/\/ets.kbfi.ee\/en\/wp-json\/wp\/v2\/users\/1"}],"replies":[{"embeddable":true,"href":"https:\/\/ets.kbfi.ee\/en\/wp-json\/wp\/v2\/comments?post=376"}],"version-history":[{"count":5,"href":"https:\/\/ets.kbfi.ee\/en\/wp-json\/wp\/v2\/pages\/376\/revisions"}],"predecessor-version":[{"id":1784,"href":"https:\/\/ets.kbfi.ee\/en\/wp-json\/wp\/v2\/pages\/376\/revisions\/1784"}],"wp:attachment":[{"href":"https:\/\/ets.kbfi.ee\/en\/wp-json\/wp\/v2\/media?parent=376"}],"curies":[{"name":"wp","href":"https:\/\/api.w.org\/{rel}","templated":true}]}}