{"id":1912,"date":"2022-10-05T20:00:24","date_gmt":"2022-10-05T20:00:24","guid":{"rendered":"http:\/\/ets.kbfi.ee\/?page_id=1912"},"modified":"2025-06-16T08:58:00","modified_gmt":"2025-06-16T08:58:00","slug":"astun-liikmeks","status":"publish","type":"page","link":"https:\/\/ets.kbfi.ee\/et\/astun-liikmeks\/","title":{"rendered":"Astun liikmeks"},"content":{"rendered":"\t\t<div data-elementor-type=\"wp-page\" data-elementor-id=\"1912\" class=\"elementor elementor-1912\">\n\t\t\t\t\t\t<div class=\"elementor-inner\">\n\t\t\t\t<div class=\"elementor-section-wrap\">\n\t\t\t\t\t\t\t\t\t<section class=\"elementor-section elementor-top-section elementor-element elementor-element-34fdc10e elementor-section-full_width elementor-section-content-top elementor-section-height-default elementor-section-height-default\" data-id=\"34fdc10e\" data-element_type=\"section\" data-settings=\"{&quot;background_background&quot;:&quot;classic&quot;}\">\n\t\t\t\t\t\t<div class=\"elementor-container elementor-column-gap-no\">\n\t\t\t\t\t\t\t<div class=\"elementor-row\">\n\t\t\t\t\t<div class=\"elementor-column elementor-col-50 elementor-top-column elementor-element elementor-element-3fced698 elementor-hidden-tablet elementor-hidden-phone\" data-id=\"3fced698\" data-element_type=\"column\">\n\t\t\t<div class=\"elementor-column-wrap elementor-element-populated\">\n\t\t\t\t\t\t\t<div class=\"elementor-widget-wrap\">\n\t\t\t\t\t\t<div class=\"elementor-element elementor-element-449b21fd elementor-hidden-tablet elementor-hidden-phone elementor-widget elementor-widget-wp-widget-nav_menu\" data-id=\"449b21fd\" data-element_type=\"widget\" data-widget_type=\"wp-widget-nav_menu.default\">\n\t\t\t\t<div class=\"elementor-widget-container\">\n\t\t\t<div class=\"menu-menuu-container\"><ul id=\"menu-menuu\" class=\"menu\"><li id=\"menu-item-1158\" class=\"menu-item menu-item-type-custom menu-item-object-custom menu-item-1158\"><a href=\"http:\/\/ets.kbfi.ee\">Uudised<\/a><\/li>\n<li id=\"menu-item-1936\" class=\"menu-item menu-item-type-post_type menu-item-object-page menu-item-1936\"><a href=\"https:\/\/ets.kbfi.ee\/et\/tegevus\/\">Tegevus<\/a><\/li>\n<li id=\"menu-item-388\" class=\"menu-item menu-item-type-post_type menu-item-object-page menu-item-388\"><a href=\"https:\/\/ets.kbfi.ee\/et\/ajalugu\/\">Ajalugu<\/a><\/li>\n<li id=\"menu-item-395\" class=\"menu-item menu-item-type-post_type menu-item-object-page menu-item-395\"><a href=\"https:\/\/ets.kbfi.ee\/et\/pohikiri\/\">P\u00f5hikiri<\/a><\/li>\n<li id=\"menu-item-391\" class=\"menu-item menu-item-type-post_type menu-item-object-page menu-item-391\"><a href=\"https:\/\/ets.kbfi.ee\/et\/liikmed\/\">Liikmed<\/a><\/li>\n<li id=\"menu-item-389\" class=\"menu-item menu-item-type-post_type menu-item-object-page menu-item-389\"><a href=\"https:\/\/ets.kbfi.ee\/et\/juhatus\/\">Juhatus<\/a><\/li>\n<li id=\"menu-item-1923\" class=\"menu-item menu-item-type-post_type menu-item-object-page menu-item-1923\"><a href=\"https:\/\/ets.kbfi.ee\/et\/astun-liikmeks\/\">Astun liikmeks<\/a><\/li>\n<li id=\"menu-item-394\" class=\"menu-item menu-item-type-post_type menu-item-object-page menu-item-394\"><a href=\"https:\/\/ets.kbfi.ee\/et\/marksonad\/\">M\u00e4rks\u00f5nad<\/a><\/li>\n<li id=\"menu-item-2199\" class=\"menu-item menu-item-type-post_type menu-item-object-page menu-item-2199\"><a href=\"https:\/\/ets.kbfi.ee\/et\/infokirjad\/\">Infokirjad<\/a><\/li>\n<li id=\"menu-item-2358\" class=\"menu-item menu-item-type-post_type menu-item-object-page menu-item-2358\"><a href=\"https:\/\/ets.kbfi.ee\/et\/eesti-teaduste-akadeemia-liige\/\">Eesti Teaduste Akadeemia liige<\/a><\/li>\n<li id=\"menu-item-1039\" class=\"menu-item menu-item-type-custom menu-item-object-custom menu-item-1039\"><a href=\"#colophon\">Kontakt<\/a><\/li>\n<li id=\"menu-item-2717\" class=\"menu-item menu-item-type-post_type menu-item-object-page menu-item-2717\"><a href=\"https:\/\/ets.kbfi.ee\/et\/oppematerjal-keskkonnatoksikoloogia-alused\/\">\u00d5ppematerjal Keskkonnatoksikoloogia alused<\/a><\/li>\n<\/ul><\/div>\t\t<\/div>\n\t\t\t\t<\/div>\n\t\t\t\t<div class=\"elementor-element elementor-element-2222e854 elementor-widget-divider--view-line elementor-widget elementor-widget-divider\" data-id=\"2222e854\" data-element_type=\"widget\" data-widget_type=\"divider.default\">\n\t\t\t\t<div class=\"elementor-widget-container\">\n\t\t\t\t\t<div class=\"elementor-divider\">\n\t\t\t<span class=\"elementor-divider-separator\">\n\t\t\t\t\t\t<\/span>\n\t\t<\/div>\n\t\t\t\t<\/div>\n\t\t\t\t<\/div>\n\t\t\t\t<div class=\"elementor-element elementor-element-49f844a1 elementor-widget elementor-widget-text-editor\" data-id=\"49f844a1\" data-element_type=\"widget\" data-widget_type=\"text-editor.default\">\n\t\t\t\t<div class=\"elementor-widget-container\">\n\t\t\t\t\t\t\t\t<div class=\"elementor-text-editor elementor-clearfix\">\n\t\t\t\t<p><a href=\"http:\/\/ets.kbfi.ee\/mis-on-toksikoloogia\/\">Mis on toksikoloogia?<\/a><\/p>\t\t\t\t\t<\/div>\n\t\t\t\t\t\t<\/div>\n\t\t\t\t<\/div>\n\t\t\t\t<div class=\"elementor-element elementor-element-4e1a2e09 elementor-widget elementor-widget-text-editor\" data-id=\"4e1a2e09\" data-element_type=\"widget\" data-widget_type=\"text-editor.default\">\n\t\t\t\t<div class=\"elementor-widget-container\">\n\t\t\t\t\t\t\t\t<div class=\"elementor-text-editor elementor-clearfix\">\n\t\t\t\t<p><a href=\"http:\/\/ets.kbfi.ee\/Toksilistest-ainetest-ajakirjanduses\/\">Toksilistest ainetest ajakirjanduses<\/a><\/p>\t\t\t\t\t<\/div>\n\t\t\t\t\t\t<\/div>\n\t\t\t\t<\/div>\n\t\t\t\t<div class=\"elementor-element elementor-element-4a9aa3e4 elementor-widget elementor-widget-text-editor\" data-id=\"4a9aa3e4\" data-element_type=\"widget\" data-widget_type=\"text-editor.default\">\n\t\t\t\t<div class=\"elementor-widget-container\">\n\t\t\t\t\t\t\t\t<div class=\"elementor-text-editor elementor-clearfix\">\n\t\t\t\t<p><a href=\"http:\/\/ipruul.planet.ee\/toksikoloogia\/doku.php\">\u00d5ppematerjal Keskkonna-toksikoloogia alused<\/a><\/p>\t\t\t\t\t<\/div>\n\t\t\t\t\t\t<\/div>\n\t\t\t\t<\/div>\n\t\t\t\t\t\t<\/div>\n\t\t\t\t\t<\/div>\n\t\t<\/div>\n\t\t\t\t<div class=\"elementor-column elementor-col-50 elementor-top-column elementor-element elementor-element-344825c4\" data-id=\"344825c4\" data-element_type=\"column\">\n\t\t\t<div class=\"elementor-column-wrap elementor-element-populated\">\n\t\t\t\t\t\t\t<div class=\"elementor-widget-wrap\">\n\t\t\t\t\t\t<section class=\"elementor-section elementor-inner-section elementor-element elementor-element-3b5cc321 elementor-section-full_width elementor-section-content-top elementor-section-height-default elementor-section-height-default\" data-id=\"3b5cc321\" data-element_type=\"section\">\n\t\t\t\t\t\t<div class=\"elementor-container elementor-column-gap-wide\">\n\t\t\t\t\t\t\t<div class=\"elementor-row\">\n\t\t\t\t\t<div class=\"elementor-column elementor-col-100 elementor-inner-column elementor-element elementor-element-5162ecec\" data-id=\"5162ecec\" data-element_type=\"column\">\n\t\t\t<div class=\"elementor-column-wrap elementor-element-populated\">\n\t\t\t\t\t\t\t<div class=\"elementor-widget-wrap\">\n\t\t\t\t\t\t<div class=\"elementor-element elementor-element-11eb62b4 elementor-widget elementor-widget-heading\" data-id=\"11eb62b4\" data-element_type=\"widget\" data-widget_type=\"heading.default\">\n\t\t\t\t<div class=\"elementor-widget-container\">\n\t\t\t<h3 class=\"elementor-heading-title elementor-size-default\">Astun liikmeks<\/h3>\t\t<\/div>\n\t\t\t\t<\/div>\n\t\t\t\t<div class=\"elementor-element elementor-element-3c8460c4 elementor-widget__width-initial elementor-widget elementor-widget-text-editor\" data-id=\"3c8460c4\" data-element_type=\"widget\" data-widget_type=\"text-editor.default\">\n\t\t\t\t<div class=\"elementor-widget-container\">\n\t\t\t\t\t\t\t\t<div class=\"elementor-text-editor elementor-clearfix\">\n\t\t\t\t<p>Eesti Toksikoloogia Seltsi liikmena saad olla osa toksikoloogide kogukonnast Eestis. Liikmetega jagame valdkondlikku informatsiooni kursuste, seminaride ja t\u00f6\u00f6v\u00f5imaluste kohta. Selts pakub liikmetele madalama tasuga osalemist <a href=\"https:\/\/www.eurotox.com\/annual-congress-awards\/\" target=\"_blank\" rel=\"noopener\">EUROTOX<\/a> konverentsidel ning v\u00e4ikese tasu eest osalemist seltsi \u00fcritustel. Liikmetel on v\u00f5imalus aktiivselt seltsi tegevuses kaasa l\u00fc\u00fca!<\/p><p>Eesti Toksikoloogia Selts ootab oma liikmeks k\u00f5iki, kel on toksikoloogia-alane huvi v\u00f5i kes selles vallas ise tegutsevad ning kes tahaksid aktiivselt Seltsi tegemistes kaasa l\u00fc\u00fca.<\/p><p>Eesti Toksikoloogia Seltsi sisseastumismaks on 15 EUR (\u00fcli\u00f5pilastel ja pension\u00e4ridel 8 EUR) ning aastamaks 15 EUR (\u00fcli\u00f5pilastel ja pension\u00e4ridel 8 EUR).<\/p><p>Sisseastumiseks palun t\u00e4ida <a href=\"https:\/\/ets.kbfi.ee\/avald_liikmeks_ast_ets\/\"><span style=\"text-decoration: underline;\">ankeet<\/span><\/a> ning saada see aadressile <a href=\"mailto:ets@kbfi.ee\"><span style=\"text-decoration: underline;\">ets@kbfi.ee<\/span><\/a>\u00a0v\u00f5i saada postiaadressil Akadeemia tee 23, 12618 Tallinn, m\u00e4rkides saajaks Eesti Toksikoloogia Selts. Sisseastumis- ning aastamaksu saab kanda Eesti Toksikoloogia Seltsi arveldusarvele Swedbank\u00b4is (IBAN) EE422200221010663766.<\/p>\t\t\t\t\t<\/div>\n\t\t\t\t\t\t<\/div>\n\t\t\t\t<\/div>\n\t\t\t\t\t\t<\/div>\n\t\t\t\t\t<\/div>\n\t\t<\/div>\n\t\t\t\t\t\t\t\t<\/div>\n\t\t\t\t\t<\/div>\n\t\t<\/section>\n\t\t\t\t\t\t<\/div>\n\t\t\t\t\t<\/div>\n\t\t<\/div>\n\t\t\t\t\t\t\t\t<\/div>\n\t\t\t\t\t<\/div>\n\t\t<\/section>\n\t\t\t\t\t\t\t\t\t<\/div>\n\t\t\t<\/div>\n\t\t\t\t\t<\/div>\n\t\t","protected":false},"excerpt":{"rendered":"<p>Mis on toksikoloogia? Toksilistest ainetest ajakirjanduses \u00d5ppematerjal Keskkonna-toksikoloogia alused Astun liikmeks Eesti Toksikoloogia Seltsi liikmena saad olla osa toksikoloogide kogukonnast Eestis. Liikmetega jagame valdkondlikku informatsiooni kursuste, seminaride ja t\u00f6\u00f6v\u00f5imaluste kohta. Selts pakub liikmetele madalama tasuga osalemist EUROTOX konverentsidel ning v\u00e4ikese tasu eest osalemist seltsi \u00fcritustel. Liikmetel on v\u00f5imalus aktiivselt seltsi tegevuses kaasa l\u00fc\u00fca! Eesti Toksikoloogia &hellip;<\/p>\n<p class=\"read-more\"> <a class=\"\" href=\"https:\/\/ets.kbfi.ee\/et\/astun-liikmeks\/\"> <span class=\"screen-reader-text\">Astun liikmeks<\/span> Read More &raquo;<\/a><\/p>\n","protected":false},"author":3,"featured_media":0,"parent":0,"menu_order":0,"comment_status":"closed","ping_status":"closed","template":"","meta":[],"_links":{"self":[{"href":"https:\/\/ets.kbfi.ee\/et\/wp-json\/wp\/v2\/pages\/1912"}],"collection":[{"href":"https:\/\/ets.kbfi.ee\/et\/wp-json\/wp\/v2\/pages"}],"about":[{"href":"https:\/\/ets.kbfi.ee\/et\/wp-json\/wp\/v2\/types\/page"}],"author":[{"embeddable":true,"href":"https:\/\/ets.kbfi.ee\/et\/wp-json\/wp\/v2\/users\/3"}],"replies":[{"embeddable":true,"href":"https:\/\/ets.kbfi.ee\/et\/wp-json\/wp\/v2\/comments?post=1912"}],"version-history":[{"count":5,"href":"https:\/\/ets.kbfi.ee\/et\/wp-json\/wp\/v2\/pages\/1912\/revisions"}],"predecessor-version":[{"id":2689,"href":"https:\/\/ets.kbfi.ee\/et\/wp-json\/wp\/v2\/pages\/1912\/revisions\/2689"}],"wp:attachment":[{"href":"https:\/\/ets.kbfi.ee\/et\/wp-json\/wp\/v2\/media?parent=1912"}],"curies":[{"name":"wp","href":"https:\/\/api.w.org\/{rel}","templated":true}]}}