{"id":2584,"date":"2025-04-10T11:05:29","date_gmt":"2025-04-10T11:05:29","guid":{"rendered":"https:\/\/ets.kbfi.ee\/?page_id=2584"},"modified":"2025-04-10T11:27:22","modified_gmt":"2025-04-10T11:27:22","slug":"euroopa-registreeritud-toksikoloog-ert","status":"publish","type":"page","link":"https:\/\/ets.kbfi.ee\/et\/euroopa-registreeritud-toksikoloog-ert\/","title":{"rendered":"Euroopa registreeritud toksikoloog (ERT)"},"content":{"rendered":"\t\t<div data-elementor-type=\"wp-page\" data-elementor-id=\"2584\" class=\"elementor elementor-2584\">\n\t\t\t\t\t\t<div class=\"elementor-inner\">\n\t\t\t\t<div class=\"elementor-section-wrap\">\n\t\t\t\t\t\t\t\t\t<section class=\"elementor-section elementor-top-section elementor-element elementor-element-1291d0b elementor-section-boxed elementor-section-height-default elementor-section-height-default\" data-id=\"1291d0b\" data-element_type=\"section\">\n\t\t\t\t\t\t<div class=\"elementor-container elementor-column-gap-default\">\n\t\t\t\t\t\t\t<div class=\"elementor-row\">\n\t\t\t\t\t<div class=\"elementor-column elementor-col-100 elementor-top-column elementor-element elementor-element-0b8646b\" data-id=\"0b8646b\" data-element_type=\"column\">\n\t\t\t<div class=\"elementor-column-wrap elementor-element-populated\">\n\t\t\t\t\t\t\t<div class=\"elementor-widget-wrap\">\n\t\t\t\t\t\t<div class=\"elementor-element elementor-element-fe2ac0e elementor-widget elementor-widget-text-editor\" data-id=\"fe2ac0e\" data-element_type=\"widget\" data-widget_type=\"text-editor.default\">\n\t\t\t\t<div class=\"elementor-widget-container\">\n\t\t\t\t\t\t\t\t<div class=\"elementor-text-editor elementor-clearfix\">\n\t\t\t\t<h1>Euroopa registreeritud toksikoloog (ERT)<\/h1>\t\t\t\t\t<\/div>\n\t\t\t\t\t\t<\/div>\n\t\t\t\t<\/div>\n\t\t\t\t\t\t<\/div>\n\t\t\t\t\t<\/div>\n\t\t<\/div>\n\t\t\t\t\t\t\t\t<\/div>\n\t\t\t\t\t<\/div>\n\t\t<\/section>\n\t\t\t\t<section class=\"elementor-section elementor-top-section elementor-element elementor-element-e6ee8cd elementor-section-boxed elementor-section-height-default elementor-section-height-default\" data-id=\"e6ee8cd\" data-element_type=\"section\">\n\t\t\t\t\t\t<div class=\"elementor-container elementor-column-gap-default\">\n\t\t\t\t\t\t\t<div class=\"elementor-row\">\n\t\t\t\t\t<div class=\"elementor-column elementor-col-100 elementor-top-column elementor-element elementor-element-5283569\" data-id=\"5283569\" data-element_type=\"column\">\n\t\t\t<div class=\"elementor-column-wrap elementor-element-populated\">\n\t\t\t\t\t\t\t<div class=\"elementor-widget-wrap\">\n\t\t\t\t\t\t<div class=\"elementor-element elementor-element-6c936c8 elementor-widget elementor-widget-text-editor\" data-id=\"6c936c8\" data-element_type=\"widget\" data-widget_type=\"text-editor.default\">\n\t\t\t\t<div class=\"elementor-widget-container\">\n\t\t\t\t\t\t\t\t<div class=\"elementor-text-editor elementor-clearfix\">\n\t\t\t\t<p>Euroopa toksikoloogide register (<a href=\"https:\/\/www.eurotox.com\/what-is-ert\/\" target=\"_blank\" rel=\"noopener\">https:\/\/www.eurotox.com\/what-is-ert\/<\/a>) asutati 1994.a. ning kuulub Euroopa Toksikoloogia Seltside \u00dchendie EUROTOX juurde. Registrisse kuuluvad toksikoloogid, kes on t\u00f5estanud oma p\u00e4devust toksikoloogia valdkonnas ja vastavad esitatud n\u00f5uetele (<a href=\"https:\/\/www.eurotox.com\/ert-requirements\/\" target=\"_blank\" rel=\"noopener\">https:\/\/www.eurotox.com\/ert-requirements\/<\/a>). Euroopa registrisse kuuluvad toksikoloogid kannavad nime Euroopa registreeritud toksikoloog (ERT).<\/p><p>ERT-de erialast p\u00e4devust tunnustatakse \u00fcleeuroopaliselt ja \u00fclemaailmselt ning seet\u00f5ttu pakub registreering eelistusi erialase t\u00f6\u00f6 leidmisel.<br \/>ERT registreerimise kohta on info veebilehel <a href=\"https:\/\/www.eurotox.com\/become-an-ert\/\" target=\"_blank\" rel=\"noopener\">https:\/\/www.eurotox.com\/become-an-ert\/<\/a>. Kahjuks Eestis ERT registreerimist ei toimu, kuid huvi korral on v\u00f5imalik kontakteeruda Soome ERT registriga v\u00f5i otse EUROTOXiga. Huvi korral on v\u00f5imalik ka konsulteerida ETSi juhatusega aadressil: <a href=\"mailto:ets@kbfi.ee\">ets@kbfi.ee<\/a>.<\/p>\t\t\t\t\t<\/div>\n\t\t\t\t\t\t<\/div>\n\t\t\t\t<\/div>\n\t\t\t\t\t\t<\/div>\n\t\t\t\t\t<\/div>\n\t\t<\/div>\n\t\t\t\t\t\t\t\t<\/div>\n\t\t\t\t\t<\/div>\n\t\t<\/section>\n\t\t\t\t\t\t\t\t\t<\/div>\n\t\t\t<\/div>\n\t\t\t\t\t<\/div>\n\t\t","protected":false},"excerpt":{"rendered":"<p>Euroopa registreeritud toksikoloog (ERT) Euroopa toksikoloogide register (https:\/\/www.eurotox.com\/what-is-ert\/) asutati 1994.a. ning kuulub Euroopa Toksikoloogia Seltside \u00dchendie EUROTOX juurde. Registrisse kuuluvad toksikoloogid, kes on t\u00f5estanud oma p\u00e4devust toksikoloogia valdkonnas ja vastavad esitatud n\u00f5uetele (https:\/\/www.eurotox.com\/ert-requirements\/). Euroopa registrisse kuuluvad toksikoloogid kannavad nime Euroopa registreeritud toksikoloog (ERT). ERT-de erialast p\u00e4devust tunnustatakse \u00fcleeuroopaliselt ja \u00fclemaailmselt ning seet\u00f5ttu pakub registreering eelistusi &hellip;<\/p>\n<p class=\"read-more\"> <a class=\"\" href=\"https:\/\/ets.kbfi.ee\/et\/euroopa-registreeritud-toksikoloog-ert\/\"> <span class=\"screen-reader-text\">Euroopa registreeritud toksikoloog (ERT)<\/span> Read More &raquo;<\/a><\/p>\n","protected":false},"author":3,"featured_media":0,"parent":0,"menu_order":0,"comment_status":"closed","ping_status":"closed","template":"","meta":[],"_links":{"self":[{"href":"https:\/\/ets.kbfi.ee\/et\/wp-json\/wp\/v2\/pages\/2584"}],"collection":[{"href":"https:\/\/ets.kbfi.ee\/et\/wp-json\/wp\/v2\/pages"}],"about":[{"href":"https:\/\/ets.kbfi.ee\/et\/wp-json\/wp\/v2\/types\/page"}],"author":[{"embeddable":true,"href":"https:\/\/ets.kbfi.ee\/et\/wp-json\/wp\/v2\/users\/3"}],"replies":[{"embeddable":true,"href":"https:\/\/ets.kbfi.ee\/et\/wp-json\/wp\/v2\/comments?post=2584"}],"version-history":[{"count":5,"href":"https:\/\/ets.kbfi.ee\/et\/wp-json\/wp\/v2\/pages\/2584\/revisions"}],"predecessor-version":[{"id":2600,"href":"https:\/\/ets.kbfi.ee\/et\/wp-json\/wp\/v2\/pages\/2584\/revisions\/2600"}],"wp:attachment":[{"href":"https:\/\/ets.kbfi.ee\/et\/wp-json\/wp\/v2\/media?parent=2584"}],"curies":[{"name":"wp","href":"https:\/\/api.w.org\/{rel}","templated":true}]}}