{"id":369,"date":"2020-01-27T08:24:51","date_gmt":"2020-01-27T08:24:51","guid":{"rendered":"http:\/\/ets.konnaelu.ee\/?page_id=369"},"modified":"2026-03-23T08:33:55","modified_gmt":"2026-03-23T08:33:55","slug":"liikmed","status":"publish","type":"page","link":"https:\/\/ets.kbfi.ee\/et\/liikmed\/","title":{"rendered":"Liikmed"},"content":{"rendered":"\t\t<div data-elementor-type=\"wp-page\" data-elementor-id=\"369\" class=\"elementor elementor-369\">\n\t\t\t\t\t\t<div class=\"elementor-inner\">\n\t\t\t\t<div class=\"elementor-section-wrap\">\n\t\t\t\t\t\t\t\t\t<section class=\"elementor-section elementor-top-section elementor-element elementor-element-655937e8 elementor-section-full_width elementor-section-content-top elementor-section-height-default elementor-section-height-default\" data-id=\"655937e8\" data-element_type=\"section\" data-settings=\"{&quot;background_background&quot;:&quot;classic&quot;}\">\n\t\t\t\t\t\t<div class=\"elementor-container elementor-column-gap-no\">\n\t\t\t\t\t\t\t<div class=\"elementor-row\">\n\t\t\t\t\t<div class=\"elementor-column elementor-col-50 elementor-top-column elementor-element elementor-element-fb7d6f4 elementor-hidden-tablet elementor-hidden-phone\" data-id=\"fb7d6f4\" data-element_type=\"column\">\n\t\t\t<div class=\"elementor-column-wrap elementor-element-populated\">\n\t\t\t\t\t\t\t<div class=\"elementor-widget-wrap\">\n\t\t\t\t\t\t<div class=\"elementor-element elementor-element-ca4f4a1 elementor-hidden-tablet elementor-hidden-phone elementor-widget elementor-widget-wp-widget-nav_menu\" data-id=\"ca4f4a1\" data-element_type=\"widget\" data-widget_type=\"wp-widget-nav_menu.default\">\n\t\t\t\t<div class=\"elementor-widget-container\">\n\t\t\t<div class=\"menu-menuu-container\"><ul id=\"menu-menuu\" class=\"menu\"><li id=\"menu-item-1158\" class=\"menu-item menu-item-type-custom menu-item-object-custom menu-item-1158\"><a href=\"http:\/\/ets.kbfi.ee\">Uudised<\/a><\/li>\n<li id=\"menu-item-1936\" class=\"menu-item menu-item-type-post_type menu-item-object-page menu-item-1936\"><a href=\"https:\/\/ets.kbfi.ee\/et\/tegevus\/\">Tegevus<\/a><\/li>\n<li id=\"menu-item-388\" class=\"menu-item menu-item-type-post_type menu-item-object-page menu-item-388\"><a href=\"https:\/\/ets.kbfi.ee\/et\/ajalugu\/\">Ajalugu<\/a><\/li>\n<li id=\"menu-item-395\" class=\"menu-item menu-item-type-post_type menu-item-object-page menu-item-395\"><a href=\"https:\/\/ets.kbfi.ee\/et\/pohikiri\/\">P\u00f5hikiri<\/a><\/li>\n<li id=\"menu-item-391\" class=\"menu-item menu-item-type-post_type menu-item-object-page menu-item-391\"><a href=\"https:\/\/ets.kbfi.ee\/et\/liikmed\/\">Liikmed<\/a><\/li>\n<li id=\"menu-item-389\" class=\"menu-item menu-item-type-post_type menu-item-object-page menu-item-389\"><a href=\"https:\/\/ets.kbfi.ee\/et\/juhatus\/\">Juhatus<\/a><\/li>\n<li id=\"menu-item-1923\" class=\"menu-item menu-item-type-post_type menu-item-object-page menu-item-1923\"><a href=\"https:\/\/ets.kbfi.ee\/et\/astun-liikmeks\/\">Astun liikmeks<\/a><\/li>\n<li id=\"menu-item-394\" class=\"menu-item menu-item-type-post_type menu-item-object-page menu-item-394\"><a href=\"https:\/\/ets.kbfi.ee\/et\/marksonad\/\">M\u00e4rks\u00f5nad<\/a><\/li>\n<li id=\"menu-item-2199\" class=\"menu-item menu-item-type-post_type menu-item-object-page menu-item-2199\"><a href=\"https:\/\/ets.kbfi.ee\/et\/infokirjad\/\">Infokirjad<\/a><\/li>\n<li id=\"menu-item-2358\" class=\"menu-item menu-item-type-post_type menu-item-object-page menu-item-2358\"><a href=\"https:\/\/ets.kbfi.ee\/et\/eesti-teaduste-akadeemia-liige\/\">Eesti Teaduste Akadeemia liige<\/a><\/li>\n<li id=\"menu-item-1039\" class=\"menu-item menu-item-type-custom menu-item-object-custom menu-item-1039\"><a href=\"#colophon\">Kontakt<\/a><\/li>\n<li id=\"menu-item-2717\" class=\"menu-item menu-item-type-post_type menu-item-object-page menu-item-2717\"><a href=\"https:\/\/ets.kbfi.ee\/et\/oppematerjal-keskkonnatoksikoloogia-alused\/\">\u00d5ppematerjal Keskkonnatoksikoloogia alused<\/a><\/li>\n<\/ul><\/div>\t\t<\/div>\n\t\t\t\t<\/div>\n\t\t\t\t<div class=\"elementor-element elementor-element-7525dbc elementor-widget-divider--view-line elementor-widget elementor-widget-divider\" data-id=\"7525dbc\" data-element_type=\"widget\" data-widget_type=\"divider.default\">\n\t\t\t\t<div class=\"elementor-widget-container\">\n\t\t\t\t\t<div class=\"elementor-divider\">\n\t\t\t<span class=\"elementor-divider-separator\">\n\t\t\t\t\t\t<\/span>\n\t\t<\/div>\n\t\t\t\t<\/div>\n\t\t\t\t<\/div>\n\t\t\t\t<div class=\"elementor-element elementor-element-784a4e7 elementor-widget elementor-widget-text-editor\" data-id=\"784a4e7\" data-element_type=\"widget\" data-widget_type=\"text-editor.default\">\n\t\t\t\t<div class=\"elementor-widget-container\">\n\t\t\t\t\t\t\t\t<div class=\"elementor-text-editor elementor-clearfix\">\n\t\t\t\t<p><a href=\"http:\/\/ets.kbfi.ee\/mis-on-toksikoloogia\/\">Mis on toksikoloogia?<\/a><\/p>\t\t\t\t\t<\/div>\n\t\t\t\t\t\t<\/div>\n\t\t\t\t<\/div>\n\t\t\t\t<div class=\"elementor-element elementor-element-ec6dbf2 elementor-widget elementor-widget-text-editor\" data-id=\"ec6dbf2\" data-element_type=\"widget\" data-widget_type=\"text-editor.default\">\n\t\t\t\t<div class=\"elementor-widget-container\">\n\t\t\t\t\t\t\t\t<div class=\"elementor-text-editor elementor-clearfix\">\n\t\t\t\t<p><a href=\"http:\/\/ets.kbfi.ee\/Toksilistest-ainetest-ajakirjanduses\/\">Toksilistest ainetest ajakirjanduses<\/a><\/p>\t\t\t\t\t<\/div>\n\t\t\t\t\t\t<\/div>\n\t\t\t\t<\/div>\n\t\t\t\t<div class=\"elementor-element elementor-element-c45410e elementor-widget elementor-widget-text-editor\" data-id=\"c45410e\" data-element_type=\"widget\" data-widget_type=\"text-editor.default\">\n\t\t\t\t<div class=\"elementor-widget-container\">\n\t\t\t\t\t\t\t\t<div class=\"elementor-text-editor elementor-clearfix\">\n\t\t\t\t<p><a href=\"http:\/\/ipruul.planet.ee\/toksikoloogia\/doku.php\">\u00d5ppematerjal Keskkonna-toksikoloogia alused<\/a><\/p>\t\t\t\t\t<\/div>\n\t\t\t\t\t\t<\/div>\n\t\t\t\t<\/div>\n\t\t\t\t\t\t<\/div>\n\t\t\t\t\t<\/div>\n\t\t<\/div>\n\t\t\t\t<div class=\"elementor-column elementor-col-50 elementor-top-column elementor-element elementor-element-277d639e\" data-id=\"277d639e\" data-element_type=\"column\">\n\t\t\t<div class=\"elementor-column-wrap elementor-element-populated\">\n\t\t\t\t\t\t\t<div class=\"elementor-widget-wrap\">\n\t\t\t\t\t\t<div class=\"elementor-element elementor-element-fffe9df elementor-widget elementor-widget-heading\" data-id=\"fffe9df\" data-element_type=\"widget\" data-widget_type=\"heading.default\">\n\t\t\t\t<div class=\"elementor-widget-container\">\n\t\t\t<h3 class=\"elementor-heading-title elementor-size-default\">Liikmed<\/h3>\t\t<\/div>\n\t\t\t\t<\/div>\n\t\t\t\t<div class=\"elementor-element elementor-element-2c8d160 elementor-widget elementor-widget-text-editor\" data-id=\"2c8d160\" data-element_type=\"widget\" data-widget_type=\"text-editor.default\">\n\t\t\t\t<div class=\"elementor-widget-container\">\n\t\t\t\t\t\t\t\t<div class=\"elementor-text-editor elementor-clearfix\">\n\t\t\t\t<p>Eesti Toksikoloogia Seltsi liikmena saad olla osa toksikoloogide kogukonnast Eestis. Liikmetega jagame valdkondlikku informatsiooni kursuste, seminaride ja t\u00f6\u00f6v\u00f5imaluste kohta. Selts pakub liikmetele madalama tasuga osalemist <a href=\"https:\/\/www.eurotox.com\/annual-congress-awards\/\">EUROTOX<\/a>\u00a0konverentsidel ning v\u00e4ikese tasu eest osalemist seltsi \u00fcritustel. Liikmetel on v\u00f5imalus aktiivselt seltsi tegevuses kaasa l\u00fc\u00fca!<\/p>\t\t\t\t\t<\/div>\n\t\t\t\t\t\t<\/div>\n\t\t\t\t<\/div>\n\t\t\t\t<section class=\"elementor-section elementor-inner-section elementor-element elementor-element-1ef80977 elementor-section-full_width elementor-section-height-default elementor-section-height-default\" data-id=\"1ef80977\" data-element_type=\"section\">\n\t\t\t\t\t\t<div class=\"elementor-container elementor-column-gap-wide\">\n\t\t\t\t\t\t\t<div class=\"elementor-row\">\n\t\t\t\t\t<div class=\"elementor-column elementor-col-50 elementor-inner-column elementor-element elementor-element-ba8bc9c\" data-id=\"ba8bc9c\" data-element_type=\"column\">\n\t\t\t<div class=\"elementor-column-wrap elementor-element-populated\">\n\t\t\t\t\t\t\t<div class=\"elementor-widget-wrap\">\n\t\t\t\t\t\t<div class=\"elementor-element elementor-element-795f71c elementor-widget elementor-widget-image\" data-id=\"795f71c\" data-element_type=\"widget\" data-widget_type=\"image.default\">\n\t\t\t\t<div class=\"elementor-widget-container\">\n\t\t\t\t\t\t\t\t<div class=\"elementor-image\">\n\t\t\t\t\t\t\t\t\t\t\t\t<img width=\"1024\" height=\"680\" src=\"https:\/\/ets.kbfi.ee\/wp-content\/uploads\/2020\/02\/ETS-liikmed-2012-1024x680.jpg\" class=\"attachment-large size-large\" alt=\"\" loading=\"lazy\" srcset=\"https:\/\/ets.kbfi.ee\/wp-content\/uploads\/2020\/02\/ETS-liikmed-2012-1024x680.jpg 1024w, https:\/\/ets.kbfi.ee\/wp-content\/uploads\/2020\/02\/ETS-liikmed-2012-300x199.jpg 300w, https:\/\/ets.kbfi.ee\/wp-content\/uploads\/2020\/02\/ETS-liikmed-2012-768x510.jpg 768w, https:\/\/ets.kbfi.ee\/wp-content\/uploads\/2020\/02\/ETS-liikmed-2012-1536x1020.jpg 1536w, https:\/\/ets.kbfi.ee\/wp-content\/uploads\/2020\/02\/ETS-liikmed-2012.jpg 1575w\" sizes=\"(max-width: 1024px) 100vw, 1024px\" \/>\t\t\t\t\t\t\t\t\t\t\t\t\t\t<\/div>\n\t\t\t\t\t\t<\/div>\n\t\t\t\t<\/div>\n\t\t\t\t\t\t<\/div>\n\t\t\t\t\t<\/div>\n\t\t<\/div>\n\t\t\t\t<div class=\"elementor-column elementor-col-50 elementor-inner-column elementor-element elementor-element-22568e72\" data-id=\"22568e72\" data-element_type=\"column\">\n\t\t\t<div class=\"elementor-column-wrap elementor-element-populated\">\n\t\t\t\t\t\t\t<div class=\"elementor-widget-wrap\">\n\t\t\t\t\t\t<div class=\"elementor-element elementor-element-2ead3732 elementor-widget elementor-widget-text-editor\" data-id=\"2ead3732\" data-element_type=\"widget\" data-widget_type=\"text-editor.default\">\n\t\t\t\t<div class=\"elementor-widget-container\">\n\t\t\t\t\t\t\t\t<div class=\"elementor-text-editor elementor-clearfix\">\n\t\t\t\t<p>Eesti Toksikoloogia Seltsi liikmed 2012.a. aastakoosolekul Sakus.<\/p><p>Tagumine rida vasakult: J\u00fcri Siigur, Mari Pikk, Tiina Titma, Kaja Orup\u00f5ld, Meelika Koitj\u00e4rv, Rain Reiman,Tuuli K\u00e4\u00e4mbre, Mariliis Sihtm\u00e4e, Heiki Vija, Irina Blinova, Arvo Tuvikene<\/p><p>Keskmine rida vasakult: Imbi Kurvet, Laine Parts, Kai K\u00fcnnis, Olesja Bondarenko, Karin Hellat, Kaja Kasemets, Katre Juganson, Jelena Veressinina, Liina Kanarbik, Hubert Kahn, Meelika Koitj\u00e4rv<\/p><p>Esimene rida vasakult: Anne Kahru, Monika Mortimer, Villem Aruoja, Reet Pruul, Angela Ivask, Lee P\u00f5llumaa, Aleksandr K\u00e4kinen, Mailis Laht<\/p>\t\t\t\t\t<\/div>\n\t\t\t\t\t\t<\/div>\n\t\t\t\t<\/div>\n\t\t\t\t\t\t<\/div>\n\t\t\t\t\t<\/div>\n\t\t<\/div>\n\t\t\t\t\t\t\t\t<\/div>\n\t\t\t\t\t<\/div>\n\t\t<\/section>\n\t\t\t\t<section class=\"elementor-section elementor-inner-section elementor-element elementor-element-f1457c0 elementor-section-full_width elementor-section-content-top elementor-section-height-default elementor-section-height-default\" data-id=\"f1457c0\" data-element_type=\"section\">\n\t\t\t\t\t\t<div class=\"elementor-container elementor-column-gap-wide\">\n\t\t\t\t\t\t\t<div class=\"elementor-row\">\n\t\t\t\t\t<div class=\"elementor-column elementor-col-50 elementor-inner-column elementor-element elementor-element-29155ca\" data-id=\"29155ca\" data-element_type=\"column\">\n\t\t\t<div class=\"elementor-column-wrap elementor-element-populated\">\n\t\t\t\t\t\t\t<div class=\"elementor-widget-wrap\">\n\t\t\t\t\t\t<div class=\"elementor-element elementor-element-679d202 elementor-widget elementor-widget-heading\" data-id=\"679d202\" data-element_type=\"widget\" data-widget_type=\"heading.default\">\n\t\t\t\t<div class=\"elementor-widget-container\">\n\t\t\t<h3 class=\"elementor-heading-title elementor-size-default\">Info liikmetele<\/h3>\t\t<\/div>\n\t\t\t\t<\/div>\n\t\t\t\t<div class=\"elementor-element elementor-element-29029fa elementor-widget__width-initial elementor-widget elementor-widget-text-editor\" data-id=\"29029fa\" data-element_type=\"widget\" data-widget_type=\"text-editor.default\">\n\t\t\t\t<div class=\"elementor-widget-container\">\n\t\t\t\t\t\t\t\t<div class=\"elementor-text-editor elementor-clearfix\">\n\t\t\t\t<p><strong>\u2013<\/strong> Vastavalt ETS \u00fcldkoosoleku otsusele 2. juunist 2017 on alates 1. jaanuarist 2018\u00a0ETS aasta liikmemaks 15 EUR ning statsionaarsele \u00fcli\u00f5pilastele ja mittet\u00f6\u00f6tavatele pension\u00e4ridele 8 EUR.<\/p><ul type=\"disc\"><li>Ka liikmeks astumise tasu on alates 1. jaanuarist 2018 15 EUR ning statsionaarsetele \u00fcli\u00f5pilastele ja mittet\u00f6\u00f6tavatele pension\u00e4ridele 8 EUR.<\/li><\/ul><p>&#8211; Kuna seltsi peamine info liikumise kanal on e-mail, siis palume e-maili kontakti muutumisel seltsi sellest teavitada (p\u00f6\u00f6rduda kas <u><a href=\"mailto:angela.ivask@ut.ee\" target=\"_blank\" rel=\"noopener\">angela.ivask@ut.ee<\/a><\/u>\u00a0v\u00f5i\u00a0<u><a href=\"mailto:kaja.orupold@emu.ee\" target=\"_blank\" rel=\"noopener\">kaj<wbr \/>a.orupold@emu.ee<\/a><\/u>).<\/p><p>&#8211; Seltsiga liitumisel olete jaganud juhatusega oma isiklikku informatsiooni, mida hoiame privaatsena. Liikmete informatsioon on oluline efektiivseks suhtlemiseks, liikmemaksude seisu j\u00e4lgimiseks ning \u00fcrituste temaatiliseks planeerimiseks. Murede korral seoses informatsiooni s\u00e4ilitamisega palun kontakteeruge\u00a0<u><a href=\"mailto:angela.ivask@ut.ee\" target=\"_blank\" rel=\"noopener\">angela.ivask@ut.<wbr \/>ee<\/a><\/u>.\u00a0<\/p><p>Makse saaja: Eesti Toksikoloogia Selts<br \/>Pank: Swedbank<br \/>IBAN: EE42 2200 2210 1066 3766<br \/>Selgitus: ETS liikmeks astumine v\u00f5i ETS liikmemaks (aasta)<\/p>\t\t\t\t\t<\/div>\n\t\t\t\t\t\t<\/div>\n\t\t\t\t<\/div>\n\t\t\t\t\t\t<\/div>\n\t\t\t\t\t<\/div>\n\t\t<\/div>\n\t\t\t\t<div class=\"elementor-column elementor-col-50 elementor-inner-column elementor-element elementor-element-0013657\" data-id=\"0013657\" data-element_type=\"column\">\n\t\t\t<div class=\"elementor-column-wrap\">\n\t\t\t\t\t\t\t<div class=\"elementor-widget-wrap\">\n\t\t\t\t\t\t\t\t<\/div>\n\t\t\t\t\t<\/div>\n\t\t<\/div>\n\t\t\t\t\t\t\t\t<\/div>\n\t\t\t\t\t<\/div>\n\t\t<\/section>\n\t\t\t\t<section class=\"elementor-section elementor-inner-section elementor-element elementor-element-2fc1691 elementor-section-full_width elementor-section-content-top elementor-section-height-default elementor-section-height-default\" data-id=\"2fc1691\" data-element_type=\"section\">\n\t\t\t\t\t\t<div class=\"elementor-container elementor-column-gap-wide\">\n\t\t\t\t\t\t\t<div class=\"elementor-row\">\n\t\t\t\t\t<div class=\"elementor-column elementor-col-100 elementor-inner-column elementor-element elementor-element-cfb2616\" data-id=\"cfb2616\" data-element_type=\"column\">\n\t\t\t<div class=\"elementor-column-wrap elementor-element-populated\">\n\t\t\t\t\t\t\t<div class=\"elementor-widget-wrap\">\n\t\t\t\t\t\t<div class=\"elementor-element elementor-element-ce347c3 elementor-widget elementor-widget-menu-anchor\" data-id=\"ce347c3\" data-element_type=\"widget\" data-widget_type=\"menu-anchor.default\">\n\t\t\t\t<div class=\"elementor-widget-container\">\n\t\t\t\t\t<div id=\"join\" class=\"elementor-menu-anchor\"><\/div>\n\t\t\t\t<\/div>\n\t\t\t\t<\/div>\n\t\t\t\t\t\t<\/div>\n\t\t\t\t\t<\/div>\n\t\t<\/div>\n\t\t\t\t\t\t\t\t<\/div>\n\t\t\t\t\t<\/div>\n\t\t<\/section>\n\t\t\t\t\t\t<\/div>\n\t\t\t\t\t<\/div>\n\t\t<\/div>\n\t\t\t\t\t\t\t\t<\/div>\n\t\t\t\t\t<\/div>\n\t\t<\/section>\n\t\t\t\t\t\t\t\t\t<\/div>\n\t\t\t<\/div>\n\t\t\t\t\t<\/div>\n\t\t","protected":false},"excerpt":{"rendered":"<p>Mis on toksikoloogia? Toksilistest ainetest ajakirjanduses \u00d5ppematerjal Keskkonna-toksikoloogia alused Liikmed Eesti Toksikoloogia Seltsi liikmena saad olla osa toksikoloogide kogukonnast Eestis. Liikmetega jagame valdkondlikku informatsiooni kursuste, seminaride ja t\u00f6\u00f6v\u00f5imaluste kohta. Selts pakub liikmetele madalama tasuga osalemist EUROTOX\u00a0konverentsidel ning v\u00e4ikese tasu eest osalemist seltsi \u00fcritustel. Liikmetel on v\u00f5imalus aktiivselt seltsi tegevuses kaasa l\u00fc\u00fca! Eesti Toksikoloogia Seltsi liikmed &hellip;<\/p>\n<p class=\"read-more\"> <a class=\"\" href=\"https:\/\/ets.kbfi.ee\/et\/liikmed\/\"> <span class=\"screen-reader-text\">Liikmed<\/span> Read More &raquo;<\/a><\/p>\n","protected":false},"author":1,"featured_media":0,"parent":0,"menu_order":0,"comment_status":"closed","ping_status":"closed","template":"","meta":[],"_links":{"self":[{"href":"https:\/\/ets.kbfi.ee\/et\/wp-json\/wp\/v2\/pages\/369"}],"collection":[{"href":"https:\/\/ets.kbfi.ee\/et\/wp-json\/wp\/v2\/pages"}],"about":[{"href":"https:\/\/ets.kbfi.ee\/et\/wp-json\/wp\/v2\/types\/page"}],"author":[{"embeddable":true,"href":"https:\/\/ets.kbfi.ee\/et\/wp-json\/wp\/v2\/users\/1"}],"replies":[{"embeddable":true,"href":"https:\/\/ets.kbfi.ee\/et\/wp-json\/wp\/v2\/comments?post=369"}],"version-history":[{"count":5,"href":"https:\/\/ets.kbfi.ee\/et\/wp-json\/wp\/v2\/pages\/369\/revisions"}],"predecessor-version":[{"id":2795,"href":"https:\/\/ets.kbfi.ee\/et\/wp-json\/wp\/v2\/pages\/369\/revisions\/2795"}],"wp:attachment":[{"href":"https:\/\/ets.kbfi.ee\/et\/wp-json\/wp\/v2\/media?parent=369"}],"curies":[{"name":"wp","href":"https:\/\/api.w.org\/{rel}","templated":true}]}}